{"id":1532,"date":"2021-11-18T14:10:48","date_gmt":"2021-11-18T14:10:48","guid":{"rendered":"https:\/\/forevigtmin.com\/koebsoplysninger\/"},"modified":"2022-01-06T17:33:19","modified_gmt":"2022-01-06T17:33:19","slug":"koebsoplysninger","status":"publish","type":"page","link":"https:\/\/forevigtmin.com\/da\/koebsoplysninger\/","title":{"rendered":"K\u00f8bsoplysninger"},"content":{"rendered":"<p>[et_pb_section fb_built=&#8221;1&#8243; _builder_version=&#8221;4.13.1&#8243; _module_preset=&#8221;default&#8221; background_enable_color=&#8221;off&#8221; background_image=&#8221;https:\/\/forevigtmin.com\/wp-content\/uploads\/2021\/11\/Fo\u0308r-Evigt-Min-Bild-hemsida.jpg&#8221; custom_padding=&#8221;100px||100px||true|false&#8221; global_colors_info=&#8221;{}&#8221;][et_pb_row _builder_version=&#8221;4.13.1&#8243; _module_preset=&#8221;default&#8221; global_colors_info=&#8221;{}&#8221;][et_pb_column type=&#8221;4_4&#8243; _builder_version=&#8221;4.13.1&#8243; _module_preset=&#8221;default&#8221; global_colors_info=&#8221;{}&#8221;][et_pb_text _builder_version=&#8221;4.14.4&#8243; _module_preset=&#8221;default&#8221; header_text_align=&#8221;center&#8221; header_text_color=&#8221;#FFFFFF&#8221; header_font_size=&#8221;60px&#8221; hover_enabled=&#8221;0&#8243; global_colors_info=&#8221;{}&#8221; header_font_size_last_edited=&#8221;on|phone&#8221; sticky_enabled=&#8221;0&#8243; header_font_size_phone=&#8221;40px&#8221; header_font_size_tablet=&#8221;60px&#8221;]<\/p>\n<h1>K\u00f8bsoplysninger<\/h1>\n<p>[\/et_pb_text][\/et_pb_column][\/et_pb_row][\/et_pb_section][et_pb_section fb_built=&#8221;1&#8243; _builder_version=&#8221;4.13.1&#8243; _module_preset=&#8221;default&#8221; global_colors_info=&#8221;{}&#8221;][et_pb_row _builder_version=&#8221;4.13.1&#8243; _module_preset=&#8221;default&#8221; animation_style=&#8221;fade&#8221; global_colors_info=&#8221;{}&#8221;][et_pb_column type=&#8221;4_4&#8243; _builder_version=&#8221;4.13.1&#8243; _module_preset=&#8221;default&#8221; global_colors_info=&#8221;{}&#8221;][et_pb_text _builder_version=&#8221;4.13.1&#8243; _module_preset=&#8221;default&#8221; header_2_text_align=&#8221;center&#8221; header_2_font_size=&#8221;35px&#8221; global_colors_info=&#8221;{}&#8221;]<\/p>\n<h2>K\u00f8bsoplysninger<\/h2>\n<p>[\/et_pb_text][et_pb_divider divider_weight=&#8221;5px&#8221; _builder_version=&#8221;4.13.1&#8243; _module_preset=&#8221;default&#8221; width=&#8221;100px&#8221; module_alignment=&#8221;center&#8221; global_colors_info=&#8221;{}&#8221;][\/et_pb_divider][et_pb_text _builder_version=&#8221;4.13.1&#8243; _module_preset=&#8221;default&#8221; text_font_size=&#8221;16px&#8221; header_2_text_align=&#8221;center&#8221; header_2_font_size=&#8221;35px&#8221; global_colors_info=&#8221;{}&#8221;]<\/p>\n<p>Generelle vilk\u00e5r og betingelser for Forever My AB (herefter ben\u00e6vnt Forever My AB, organisationsnummer 559147-9737) produkter og tjenester.<\/p>\n<p><b>Generelt<\/b><\/p>\n<p>Bestillinger modtages via forevigtmin.se, men ogs\u00e5 via e-mail. For at du kan f\u00f8le dig sikker i dit k\u00f8b, er du altid velkommen til at kontakte vores kundeservice p\u00e5 <a href=\"mailto:support@forevigtmin.se\">support@forevigtmin.se<\/a> , hvis du har sp\u00f8rgsm\u00e5l til din ordre.<\/p>\n<p>Efter bestilling fra forevigtmin.se vil kommunikationen vedr\u00f8rende din ordre foreg\u00e5 via e-mail. Derfor er det vigtigt, at du indtaster en korrekt e-mailadresse.<\/p>\n<p>Forever my AB forbeholder sig retten til endelige salg, forsinkelser, tekniske problemer og forkerte vareoplysninger. Forever my AB forbeholder sig retten til at \u00e6ndre priser uden forudg\u00e5ende varsel. Derudover forbeholder vi os retten til at annullere en ordre, hvis der er s\u00e6rlige grunde.<\/p>\n<p>LifeLamp\u00ae er design- og formbeskyttet med fuld beskyttelse i 27 lande. Certifikatet er udstedt af European Union Intellectual Property Office. Du kan <a href=\"https:\/\/forevigtmin.com\/wp-content\/uploads\/2021\/11\/lifelamp.pdf\" target=\"_blank\" rel=\"noopener\">l\u00e6se mere om beskyttelsen her<\/a> (pdf).<\/p>\n<p><b>Kunderegistrering<\/b><\/p>\n<p>For at f\u00e5 adgang til vores webtjenester skal du f\u00f8rst registrere dig som bruger. Personlige oplysninger afgivet til Forever My AB h\u00e5ndteres med stor fortrolighed. Dine personlige oplysninger er beskyttede og vil aldrig blive videregivet til tredjeparter.<\/p>\n<p>N\u00e5r du har registreret dit brugernavn og din adgangskode, skal du acceptere vores generelle vilk\u00e5r og betingelser ved at klikke i boksen &#8220;Jeg accepterer vilk\u00e5r og garantier&#8221;. S\u00e5 kan du begynde at bruge vores tjenester.<\/p>\n<p>Som bruger skal du give Forever My AB din korrekte identitet, og du har ikke ret til at bruge webtjenesten anonymt eller under en forkert identitet. Hver bruger har desuden ret til kun at registrere sig som bruger \u00e9n gang.<\/p>\n<p>P\u00e5 &#8220;Min konto&#8221; kan du altid se dine personlige oplysninger. Der kan du ogs\u00e5 \u00e6ndre dine personlige oplysninger og v\u00e6lge, om du vil have tilbud eller ej. Midlertidig eller permanent adresse\u00e6ndring skal omg\u00e5ende \u00e6ndres p\u00e5 &#8220;Min konto&#8221; for at sikre levering uden forsinkelse. Adresse\u00e6ndring b\u00f8r altid foretages inden genbestilling for at sikre levering til den korrekte adresse.<\/p>\n<p><b>Priser og betaling<\/b><\/p>\n<p>For at kunne bestille hos Forever my AB skal du v\u00e6re fyldt 18 \u00e5r. I samarbejde med Klarna tilbyder vi fakturabetaling, delbetaling, kreditkortbetaling og direkte betaling.<\/p>\n<p>Vores fakturaer udsendes via e-mail i forbindelse med, at ordren sendes fra os. Fakturaen har en forfaldsdato p\u00e5 14 dage. Fakturaer til virksomheder sendes med posten til den angivne fakturaadresse og har 30 dages forfaldsdato. Mere information og fuldst\u00e6ndige vilk\u00e5r og betingelser om Klarnas betalingsmetoder kan findes p\u00e5 Klarna.se.<\/p>\n<p>Priserne p\u00e5 vores produkter er angivet i svenske kroner inklusive moms. moms er 25%. Vi forbeholder os retten til at \u00e6ndre priser uden forudg\u00e5ende varsel.<\/p>\n<p>Den pris, der var relevant ved bestilling, er det, der g\u00e6lder, uanset om prisen g\u00e5r op eller ned efterf\u00f8lgende.<\/p>\n<p>Ved kassen kan du se den samlede pris inklusive moms og eventuelle fragtomkostninger. Ved kassen finder du ogs\u00e5 komplette fragt- og betalingsbetingelser.<\/p>\n<p><b>Tilbudskoder<\/b><\/p>\n<p>Forever my AB tilbudskoder kan bruges til k\u00f8b via forevigtmin.se. Tilbudskoder kan ikke kombineres, medmindre andet er angivet. Forever my AB p\u00e5tager sig ikke ansvar for forkert brugt kode efter gennemf\u00f8relse af k\u00f8bet. Tilbud og rabatkoder i SMS-forsendelser, forsendelser via e-mail eller anden form for kommunikation, kan kun bruges p\u00e5 forevigtmin.se, \u00e9n gang pr. kunde og kan ikke kombineres med andre tilbud eller rabatter, medmindre andet er angivet. Eventuel forsendelse vil blive tilf\u00f8jet.<\/p>\n<p><b>Leverancer<\/b><\/p>\n<p>Vi fors\u00f8ger at behandle alle ordrer inden for 10 minutter efter ordreafgivelse og sender samme dag som ordren er afgivet. I enkelte tilf\u00e6lde kan bestillingen dog tage lidt l\u00e6ngere tid afh\u00e6ngig af uforudsete h\u00e6ndelser. Vi forbeholder os retten til at forsinke leveringer.<\/p>\n<p><b>Forsinkelse og dellevering<\/b><\/p>\n<p>Vi g\u00f8r vores bedste for at levere hurtigst muligt, men nogle gange kan der desv\u00e6rre opst\u00e5 forsinkelser. Vi garanterer derfor ikke levering f\u00f8r en bestemt dag og tager altid forbehold for forsinkelser. Hvis et produkt ikke kan leveres til tiden, sender vi dig en mail med information. Lider vi af forsinkelser, er det normalt ikke mange dage.<\/p>\n<p><b>Aflysning<\/b><\/p>\n<p>Da vi fors\u00f8ger at behandle alle indkommende ordrer inden for 10 minutter, kan det v\u00e6re, at dit produkt, du har bestilt, allerede er i produktion. Men hvis du gerne vil annullere din ordre, kan du sende en e-mail til os p\u00e5 <a href=\"mailto:support@forevigtmin.se\">support@forevigtmin.se<\/a> , s\u00e5 ser vi, hvad vi kan g\u00f8re.<\/p>\n<p><b>Fortrydelses- og returret<\/b><\/p>\n<p>Da LifeSign og andre kundeunikke produkter i vores sortiment er produceret som unikke, personlige billeder, har du ingen fortrydelses- eller fortrydelsesret p\u00e5 din ordre. Disse betingelser er underst\u00f8ttet af lov om fjernaftaler og aftaler uden for forretningssted (2005: 59) 4 \u00a7 1 p og forbrugerserviceloven (1985: 716) 42 \u00a7.<\/p>\n<p>For LifeLamps vedkommende er privatkunder omfattet af fjernaftaleloven og har 14 dages fortrydelsesret. Det betyder, at du som kunde har ret til at fortryde dit k\u00f8b inden for 14 dage efter, at du har modtaget varen. Returvarer skal v\u00e6re ubrugte og i original emballage. Ved udnyttelse af fortrydelsesretten\/\u00e5bent k\u00f8b er kunden ansvarlig for returfragten.<\/p>\n<p>For uafhentede breve eller pakker opkr\u00e6ver vi et gebyr p\u00e5 189 SEK for omkostninger til vores administration, forsendelse, returforsendelse og ekspedition. Uindl\u00f8ste pakker er ikke omfattet af fortrydelsesretten.<\/p>\n<p><b>Klage<\/b><\/p>\n<p>Da alle produkter i vores sortiment er produceret som unikke, personlige billeder, har du ingen fortrydelses- eller fortrydelsesret p\u00e5 din ordre, disse betingelser er underst\u00f8ttet af lov om fjernaftaler og aftaler uden for erhvervslokaler (2005: 59) 4 \u00a7 1 p. og forbrugerserviceloven (1985: 716) 42 \u00a7. Det er ikke muligt at sende din forsendelse til en anden adresse end den, der var angivet, da du bekr\u00e6ftede din ordre. Vi kan ikke \u00e6ndre adressen bagefter eller videresende pakken til en tredjepart eller til noget andet land.<\/p>\n<p>I tilf\u00e6lde af returnering refunderer vi returportoen til dig inden for 14 dage efter, at vi har modtaget meddelelsen om reklamation\/retur. Vi refunderer dig de udgifter, der er afholdt i forbindelse med returneringen, forudsat at omkostningerne er rimelige. For at udgifter kan refunderes, skal disse dokumenteres af dig som kunde gennem en kvittering eller tilsvarende dokumentation. Vi accepterer kun returnering af varer, der returneres i original emballage. Kontakt dog altid kundeservice, inden du returnerer noget, og de vil informere dig om, hvordan du g\u00e5r videre, og til hvilken adresse pakken skal sendes.<\/p>\n<p>Kun originale mangler er omfattet af reklamationsretten, reklamationsretten omfatter ikke mangler for\u00e5rsaget af normalt slid. Reklamation til Forever my AB skal frems\u00e6ttes inden for rimelig tid efter, at fejlen er opdaget, dog senest inden for tre \u00e5r. Forever my AB forbeholder sig retten til i f\u00f8rste omgang at afhj\u00e6lpe fejlen, i anden omgang genlevering af varerne og i sidste ende genk\u00f8b.<\/p>\n<p><b>Personlig information<\/b><\/p>\n<p>Det er vigtigt for os, at du som kunde f\u00f8ler dig tryg, n\u00e5r du handler hos os. <a href=\"https:\/\/forevigtmin.com\/da\/fortrolighedspolitik\/\">Her kan du l\u00e6se<\/a> om, hvordan vi h\u00e5ndterer og beskytter persondata.<\/p>\n<p><b>Upload og lagring af billeder i elektronisk form<\/b><\/p>\n<p>Billederne gemmes uden s\u00e6rligt gebyr i 90 dage, hvorefter billederne slettes. Billeder uploadet til forevigtmin.se kan ikke uploades til brugerens computer\/tablet\/mobiltelefon. Du skal selv gemme sikkerhedskopier af dine digitale billedfiler.<\/p>\n<p>Som bruger er du eneansvarlig for, at det uploadede billede ikke overtr\u00e6der lov, moral eller etik. Du er ogs\u00e5 ansvarlig for at sikre, at det uploadede billede ikke kr\u00e6nker nogens ophavsret eller andre rettigheder. Skulle du uploade et billede, der medf\u00f8rer, at erstatningsansvar rettes mod Forever My AB, skal du som bruger alene p\u00e5tage dig al retssag og erstatningsansvar.<\/p>\n<p>Forever my AB p\u00e5tager sig intet ansvar for materiale gemt p\u00e5 hjemmesiden. Du er ikke berettiget til erstatning, hvis gemt materiale p\u00e5 hjemmesiden g\u00e5r tabt eller beskadiges.<\/p>\n<p><b>Vilk\u00e5r for brug<\/b><\/p>\n<p>Forever my AB forbeholder sig retten til at foretage \u00e6ndringer i disse vilk\u00e5r. Hver gang du bruger vores service, forpligter du dig til at overholde de g\u00e6ldende vilk\u00e5r.<\/p>\n<p>[\/et_pb_text][\/et_pb_column][\/et_pb_row][\/et_pb_section]<\/p>\n","protected":false},"excerpt":{"rendered":"<p>K\u00f8bsoplysningerK\u00f8bsoplysningerGenerelle vilk\u00e5r og betingelser for Forever My AB (herefter ben\u00e6vnt Forever My AB, organisationsnummer 559147-9737) produkter og tjenester. Generelt Bestillinger modtages via forevigtmin.se, men ogs\u00e5 via e-mail. For at du kan f\u00f8le dig sikker i dit k\u00f8b, er du altid velkommen til at kontakte vores kundeservice p\u00e5 support@forevigtmin.se , hvis du har sp\u00f8rgsm\u00e5l til din [&hellip;]<\/p>\n","protected":false},"author":1,"featured_media":0,"parent":0,"menu_order":0,"comment_status":"closed","ping_status":"closed","template":"","meta":{"_et_pb_use_builder":"on","_et_pb_old_content":"","_et_gb_content_width":"","footnotes":""},"class_list":["post-1532","page","type-page","status-publish","hentry"],"_links":{"self":[{"href":"https:\/\/forevigtmin.com\/da\/wp-json\/wp\/v2\/pages\/1532","targetHints":{"allow":["GET"]}}],"collection":[{"href":"https:\/\/forevigtmin.com\/da\/wp-json\/wp\/v2\/pages"}],"about":[{"href":"https:\/\/forevigtmin.com\/da\/wp-json\/wp\/v2\/types\/page"}],"author":[{"embeddable":true,"href":"https:\/\/forevigtmin.com\/da\/wp-json\/wp\/v2\/users\/1"}],"replies":[{"embeddable":true,"href":"https:\/\/forevigtmin.com\/da\/wp-json\/wp\/v2\/comments?post=1532"}],"version-history":[{"count":10,"href":"https:\/\/forevigtmin.com\/da\/wp-json\/wp\/v2\/pages\/1532\/revisions"}],"predecessor-version":[{"id":5680,"href":"https:\/\/forevigtmin.com\/da\/wp-json\/wp\/v2\/pages\/1532\/revisions\/5680"}],"wp:attachment":[{"href":"https:\/\/forevigtmin.com\/da\/wp-json\/wp\/v2\/media?parent=1532"}],"curies":[{"name":"wp","href":"https:\/\/api.w.org\/{rel}","templated":true}]}}