{"id":1538,"date":"2021-11-18T14:10:58","date_gmt":"2021-11-18T14:10:58","guid":{"rendered":"https:\/\/forevigtmin.com\/vores-historie\/"},"modified":"2022-01-06T17:32:08","modified_gmt":"2022-01-06T17:32:08","slug":"vores-historie","status":"publish","type":"page","link":"https:\/\/forevigtmin.com\/da\/vores-historie\/","title":{"rendered":"vores historie"},"content":{"rendered":"<p>[et_pb_section fb_built=&#8221;1&#8243; _builder_version=&#8221;4.13.1&#8243; _module_preset=&#8221;default&#8221; background_enable_color=&#8221;off&#8221; background_image=&#8221;https:\/\/forevigtmin.com\/wp-content\/uploads\/2021\/11\/Fo\u0308r-Evigt-Min-Bild-hemsida.jpg&#8221; custom_padding=&#8221;100px||100px||true|false&#8221; global_colors_info=&#8221;{}&#8221;][et_pb_row _builder_version=&#8221;4.13.1&#8243; _module_preset=&#8221;default&#8221; global_colors_info=&#8221;{}&#8221;][et_pb_column type=&#8221;4_4&#8243; _builder_version=&#8221;4.13.1&#8243; _module_preset=&#8221;default&#8221; global_colors_info=&#8221;{}&#8221;][et_pb_text _builder_version=&#8221;4.14.4&#8243; _module_preset=&#8221;default&#8221; header_text_align=&#8221;center&#8221; header_text_color=&#8221;#FFFFFF&#8221; header_font_size=&#8221;60px&#8221; hover_enabled=&#8221;0&#8243; global_colors_info=&#8221;{}&#8221; header_font_size_last_edited=&#8221;on|phone&#8221; sticky_enabled=&#8221;0&#8243; header_font_size_phone=&#8221;40px&#8221; header_font_size_tablet=&#8221;60px&#8221;]<\/p>\n<h1>vores historie<\/h1>\n<p>[\/et_pb_text][\/et_pb_column][\/et_pb_row][\/et_pb_section][et_pb_section fb_built=&#8221;1&#8243; _builder_version=&#8221;4.13.1&#8243; _module_preset=&#8221;default&#8221; global_colors_info=&#8221;{}&#8221;][et_pb_row _builder_version=&#8221;4.13.1&#8243; _module_preset=&#8221;default&#8221; animation_style=&#8221;fade&#8221; global_colors_info=&#8221;{}&#8221;][et_pb_column type=&#8221;4_4&#8243; _builder_version=&#8221;4.13.1&#8243; _module_preset=&#8221;default&#8221; global_colors_info=&#8221;{}&#8221;][et_pb_text _builder_version=&#8221;4.13.1&#8243; _module_preset=&#8221;default&#8221; header_2_text_align=&#8221;center&#8221; header_2_text_color=&#8221;#555553&#8243; global_colors_info=&#8221;{}&#8221;]<\/p>\n<h2>H\u00e5ndlavede produkter, designet og fremstillet i Sverige<\/h2>\n<p>[\/et_pb_text][et_pb_divider divider_weight=&#8221;5px&#8221; _builder_version=&#8221;4.13.1&#8243; _module_preset=&#8221;default&#8221; width=&#8221;100px&#8221; module_alignment=&#8221;center&#8221; global_colors_info=&#8221;{}&#8221;][\/et_pb_divider][et_pb_text _builder_version=&#8221;4.13.1&#8243; _module_preset=&#8221;default&#8221; text_font_size=&#8221;16px&#8221; header_2_text_align=&#8221;center&#8221; header_2_text_color=&#8221;#555553&#8243; text_orientation=&#8221;center&#8221; global_colors_info=&#8221;{}&#8221;]<\/p>\n<p>Vi startede <em>min for evigt<\/em> som en hyldest til livet, da livet i mange tilf\u00e6lde ikke er s\u00e5 indlysende. Vi synes, du skal leve livet levende, for indtil videre har vi kun \u00e9n hver. Gennem dit k\u00f8b af et <em>evigt mineprodukt<\/em> bidrager du til udviklingen af organisationer, der arbejder for livet, s\u00e5 flere liv kan leves i live.<\/p>\n<p>Alle vores produkter er designet og fremstillet med en h\u00e5ndlavet proces i vores produktion i Eksund lige uden for Norrk\u00f6ping, Sverige.<\/p>\n<p>Se vores <a href=\"https:\/\/forevigtmin.com\/butik\/\">produkter<\/a> .<\/p>\n<p>[\/et_pb_text][\/et_pb_column][\/et_pb_row][et_pb_row _builder_version=&#8221;4.13.1&#8243; _module_preset=&#8221;default&#8221; custom_margin=&#8221;60px||||false|false&#8221; animation_style=&#8221;fade&#8221; global_colors_info=&#8221;{}&#8221;][et_pb_column type=&#8221;4_4&#8243; _builder_version=&#8221;4.13.1&#8243; _module_preset=&#8221;default&#8221; global_colors_info=&#8221;{}&#8221;][et_pb_text _builder_version=&#8221;4.13.1&#8243; _module_preset=&#8221;default&#8221; header_2_text_align=&#8221;center&#8221; header_2_text_color=&#8221;#555553&#8243; global_colors_info=&#8221;{}&#8221;]<\/p>\n<h2>vores historie<\/h2>\n<p>[\/et_pb_text][et_pb_divider divider_weight=&#8221;5px&#8221; _builder_version=&#8221;4.13.1&#8243; _module_preset=&#8221;default&#8221; width=&#8221;100px&#8221; module_alignment=&#8221;center&#8221; global_colors_info=&#8221;{}&#8221;][\/et_pb_divider][et_pb_text _builder_version=&#8221;4.13.1&#8243; _module_preset=&#8221;default&#8221; text_font_size=&#8221;16px&#8221; header_2_text_align=&#8221;center&#8221; header_2_text_color=&#8221;#555553&#8243; text_orientation=&#8221;center&#8221; global_colors_info=&#8221;{}&#8221;]Hej! Mit navn er Joel Andersson. Jeg er administrerende direkt\u00f8r og grundl\u00e6gger af denne virksomhed. Her er en kort historie om mig og os <em>for altid<\/em> .<\/p>\n<p>Det hele startede egentlig med en julegave til mine to b\u00f8rn i julen 2017 (jeg har to d\u00f8tre p\u00e5 5 og 8 \u00e5r). S\u00e5 er min egen f\u00f8lelse og hukommelse s\u00e5 st\u00e6rk fra den dag, jeg fik set og h\u00f8rt mine piger for f\u00f8rste gang. H\u00f8r deres hjerte og se, hvordan de bev\u00e6gede sig i mine b\u00f8rns mors mave. Jeg valgte at lave en &#8220;mavelampe&#8221; og et skilt med deres ultralyd p\u00e5, sammen med deres egen formst\u00f8bte fod. Pakkede dem ind i en julegave og lagde dem under juletr\u00e6et. Disse billeder skal v\u00e6re der for evigt! V\u00e6r den f\u00f8rste til at v\u00e6re p\u00e5 mine b\u00f8rn! S\u00e5 vendte jeg tilbage til mit s\u00e6dvanlige job som produktionstekniker i et meget sk\u00f8nt og sjovt firma med speciale i hj\u00e6lpemidler til handicappede, hvor jeg arbejdede i lidt mere end 10 \u00e5r. For hver dag der gik og pakkerne l\u00e5 under juletr\u00e6et derhjemme, voksede ideen om, at der var ret godt der, jamen m\u00e5ske skulle jeg tage skridtet og finde p\u00e5 noget ud af det her. Der bliver jo f\u00f8dt et par b\u00f8rn hvert \u00e5r, og der bliver ogs\u00e5 lavet en del ultralyd! Alle skal have chancen for at forevige deres f\u00f8rste billeder af b\u00f8rnene! De falmer eller bliver fors\u00f8mt i enhver bev\u00e6gelse ellers m\u00e5 det ikke ske! Jeg t\u00e6nkte et par timer og tog telefonen, ringede til tre af mine bedste og n\u00e6rmeste venner med vidt forskellige baggrunde og viden. Vi sammens\u00e6tter en konstellation p\u00e5 4 personer, som jeg stolt og lige tilbage kan st\u00e5 og sige, at jeg ikke tror, man kan finde mange steder. Produkterne blev bedre og bedre og blev f\u00e6rdigudviklede \u00e9n efter \u00e9n.<\/p>\n<p>Ideerne var mange og en diskussion om psykisk sygdom, selvmord, b\u00f8rn der ikke har de rette vilk\u00e5r, b\u00f8rnekr\u00e6ft. Ja listen kan g\u00f8res lang, men der blev f\u00f8dt navnet og ideen bag at donere penge, ingen kan g\u00f8re alt, men alle kan g\u00f8re noget, seks m\u00e5neder senere var vi klar til at vise vores id\u00e9 og skabelse &#8220;For evigt min&#8221; frem!<\/p>\n<p>Id\u00e9erne er stadig mange og produkterne bliver flere, s\u00e5 f\u00f8lg os gerne p\u00e5 vores sociale medier og del vores gode budskab og produkter. Vi har ogs\u00e5 en afdeling for fotografer; <a href=\"#\">studio.forevigtmin.se<\/a><\/p>\n<p>H\u00e5ber livet spiller derude og at du finder noget der passer til dig! Tak, fordi du g\u00f8r det muligt for mig at st\u00f8tte vigtige organisationer for evigt gennem dit k\u00f8b hos os.<\/p>\n<p>Med venlig hilsen<br \/>\nJoel Andersson CEO og grundl\u00e6gger[\/et_pb_text][\/et_pb_column][\/et_pb_row][et_pb_row _builder_version=&#8221;4.13.1&#8243; _module_preset=&#8221;default&#8221; custom_margin=&#8221;40px||||false|false&#8221; animation_style=&#8221;slide&#8221; animation_intensity_slide=&#8221;5%&#8221; global_colors_info=&#8221;{}&#8221;][et_pb_column type=&#8221;4_4&#8243; _builder_version=&#8221;4.13.1&#8243; _module_preset=&#8221;default&#8221; global_colors_info=&#8221;{}&#8221;][et_pb_image src=&#8221;https:\/\/forevigtmin.com\/wp-content\/uploads\/2021\/11\/var-historia.png&#8221; title_text=&#8221;var historie&#8221; _builder_version=&#8221;4.13.1&#8243; _module_preset=&#8221;default&#8221; global_colors_info=&#8221;{}&#8221;][\/et_pb_image][\/et_pb_column][\/et_pb_row][et_pb_row _builder_version=&#8221;4.13.1&#8243; _module_preset=&#8221;default&#8221; custom_margin=&#8221;60px||||false|false&#8221; animation_style=&#8221;fade&#8221; global_colors_info=&#8221;{}&#8221;][et_pb_column type=&#8221;4_4&#8243; _builder_version=&#8221;4.13.1&#8243; _module_preset=&#8221;default&#8221; global_colors_info=&#8221;{}&#8221;][et_pb_text _builder_version=&#8221;4.13.1&#8243; _module_preset=&#8221;default&#8221; header_2_text_align=&#8221;center&#8221; header_2_text_color=&#8221;#555553&#8243; global_colors_info=&#8221;{}&#8221;]<\/p>\n<h2>Hj\u00e6lpeorganisationer<\/h2>\n<p>[\/et_pb_text][et_pb_divider divider_weight=&#8221;5px&#8221; _builder_version=&#8221;4.13.1&#8243; _module_preset=&#8221;default&#8221; width=&#8221;100px&#8221; module_alignment=&#8221;center&#8221; global_colors_info=&#8221;{}&#8221;][\/et_pb_divider][et_pb_text _builder_version=&#8221;4.13.1&#8243; _module_preset=&#8221;default&#8221; text_font_size=&#8221;16px&#8221; header_2_text_align=&#8221;center&#8221; header_2_text_color=&#8221;#555553&#8243; text_orientation=&#8221;center&#8221; global_colors_info=&#8221;{}&#8221;]<\/p>\n<p>Hvorfor v\u00e6lge at donere penge l\u00f8bende og konstant? Fordi vi tror p\u00e5 en bedre fremtid. Og hvis vi kan v\u00e6re med til at g\u00f8re det lidt bedre, g\u00f8r vi det gerne. Vi har udvalgt nogle hj\u00e6lpeorganisationer, vi tror p\u00e5, men har du lyst til at donere din andel til en s\u00e6rlig organisation, som vi ikke har opf\u00f8rt, er det godt at skrive organisationens navn i friteksten.<\/p>\n<p>Ingen kan g\u00f8re alt, men alle kan g\u00f8re noget.<\/p>\n<p>[\/et_pb_text][\/et_pb_column][\/et_pb_row][et_pb_row _builder_version=&#8221;4.13.1&#8243; _module_preset=&#8221;default&#8221; custom_margin=&#8221;60px||60px||true|false&#8221; animation_style=&#8221;fade&#8221; global_colors_info=&#8221;{}&#8221;][et_pb_column type=&#8221;4_4&#8243; _builder_version=&#8221;4.13.1&#8243; _module_preset=&#8221;default&#8221; global_colors_info=&#8221;{}&#8221;][et_pb_text _builder_version=&#8221;4.13.1&#8243; _module_preset=&#8221;default&#8221; header_2_text_align=&#8221;center&#8221; header_2_text_color=&#8221;#555553&#8243; global_colors_info=&#8221;{}&#8221;]<\/p>\n<h2>Forretningskoncept og vision<\/h2>\n<p>[\/et_pb_text][et_pb_divider divider_weight=&#8221;5px&#8221; _builder_version=&#8221;4.13.1&#8243; _module_preset=&#8221;default&#8221; width=&#8221;100px&#8221; module_alignment=&#8221;center&#8221; global_colors_info=&#8221;{}&#8221;][\/et_pb_divider][et_pb_text _builder_version=&#8221;4.13.1&#8243; _module_preset=&#8221;default&#8221; text_font_size=&#8221;16px&#8221; header_2_text_align=&#8221;center&#8221; header_2_text_color=&#8221;#555553&#8243; text_orientation=&#8221;center&#8221; global_colors_info=&#8221;{}&#8221;]<\/p>\n<p>Vi er ydmyge overfor livet, og vi er glade for, at vi fik chancen for at dele vores produkter med omverdenen. Men vores produkter vil ikke v\u00e6re komplette uden dig. Det er dit bidrag, for eksempel til LifeSign, der g\u00f8r det komplet. Det er dig, der bestemmer, hvordan dit produkt skal se ud gennem dine egne billeder.<\/p>\n<p>Alle vores produkter er h\u00e5ndlavede lokalt med samme n\u00f8jagtighed og k\u00e6rlighed. Vi skal have korte beslutningsveje, hurtige leveringer og vi skal v\u00e6re i verdensklasse i kundeservice.<\/p>\n<p>Vi h\u00e5ber du f\u00e5r en god oplevelse gennem dine k\u00f8b hos os.<\/p>\n<p>[\/et_pb_text][\/et_pb_column][\/et_pb_row][\/et_pb_section]<\/p>\n","protected":false},"excerpt":{"rendered":"<p>vores historieH\u00e5ndlavede produkter, designet og fremstillet i SverigeVi startede min for evigt som en hyldest til livet, da livet i mange tilf\u00e6lde ikke er s\u00e5 indlysende. Vi synes, du skal leve livet levende, for indtil videre har vi kun \u00e9n hver. Gennem dit k\u00f8b af et evigt mineprodukt bidrager du til udviklingen af organisationer, der [&hellip;]<\/p>\n","protected":false},"author":1,"featured_media":0,"parent":0,"menu_order":0,"comment_status":"closed","ping_status":"closed","template":"","meta":{"_et_pb_use_builder":"on","_et_pb_old_content":"","_et_gb_content_width":"","footnotes":""},"class_list":["post-1538","page","type-page","status-publish","hentry"],"_links":{"self":[{"href":"https:\/\/forevigtmin.com\/da\/wp-json\/wp\/v2\/pages\/1538","targetHints":{"allow":["GET"]}}],"collection":[{"href":"https:\/\/forevigtmin.com\/da\/wp-json\/wp\/v2\/pages"}],"about":[{"href":"https:\/\/forevigtmin.com\/da\/wp-json\/wp\/v2\/types\/page"}],"author":[{"embeddable":true,"href":"https:\/\/forevigtmin.com\/da\/wp-json\/wp\/v2\/users\/1"}],"replies":[{"embeddable":true,"href":"https:\/\/forevigtmin.com\/da\/wp-json\/wp\/v2\/comments?post=1538"}],"version-history":[{"count":5,"href":"https:\/\/forevigtmin.com\/da\/wp-json\/wp\/v2\/pages\/1538\/revisions"}],"predecessor-version":[{"id":5658,"href":"https:\/\/forevigtmin.com\/da\/wp-json\/wp\/v2\/pages\/1538\/revisions\/5658"}],"wp:attachment":[{"href":"https:\/\/forevigtmin.com\/da\/wp-json\/wp\/v2\/media?parent=1538"}],"curies":[{"name":"wp","href":"https:\/\/api.w.org\/{rel}","templated":true}]}}