{"id":1554,"date":"2021-11-18T14:11:28","date_gmt":"2021-11-18T14:11:28","guid":{"rendered":"https:\/\/forevigtmin.com\/saa-simpelt-som-det\/"},"modified":"2022-01-19T14:12:20","modified_gmt":"2022-01-19T14:12:20","slug":"saa-simpelt-som-det","status":"publish","type":"page","link":"https:\/\/forevigtmin.com\/da\/saa-simpelt-som-det\/","title":{"rendered":"S\u00e5 simpelt som det"},"content":{"rendered":"<p>[et_pb_section fb_built=&#8221;1&#8243; _builder_version=&#8221;4.13.1&#8243; _module_preset=&#8221;default&#8221; background_enable_color=&#8221;off&#8221; background_image=&#8221;https:\/\/forevigtmin.com\/wp-content\/uploads\/2021\/11\/Fo\u0308r-Evigt-Min-Bild-hemsida.jpg&#8221; custom_padding=&#8221;100px||100px||true|false&#8221; global_colors_info=&#8221;{}&#8221;][et_pb_row _builder_version=&#8221;4.13.1&#8243; _module_preset=&#8221;default&#8221; global_colors_info=&#8221;{}&#8221;][et_pb_column type=&#8221;4_4&#8243; _builder_version=&#8221;4.13.1&#8243; _module_preset=&#8221;default&#8221; global_colors_info=&#8221;{}&#8221;][et_pb_text _builder_version=&#8221;4.14.4&#8243; _module_preset=&#8221;default&#8221; header_text_align=&#8221;center&#8221; header_text_color=&#8221;#FFFFFF&#8221; header_font_size=&#8221;60px&#8221; header_font_size_tablet=&#8221;60px&#8221; header_font_size_phone=&#8221;40px&#8221; header_font_size_last_edited=&#8221;on|phone&#8221; global_colors_info=&#8221;{}&#8221;]<\/p>\n<h1>S\u00e5 simpelt som det<\/h1>\n<p>[\/et_pb_text][\/et_pb_column][\/et_pb_row][\/et_pb_section][et_pb_section fb_built=&#8221;1&#8243; _builder_version=&#8221;4.11.2&#8243; _module_preset=&#8221;default&#8221; global_colors_info=&#8221;{}&#8221;][et_pb_row _builder_version=&#8221;4.11.2&#8243; _module_preset=&#8221;default&#8221; global_colors_info=&#8221;{}&#8221;][et_pb_column type=&#8221;4_4&#8243; _builder_version=&#8221;4.11.2&#8243; _module_preset=&#8221;default&#8221; global_colors_info=&#8221;{}&#8221;][et_pb_text _builder_version=&#8221;4.14.6&#8243; _module_preset=&#8221;default&#8221; header_5_font=&#8221;||||||||&#8221; header_6_font=&#8221;Circular STD Bold|||||on|||&#8221; header_6_text_align=&#8221;center&#8221; header_6_text_color=&#8221;#f4c7c1&#8243; header_6_letter_spacing=&#8221;3px&#8221; animation_style=&#8221;fade&#8221; global_colors_info=&#8221;{}&#8221;]<\/p>\n<h6>FEM x LIV<\/h6>\n<p>[\/et_pb_text][et_pb_text _builder_version=&#8221;4.13.1&#8243; _module_preset=&#8221;default&#8221; header_font=&#8221;||||||||&#8221; header_text_align=&#8221;center&#8221; header_text_color=&#8221;#555553&#8243; header_font_size=&#8221;70px&#8221; header_2_text_align=&#8221;center&#8221; header_2_text_color=&#8221;#f4c7c1&#8243; header_2_font_size=&#8221;40px&#8221; max_width=&#8221;700px&#8221; module_alignment=&#8221;center&#8221; custom_margin=&#8221;||0px||false|false&#8221; animation_style=&#8221;zoom&#8221; animation_intensity_zoom=&#8221;5%&#8221; header_font_size_tablet=&#8221;&#8221; header_font_size_phone=&#8221;40px&#8221; header_font_size_last_edited=&#8221;on|phone&#8221; global_colors_info=&#8221;{}&#8221;]<\/p>\n<h2>Tag et billede af dit ultralydsbillede<\/h2>\n<p>[\/et_pb_text][et_pb_text _builder_version=&#8221;4.13.1&#8243; _module_preset=&#8221;default&#8221; text_font=&#8221;||||||||&#8221; text_text_color=&#8221;#555553&#8243; text_font_size=&#8221;20px&#8221; text_line_height=&#8221;1.4em&#8221; text_orientation=&#8221;center&#8221; max_width=&#8221;800px&#8221; module_alignment=&#8221;center&#8221; animation_style=&#8221;fade&#8221; global_colors_info=&#8221;{}&#8221;]<\/p>\n<p>S\u00e6t dit ultralydsbillede p\u00e5 v\u00e6ggen i et lyst rum med et lille stykke tape. Tag et billede af ultralyden lige forfra. Tag billeder uden blitz og pr\u00f8v at inkludere s\u00e5 lidt glitter som muligt i billedet. Husk at inkludere hele billedet. Bedre at du f\u00e5r noget information omkring ultralydsbilledet. Vi klipper det fra under redigeringen s\u00e5, s\u00e5 det bliver helt sort.<\/p>\n<p>[\/et_pb_text][et_pb_text _builder_version=&#8221;4.13.1&#8243; _module_preset=&#8221;default&#8221; header_font=&#8221;||||||||&#8221; header_text_align=&#8221;center&#8221; header_text_color=&#8221;#555553&#8243; header_font_size=&#8221;70px&#8221; header_2_text_align=&#8221;center&#8221; header_2_text_color=&#8221;#f4c7c1&#8243; header_2_font_size=&#8221;40px&#8221; max_width=&#8221;700px&#8221; module_alignment=&#8221;center&#8221; custom_margin=&#8221;||0px||false|false&#8221; animation_style=&#8221;zoom&#8221; animation_intensity_zoom=&#8221;5%&#8221; header_font_size_tablet=&#8221;&#8221; header_font_size_phone=&#8221;40px&#8221; header_font_size_last_edited=&#8221;on|phone&#8221; global_colors_info=&#8221;{}&#8221;]<\/p>\n<h2>2. Upload dit billede<\/h2>\n<p>[\/et_pb_text][et_pb_text _builder_version=&#8221;4.13.1&#8243; _module_preset=&#8221;default&#8221; text_font=&#8221;||||||||&#8221; text_text_color=&#8221;#555553&#8243; text_font_size=&#8221;20px&#8221; text_line_height=&#8221;1.4em&#8221; text_orientation=&#8221;center&#8221; max_width=&#8221;800px&#8221; module_alignment=&#8221;center&#8221; animation_style=&#8221;fade&#8221; global_colors_info=&#8221;{}&#8221;]<\/p>\n<p>G\u00e5 til &#8220;Vores produkter&#8221; og v\u00e6lg det produkt du \u00f8nsker at k\u00f8be. Vel fremme p\u00e5 produktsiden v\u00e6lger du stenforing, st\u00f8rrelse p\u00e5 foto og med eller uden belysning. Baseret p\u00e5 dine valg vil prisen blive justeret. Tryk derefter p\u00e5 &#8220;Upload billede&#8221; og v\u00e6lg dit billede. N\u00e5r billedet er uploadet korrekt, vil du se et lille thumbnail-billede af det billede, du har valgt at uploade. Hvis du vil \u00e6ndre billedet, skal du blot klikke p\u00e5 &#8220;Upload billede&#8221; igen og s\u00e5 v\u00e6lge det billede, du \u00f8nsker i stedet.<\/p>\n<p>[\/et_pb_text][et_pb_text _builder_version=&#8221;4.13.1&#8243; _module_preset=&#8221;default&#8221; header_font=&#8221;||||||||&#8221; header_text_align=&#8221;center&#8221; header_text_color=&#8221;#555553&#8243; header_font_size=&#8221;70px&#8221; header_2_text_align=&#8221;center&#8221; header_2_text_color=&#8221;#f4c7c1&#8243; header_2_font_size=&#8221;40px&#8221; max_width=&#8221;700px&#8221; module_alignment=&#8221;center&#8221; custom_margin=&#8221;||0px||false|false&#8221; animation_style=&#8221;zoom&#8221; animation_intensity_zoom=&#8221;5%&#8221; header_font_size_tablet=&#8221;&#8221; header_font_size_phone=&#8221;40px&#8221; header_font_size_last_edited=&#8221;on|phone&#8221; global_colors_info=&#8221;{}&#8221;]<\/p>\n<h2>3. Efterbehandling af billede hos os<\/h2>\n<p>[\/et_pb_text][et_pb_text _builder_version=&#8221;4.13.1&#8243; _module_preset=&#8221;default&#8221; text_font=&#8221;||||||||&#8221; text_text_color=&#8221;#555553&#8243; text_font_size=&#8221;20px&#8221; text_line_height=&#8221;1.4em&#8221; text_orientation=&#8221;center&#8221; max_width=&#8221;800px&#8221; module_alignment=&#8221;center&#8221; animation_style=&#8221;fade&#8221; global_colors_info=&#8221;{}&#8221;]<\/p>\n<p>Hvis du er usikker p\u00e5, at billedet ikke blev godt, beh\u00f8ver du ikke bekymre dig! Vi unders\u00f8ger altid alle billeder n\u00f8je inden produktion. Hvis det er tilf\u00e6ldet, vender vi tilbage til dig, hvis noget ikke ser rigtigt ud. Sammen skaber vi gode minder, som I kan holde for evigt.<\/p>\n<p>[\/et_pb_text][et_pb_code _builder_version=&#8221;4.13.1&#8243; _module_preset=&#8221;default&#8221; text_orientation=&#8221;center&#8221; custom_margin=&#8221;80px||||false|false&#8221; custom_padding=&#8221;||||true|false&#8221; animation_style=&#8221;fade&#8221; animation_delay=&#8221;250ms&#8221; global_colors_info=&#8221;{}&#8221;]<a href=\"https:\/\/forevigtmin.com\/butik\"><button style=\"padding: 30px 60px; background-color: #f7d2cc; border: none; border-radius: 50px; font-size: 20px; color: #555553; cursor: pointer\"><!-- [et_pb_line_break_holder] -->  <b style=\"font-family: 'Circular STD Bold';\">Udforsk<\/b> <span style=\"font-family: 'Millerbanner Italic';\">produkter<\/span><!-- [et_pb_line_break_holder] --><\/button><!-- [et_pb_line_break_holder] --><\/a>[\/et_pb_code][\/et_pb_column][\/et_pb_row][\/et_pb_section]<\/p>\n","protected":false},"excerpt":{"rendered":"<p>S\u00e5 simpelt som detFEM x LIVTag et billede af dit ultralydsbilledeS\u00e6t dit ultralydsbillede p\u00e5 v\u00e6ggen i et lyst rum med et lille stykke tape. Tag et billede af ultralyden lige forfra. Tag billeder uden blitz og pr\u00f8v at inkludere s\u00e5 lidt glitter som muligt i billedet. Husk at inkludere hele billedet. Bedre at du f\u00e5r [&hellip;]<\/p>\n","protected":false},"author":1,"featured_media":0,"parent":0,"menu_order":0,"comment_status":"closed","ping_status":"closed","template":"","meta":{"_et_pb_use_builder":"on","_et_pb_old_content":"","_et_gb_content_width":"","footnotes":""},"class_list":["post-1554","page","type-page","status-publish","hentry"],"_links":{"self":[{"href":"https:\/\/forevigtmin.com\/da\/wp-json\/wp\/v2\/pages\/1554","targetHints":{"allow":["GET"]}}],"collection":[{"href":"https:\/\/forevigtmin.com\/da\/wp-json\/wp\/v2\/pages"}],"about":[{"href":"https:\/\/forevigtmin.com\/da\/wp-json\/wp\/v2\/types\/page"}],"author":[{"embeddable":true,"href":"https:\/\/forevigtmin.com\/da\/wp-json\/wp\/v2\/users\/1"}],"replies":[{"embeddable":true,"href":"https:\/\/forevigtmin.com\/da\/wp-json\/wp\/v2\/comments?post=1554"}],"version-history":[{"count":18,"href":"https:\/\/forevigtmin.com\/da\/wp-json\/wp\/v2\/pages\/1554\/revisions"}],"predecessor-version":[{"id":6304,"href":"https:\/\/forevigtmin.com\/da\/wp-json\/wp\/v2\/pages\/1554\/revisions\/6304"}],"wp:attachment":[{"href":"https:\/\/forevigtmin.com\/da\/wp-json\/wp\/v2\/media?parent=1554"}],"curies":[{"name":"wp","href":"https:\/\/api.w.org\/{rel}","templated":true}]}}