{"id":1594,"date":"2021-11-18T14:11:37","date_gmt":"2021-11-18T14:11:37","guid":{"rendered":"https:\/\/forevigtmin.com\/fortrolighedspolitik\/"},"modified":"2022-01-06T17:33:37","modified_gmt":"2022-01-06T17:33:37","slug":"fortrolighedspolitik","status":"publish","type":"page","link":"https:\/\/forevigtmin.com\/da\/fortrolighedspolitik\/","title":{"rendered":"Fortrolighedspolitik"},"content":{"rendered":"<p>[et_pb_section fb_built=&#8221;1&#8243; _builder_version=&#8221;4.13.1&#8243; _module_preset=&#8221;default&#8221; background_enable_color=&#8221;off&#8221; background_image=&#8221;https:\/\/forevigtmin.com\/wp-content\/uploads\/2021\/11\/Fo\u0308r-Evigt-Min-Bild-hemsida.jpg&#8221; custom_padding=&#8221;100px||100px||true|false&#8221; global_colors_info=&#8221;{}&#8221;][et_pb_row _builder_version=&#8221;4.13.1&#8243; _module_preset=&#8221;default&#8221; global_colors_info=&#8221;{}&#8221;][et_pb_column type=&#8221;4_4&#8243; _builder_version=&#8221;4.13.1&#8243; _module_preset=&#8221;default&#8221; global_colors_info=&#8221;{}&#8221;][et_pb_text _builder_version=&#8221;4.14.4&#8243; _module_preset=&#8221;default&#8221; header_text_align=&#8221;center&#8221; header_text_color=&#8221;#FFFFFF&#8221; header_font_size=&#8221;60px&#8221; hover_enabled=&#8221;0&#8243; global_colors_info=&#8221;{}&#8221; header_font_size_last_edited=&#8221;on|phone&#8221; sticky_enabled=&#8221;0&#8243; header_font_size_phone=&#8221;40px&#8221; header_font_size_tablet=&#8221;60px&#8221;]<\/p>\n<h1>Fortrolighedspolitik<\/h1>\n<p>[\/et_pb_text][\/et_pb_column][\/et_pb_row][\/et_pb_section][et_pb_section fb_built=&#8221;1&#8243; admin_label=&#8221;section&#8221; _builder_version=&#8221;3.22&#8243; global_colors_info=&#8221;{}&#8221;][et_pb_row admin_label=&#8221;r\u00e6kke&#8221; _builder_version=&#8221;4.13.1&#8243; background_size=&#8221;initial&#8221; background_position=&#8221;top_left&#8221; background_repeat=&#8221;repeat&#8221; animation_style=&#8221;fade&#8221; global_colors_info=&#8221;{}&#8221;][et_pb_column type=&#8221;4_4&#8243; _builder_version=&#8221;3.25&#8243; custom_padding=&#8221;|||&#8221; global_colors_info=&#8221;{}&#8221; custom_padding__hover=&#8221;|||&#8221;][et_pb_text _builder_version=&#8221;4.13.1&#8243; _module_preset=&#8221;default&#8221; header_2_text_align=&#8221;center&#8221; header_2_font_size=&#8221;35px&#8221; global_colors_info=&#8221;{}&#8221;]<\/p>\n<h2>Fortrolighedspolitik<\/h2>\n<p>[\/et_pb_text][et_pb_divider divider_weight=&#8221;5px&#8221; _builder_version=&#8221;4.13.1&#8243; _module_preset=&#8221;default&#8221; width=&#8221;100px&#8221; module_alignment=&#8221;center&#8221; global_colors_info=&#8221;{}&#8221;][\/et_pb_divider][et_pb_text _builder_version=&#8221;4.13.1&#8243; _module_preset=&#8221;default&#8221; text_font_size=&#8221;16px&#8221; header_2_text_align=&#8221;center&#8221; header_2_font_size=&#8221;35px&#8221; global_colors_info=&#8221;{}&#8221;]Forever my AB er forpligtet til at beskytte dine personlige data og mener, at det er vigtigt, at dette g\u00f8res seri\u00f8st. Derfor oplyser vi i denne tekst, hvad vi indsamler, og hvordan dataene behandles.<\/p>\n<p>&nbsp;<\/p>\n<p><b>Hvilke oplysninger indsamler vi?<br \/>\n<\/b>Vi indsamler oplysninger, som du giver os via kontaktformularen og derefter de oplysninger, du v\u00e6lger at udfylde eller kr\u00e6ves for at kunne yde dig service eller den vare\/tjeneste, du har bestilt. N\u00e5r du bruger vores hjemmeside, lagres visse data p\u00e5 vores server. Disse oplysninger kan best\u00e5 af din IP-adresse, din browser du bruger, hvilke udg\u00e5ende links du klikker p\u00e5, den hjemmeside du brugte til at linke til vores side. Dette g\u00f8res af sikkerhedsm\u00e6ssige \u00e5rsager. Disse oplysninger kan identificere dig, men vi kan ikke g\u00f8re noget. De oplysninger, der bruges til statistiske form\u00e5l, identificerer ikke individuelle brugere, men de forbliver anonyme.<\/p>\n<p>Du kan bruge vores side uden at efterlade nogen personlige oplysninger, forudsat at dette ikke er n\u00f8dvendigt for at kunne yde dig service eller det produkt\/service, du har bestilt. Uploadede billeder gemmes i 90 dage efter, at produktet er afsendt.<\/p>\n<p>&nbsp;<\/p>\n<p><b>Hvad g\u00f8r vi med de indsamlede oplysninger?<br \/>\n<\/b>Personoplysningerne bruges til at kunne administrere den foranstaltning, du har anmodet om, f.eks. bestilling af et produkt, sendt foresp\u00f8rgsel, materialer du har bestilt eller lignende tiltag, hvor du selv har valgt at afgive oplysningerne til os, eller hvad der er lovpligtigt. Oplysningerne opbevares ikke l\u00e6ngere end n\u00f8dvendigt for at opfylde form\u00e5let.<\/p>\n<p>&nbsp;<\/p>\n<p><b>Deling af data til tredjepart<\/b><br \/>\n Ingen information vil blive videregivet til nogen tredjepart, medmindre vi har din tilladelse til at g\u00f8re det eller er forpligtet ved lov til at g\u00f8re det.<\/p>\n<p>&nbsp;<\/p>\n<p><b>Leverand\u00f8r<\/b><br \/>\n Hjemmesidens servere leveres af Loopia AB.<\/p>\n<p>&nbsp;<\/p>\n<p><b>Dine rettigheder<\/b><br \/>\n Du har til enhver tid ret til at f\u00e5 en kopi af oplysningerne om, hvilke personoplysninger vi har behandlet om dig, samt hvor disse oplysninger kommer fra, form\u00e5lene med behandlingen og hvilke modtagere dataene er blevet videregivet. Du har til enhver tid ret til at rette urigtige oplysninger om dig selv. Du har ogs\u00e5 til enhver tid ret til at tr\u00e6kke dit samtykke til h\u00e5ndtering af persondata tilbage, samt at alle dine persondata slettes. Det kan du g\u00f8re ved at kontakte os p\u00e5 <a href=\"mailto:hello@forevigtmin.se\">hello@forevigtmin.se<\/a> .<\/p>\n<p>&nbsp;<\/p>\n<p><b>Cookies<\/b><br \/>\n Hjemmesiden bruger s\u00e5kaldte &#8220;Cookies&#8221;. Cookies er sm\u00e5 tekstfiler, som gemmes p\u00e5 din harddisk via din browser. De gemmer s\u00e6rlige oplysninger (f.eks. dine standardsprogindstillinger eller sideindstillinger), som din browser kan returnere til os, n\u00e6ste gang du bes\u00f8ger vores hjemmeside (afh\u00e6ngigt af cookiens levetid).<\/p>\n<p>Vores side bruger to forskellige typer cookies, dem der er n\u00f8dvendige af tekniske og sikkerhedsm\u00e6ssige \u00e5rsager, samt valgfri cookies.<\/p>\n<p>Du kan naturligvis bruge vores hjemmeside, uden at der overhovedet er aktiveret cookies (inklusive cookies af tekniske \u00e5rsager). I din browser kan du til enhver tid begr\u00e6nse eller deaktivere brugen af cookies. Dette kan dog have en negativ indvirkning p\u00e5 funktionaliteten og brugervenligheden af vores hjemmeside.<\/p>\n<p>&nbsp;<\/p>\n<p><b>Kontakt<\/b><br \/>\n Hvis du har sp\u00f8rgsm\u00e5l, problemer eller bekymringer, er du velkommen til at kontakte os p\u00e5 <a href=\"mailto:hello@forevigtmin.se\">hello@forevigtmin.se<\/a> . Den konstante udvikling af internettet kan f\u00e5 disse forhold til at \u00e6ndre sig. Om n\u00f8dvendigt forbeholder vi os retten til at foretage \u00e6ndringer.[\/et_pb_text][\/et_pb_column][\/et_pb_row][\/et_pb_section]<\/p>\n","protected":false},"excerpt":{"rendered":"<p>FortrolighedspolitikFortrolighedspolitikForever my AB er forpligtet til at beskytte dine personlige data og mener, at det er vigtigt, at dette g\u00f8res seri\u00f8st. Derfor oplyser vi i denne tekst, hvad vi indsamler, og hvordan dataene behandles. &nbsp; Hvilke oplysninger indsamler vi? Vi indsamler oplysninger, som du giver os via kontaktformularen og derefter de oplysninger, du v\u00e6lger at [&hellip;]<\/p>\n","protected":false},"author":1,"featured_media":0,"parent":0,"menu_order":0,"comment_status":"closed","ping_status":"open","template":"","meta":{"_et_pb_use_builder":"on","_et_pb_old_content":"","_et_gb_content_width":"","footnotes":""},"class_list":["post-1594","page","type-page","status-publish","hentry"],"_links":{"self":[{"href":"https:\/\/forevigtmin.com\/da\/wp-json\/wp\/v2\/pages\/1594","targetHints":{"allow":["GET"]}}],"collection":[{"href":"https:\/\/forevigtmin.com\/da\/wp-json\/wp\/v2\/pages"}],"about":[{"href":"https:\/\/forevigtmin.com\/da\/wp-json\/wp\/v2\/types\/page"}],"author":[{"embeddable":true,"href":"https:\/\/forevigtmin.com\/da\/wp-json\/wp\/v2\/users\/1"}],"replies":[{"embeddable":true,"href":"https:\/\/forevigtmin.com\/da\/wp-json\/wp\/v2\/comments?post=1594"}],"version-history":[{"count":6,"href":"https:\/\/forevigtmin.com\/da\/wp-json\/wp\/v2\/pages\/1594\/revisions"}],"predecessor-version":[{"id":5686,"href":"https:\/\/forevigtmin.com\/da\/wp-json\/wp\/v2\/pages\/1594\/revisions\/5686"}],"wp:attachment":[{"href":"https:\/\/forevigtmin.com\/da\/wp-json\/wp\/v2\/media?parent=1594"}],"curies":[{"name":"wp","href":"https:\/\/api.w.org\/{rel}","templated":true}]}}