{"id":1664,"date":"2021-11-18T14:11:41","date_gmt":"2021-11-18T14:11:41","guid":{"rendered":"https:\/\/forevigtmin.com\/spoergsmaal-og-svar\/"},"modified":"2022-01-19T14:12:20","modified_gmt":"2022-01-19T14:12:20","slug":"spoergsmaal-og-svar","status":"publish","type":"page","link":"https:\/\/forevigtmin.com\/da\/spoergsmaal-og-svar\/","title":{"rendered":"Sp\u00f8rgsm\u00e5l og svar"},"content":{"rendered":"<p>[et_pb_section fb_built=&#8221;1&#8243; _builder_version=&#8221;4.13.1&#8243; _module_preset=&#8221;default&#8221; background_enable_color=&#8221;off&#8221; background_image=&#8221;https:\/\/forevigtmin.com\/wp-content\/uploads\/2021\/11\/Fo\u0308r-Evigt-Min-Bild-hemsida.jpg&#8221; custom_padding=&#8221;100px||100px||true|false&#8221; global_colors_info=&#8221;{}&#8221;][et_pb_row _builder_version=&#8221;4.13.1&#8243; _module_preset=&#8221;default&#8221; global_colors_info=&#8221;{}&#8221;][et_pb_column type=&#8221;4_4&#8243; _builder_version=&#8221;4.13.1&#8243; _module_preset=&#8221;default&#8221; global_colors_info=&#8221;{}&#8221;][et_pb_text _builder_version=&#8221;4.14.4&#8243; _module_preset=&#8221;default&#8221; header_text_align=&#8221;center&#8221; header_text_color=&#8221;#FFFFFF&#8221; header_font_size=&#8221;60px&#8221; header_font_size_tablet=&#8221;60px&#8221; header_font_size_phone=&#8221;40px&#8221; header_font_size_last_edited=&#8221;on|phone&#8221; global_colors_info=&#8221;{}&#8221;]<\/p>\n<h1>Sp\u00f8rgsm\u00e5l og svar<\/h1>\n<p>[\/et_pb_text][\/et_pb_column][\/et_pb_row][\/et_pb_section][et_pb_section fb_built=&#8221;1&#8243; _builder_version=&#8221;4.13.1&#8243; _module_preset=&#8221;default&#8221; global_colors_info=&#8221;{}&#8221;][et_pb_row _builder_version=&#8221;4.13.1&#8243; _module_preset=&#8221;default&#8221; global_colors_info=&#8221;{}&#8221;][et_pb_column type=&#8221;4_4&#8243; _builder_version=&#8221;4.13.1&#8243; _module_preset=&#8221;default&#8221; global_colors_info=&#8221;{}&#8221;][et_pb_text _builder_version=&#8221;4.13.1&#8243; _module_preset=&#8221;default&#8221; text_font_size=&#8221;16px&#8221; text_orientation=&#8221;center&#8221; global_colors_info=&#8221;{}&#8221;]<\/p>\n<p>Her har vi samlet svar p\u00e5 de mest almindelige sp\u00f8rgsm\u00e5l, vi f\u00e5r. De er opdelt efter kategori. L\u00e6s gerne med nedenfor og finder du ikke det svar du leder efter, er du hjertelig velkommen til at kontakte vores support og vi vil g\u00f8re vores bedste for at hj\u00e6lpe dig.<\/p>\n<p>[\/et_pb_text][et_pb_text _builder_version=&#8221;4.14.6&#8243; _module_preset=&#8221;default&#8221; header_2_text_align=&#8221;left&#8221; header_2_text_color=&#8221;#F5AAAE&#8221; header_2_font_size=&#8221;40px&#8221; text_orientation=&#8221;center&#8221; custom_margin=&#8221;80px||||false|false&#8221; hover_enabled=&#8221;0&#8243; global_colors_info=&#8221;{}&#8221; sticky_enabled=&#8221;0&#8243;]<\/p>\n<h2>Sp\u00f8rgsm\u00e5l om bestilling<\/h2>\n<p>[\/et_pb_text][et_pb_accordion closed_toggle_text_color=&#8221;#000000&#8243; closed_toggle_background_color=&#8221;#FFFFFF&#8221; toggle_icon=&#8221;&#x33;||divi||400&#8243; _builder_version=&#8221;4.13.1&#8243; _module_preset=&#8221;default&#8221; toggle_level=&#8221;h2&#8243; toggle_font=&#8221;|||||||#F5AAAE|&#8221; body_font=&#8221;Circular STD Book||||||||&#8221; custom_margin=&#8221;||||false|false&#8221; custom_padding=&#8221;||||false|false&#8221; custom_css_toggle=&#8221;||padding-top: 0px;&#8221; border_width_all=&#8221;0px&#8221; border_width_bottom=&#8221;1px&#8221; global_colors_info=&#8221;{}&#8221;][et_pb_accordion_item title=&#8221;Hvordan uploader man sit eget billede til LifeSign?&#8221; open=&#8221;on&#8221; _builder_version=&#8221;4.13.1&#8243; _module_preset=&#8221;default&#8221; body_font=&#8221;||||||||&#8221; text_orientation=&#8221;left&#8221; global_colors_info=&#8221;{}&#8221;]<\/p>\n<p>Upload det billede du \u00f8nsker at bruge ved at trykke p\u00e5 knappen &#8220;v\u00e6lg billede&#8221;, som er placeret lige over k\u00f8bsknappen, n\u00e5r du er inde i produktet og v\u00e6lg derefter det \u00f8nskede billede.<\/p>\n<p>N\u00e5r billedet er uploadet korrekt, vil du se et lille thumbnail af det billede, du har valgt at uploade. \u00d8nsker du at \u00e6ndre billedet, kan du g\u00f8re det ved at klikke p\u00e5 &#8220;v\u00e6lg billede&#8221; igen og s\u00e5 v\u00e6lge det billede, du \u00f8nsker i stedet.<\/p>\n<p>Hvis du vil \u00e6ndre billedet, efter du har lagt produktet i indk\u00f8bskurven, skal du f\u00f8rst fjerne produktet fra din indk\u00f8bskurv og derefter uploade billedet og klikke p\u00e5 k\u00f8b igen.<\/p>\n<p>[\/et_pb_accordion_item][et_pb_accordion_item title=&#8221;Jeg vil bestille to n\u00f8jagtig ens LifeSigns. Hvordan g\u00f8r jeg?&#8221; _builder_version=&#8221;4.13.1&#8243; _module_preset=&#8221;default&#8221; body_font=&#8221;||||||||&#8221; text_orientation=&#8221;left&#8221; global_colors_info=&#8221;{}&#8221; open=&#8221;off&#8221;]<\/p>\n<p>S\u00e5 er det bare at \u00f8ge antallet ved bestilling. Enten ved indk\u00f8bskurven eller inde i produktet. Men hvis du vil have et andet billede eller en anden fod p\u00e5 den anden, skal du uploade dit nye billede (eller det samme billede) inde i produktet, der har den fod, du \u00f8nsker.<\/p>\n<p>[\/et_pb_accordion_item][et_pb_accordion_item title=&#8221;Jeg kan ikke l\u00e6gge LifeSign i min indk\u00f8bskurv, hvad er der galt?&#8221; _builder_version=&#8221;4.13.1&#8243; _module_preset=&#8221;default&#8221; body_font=&#8221;||||||||&#8221; text_orientation=&#8221;left&#8221; global_colors_info=&#8221;{}&#8221; open=&#8221;off&#8221;]For at kunne tilf\u00f8je et LifeSign til din indk\u00f8bskurv, skal du f\u00f8rst uploade det billede, du vil bruge. Hvis du ikke har uploadet et billede, er det ikke muligt at tilf\u00f8je varen til indk\u00f8bskurven.[\/et_pb_accordion_item][et_pb_accordion_item title=&#8221;Kan du kun handle via din e-handel?&#8221; _builder_version=&#8221;4.13.1&#8243; _module_preset=&#8221;default&#8221; body_font=&#8221;||||||||&#8221; text_orientation=&#8221;left&#8221; global_colors_info=&#8221;{}&#8221; open=&#8221;off&#8221;]<\/p>\n<p>Nej, du kan ogs\u00e5 <a href=\"mailto:%20hello@forevigtmin.se\">maile<\/a> eller chatte med os, s\u00e5 guider vi dig lige blandt de produkter, du \u00f8nsker at bestille.<\/p>\n<p>[\/et_pb_accordion_item][et_pb_accordion_item title=&#8221;Kan du \u00e6ndre eller slette din ordre?&#8221; _builder_version=&#8221;4.13.1&#8243; _module_preset=&#8221;default&#8221; body_font=&#8221;||||||||&#8221; text_orientation=&#8221;left&#8221; global_colors_info=&#8221;{}&#8221; open=&#8221;off&#8221;]Da vi fors\u00f8ger at behandle alle indkommende ordrer inden for 10 minutter, kan det v\u00e6re, at dit produkt, du har bestilt, allerede er i produktion. Men send os en e-mail p\u00e5 <a href=\"mailto:support@forevigtmin.se\">support@forevigtmin.se<\/a> , s\u00e5 ser vi, hvad vi kan g\u00f8re.[\/et_pb_accordion_item][et_pb_accordion_item title=&#8221;Kan LifeSign returneres?&#8221; _builder_version=&#8221;4.13.1&#8243; _module_preset=&#8221;default&#8221; body_font=&#8221;||||||||&#8221; text_orientation=&#8221;left&#8221; global_colors_info=&#8221;{}&#8221; open=&#8221;off&#8221;]Da hvert LifeSign-produkt er unikt, bliver det sv\u00e6rt at reklamere for dit produkt gennem kun \u00e9t fortrydelsesk\u00f8b. Hvis produktet derimod af en eller anden grund er g\u00e5et i stykker, er det godt at \u00e5bne en supportsag og s\u00e5 forklare, hvad der er sket, s\u00e5 skal vi s\u00f8rge for at hj\u00e6lpe dig. Du kan l\u00e6se mere om dette emne under vores <a href=\"https:\/\/forevigtmin.se\/villkor\/\">k\u00f8bsinformation<\/a> .[\/et_pb_accordion_item][et_pb_accordion_item title=&#8221;Hvordan f\u00e5r jeg information om forever mine og tilbud?&#8221; _builder_version=&#8221;4.13.1&#8243; _module_preset=&#8221;default&#8221; body_font=&#8221;||||||||&#8221; text_orientation=&#8221;left&#8221; global_colors_info=&#8221;{}&#8221; open=&#8221;off&#8221;]Ved at skrive din e-mailadresse til nyhedsbreve eller f\u00f8lge os p\u00e5 sociale medier; <a href=\"http:\/\/facebook.com\/forevigtmin\/\" target=\"_blank\" rel=\"noopener\">Facebook<\/a> og <a href=\"https:\/\/www.instagram.com\/forevigtmin\/\" target=\"_blank\" rel=\"noopener\">Instagram<\/a> .[\/et_pb_accordion_item][et_pb_accordion_item title=&#8221;Jeg har problemer med at afgive min ordre, hvad kan der v\u00e6re galt?&#8221; _builder_version=&#8221;4.13.1&#8243; _module_preset=&#8221;default&#8221; body_font=&#8221;||||||||&#8221; text_orientation=&#8221;left&#8221; global_colors_info=&#8221;{}&#8221; open=&#8221;off&#8221;]Hvilke fejlmeddelelser modtager du? Bem\u00e6rk disse og kontakt derefter <a href=\"mailto:support@forevigtmin.se\">support@forevigtmin.se<\/a> for at oprette en supportsag, og vi vil fors\u00f8ge at hj\u00e6lpe dig med at udf\u00f8re din ordre.[\/et_pb_accordion_item][\/et_pb_accordion][et_pb_text _builder_version=&#8221;4.14.6&#8243; _module_preset=&#8221;default&#8221; header_2_text_align=&#8221;left&#8221; header_2_text_color=&#8221;#F5AAAE&#8221; header_2_font_size=&#8221;40px&#8221; text_orientation=&#8221;center&#8221; custom_margin=&#8221;80px||||false|false&#8221; hover_enabled=&#8221;0&#8243; global_colors_info=&#8221;{}&#8221; sticky_enabled=&#8221;0&#8243;]<\/p>\n<h2>Sp\u00f8rgsm\u00e5l om vores produkter<\/h2>\n<p>[\/et_pb_text][et_pb_accordion closed_toggle_text_color=&#8221;#000000&#8243; closed_toggle_background_color=&#8221;#FFFFFF&#8221; toggle_icon=&#8221;&#x33;||divi||400&#8243; _builder_version=&#8221;4.13.1&#8243; _module_preset=&#8221;default&#8221; toggle_level=&#8221;h2&#8243; toggle_font=&#8221;|||||||#F5AAAE|&#8221; body_font=&#8221;Circular STD Book||||||||&#8221; custom_margin=&#8221;||||false|false&#8221; custom_padding=&#8221;||||false|false&#8221; custom_css_toggle=&#8221;||padding-top: 0px;&#8221; border_width_all=&#8221;0px&#8221; border_width_bottom=&#8221;1px&#8221; global_colors_info=&#8221;{}&#8221;][et_pb_accordion_item title=&#8221;Hvordan fotograferer du dit ultralydsbillede for at f\u00e5 de bedste resultater?&#8221; open=&#8221;on&#8221; _builder_version=&#8221;4.13.1&#8243; _module_preset=&#8221;default&#8221; body_font=&#8221;||||||||&#8221; text_orientation=&#8221;left&#8221; global_colors_info=&#8221;{}&#8221;]S\u00e6t dit ultralydsbillede p\u00e5 v\u00e6ggen i et lyst rum med et lille stykke tape og fotografer det s\u00e5 lige forfra. Husk at inkludere hele billedet. Bedre at du f\u00e5r noget information omkring ultralydsbilledet. Vi klipper det fra senere i redigeringen, s\u00e5 det bliver helt sort.<\/p>\n<p>Pr\u00f8v at f\u00e5 s\u00e5 lidt glitter som muligt. Derfor b\u00f8r du tage billeder af dit billede i et lyst rum uden blitz p\u00e5 kameraet.<br \/>\nSe et <a href=\"https:\/\/forevigtmin.com\/wp-content\/uploads\/2021\/11\/exempel.jpg\" target=\"_blank\" rel=\"noopener\">eksempelbillede<\/a> p\u00e5, hvordan en god fotoshoot kan se ud.<\/p>\n<p>Du beh\u00f8ver ikke bekymre dig, hvis du f\u00f8ler dig usikker p\u00e5, om det er blevet godt eller ej. For ser vi, at slutresultatet ikke bliver, hvad vi forventer, kontakter vi dig, inden vi starter produktionen. S\u00e5 vi hj\u00e6lper dig med at skabe et godt produkt ud af det bedste, du har. Eller det bedste du har haft.[\/et_pb_accordion_item][et_pb_accordion_item title=&#8221;Jeg kan ikke fotografere mit ultralydsbillede, kan du hj\u00e6lpe mig?&#8221; _builder_version=&#8221;4.13.1&#8243; _module_preset=&#8221;default&#8221; body_font=&#8221;||||||||&#8221; text_orientation=&#8221;left&#8221; global_colors_info=&#8221;{}&#8221; open=&#8221;off&#8221;]Selvf\u00f8lgelig! Det g\u00f8r vi gerne. Send dit ultralydsbillede med posten til Forever my AB, Gamla R\u00e5dstugugatan 1B, SE-60224, Norrk\u00f6ping, s\u00e5 hj\u00e6lper vi dig. Glem ikke at indtaste dine kontaktoplysninger s\u00e5som for- og efternavn, adresse, telefonnummer og e-mailadresse.[\/et_pb_accordion_item][et_pb_accordion_item title=&#8221;Behandler du mit ultralydsbillede, s\u00e5 det viser sig at v\u00e6re sort uden hvid ramme?&#8221; _builder_version=&#8221;4.13.1&#8243; _module_preset=&#8221;default&#8221; body_font=&#8221;||||||||&#8221; text_orientation=&#8221;left&#8221; global_colors_info=&#8221;{}&#8221; open=&#8221;off&#8221;]<\/p>\n<p><span>Ja vi g\u00f8r! Dit ultralydsbillede vil bevare sine detaljer, men uden den hvide ramme og helt sort ud.<\/span><\/p>\n<p>[\/et_pb_accordion_item][et_pb_accordion_item title=&#8221;Hvilke st\u00f8rrelser findes LifeSign i?&#8221; _builder_version=&#8221;4.13.1&#8243; _module_preset=&#8221;default&#8221; body_font=&#8221;||||||||&#8221; text_orientation=&#8221;left&#8221; global_colors_info=&#8221;{}&#8221; open=&#8221;off&#8221;]LifeSign f\u00e5s i \u00e9n st\u00f8rrelse. Produktets samlede m\u00e5l er B18xH21xD5 cm. Pladen er 5 mm tyk og m\u00e5ler 15 \u00d7 20 cm.[\/et_pb_accordion_item][et_pb_accordion_item title=&#8221;Med hvilken metode udskriver du mit billede?&#8221; _builder_version=&#8221;4.13.1&#8243; _module_preset=&#8221;default&#8221; body_font=&#8221;||||||||&#8221; text_orientation=&#8221;left&#8221; global_colors_info=&#8221;{}&#8221; open=&#8221;off&#8221;]Vi bruger banebrydende teknologi ved at anvende dit billede ved hj\u00e6lp af UV-print. Det er en eksklusiv metode, der skaber en meget h\u00f8j gengivelse af motivet.[\/et_pb_accordion_item][et_pb_accordion_item title=&#8221;Hvilke st\u00f8rrelser findes LifeLamp i?&#8221; _builder_version=&#8221;4.13.1&#8243; _module_preset=&#8221;default&#8221; body_font=&#8221;||||||||&#8221; text_orientation=&#8221;left&#8221; global_colors_info=&#8221;{}&#8221; open=&#8221;off&#8221;]LifeLamp f\u00e5s i 3 forskellige st\u00f8rrelser; lille, mellem og stor.<br \/>\nSmall er D15xH22xB14 cm, Medium er D17xH26xB18 cm, Large er D22xH30xB22 cm.[\/et_pb_accordion_item][et_pb_accordion_item title=&#8221;Hvor langt er kablet til LifeLamp?&#8221; _builder_version=&#8221;4.13.1&#8243; _module_preset=&#8221;default&#8221; body_font=&#8221;||||||||&#8221; text_orientation=&#8221;left&#8221; global_colors_info=&#8221;{}&#8221; open=&#8221;off&#8221;]Kablet er 2 m langt og er et flettet hvidt stofkabel.[\/et_pb_accordion_item][et_pb_accordion_item title=&#8221;Hvor langt er kablet til LifeSign?&#8221; _builder_version=&#8221;4.13.1&#8243; _module_preset=&#8221;default&#8221; body_font=&#8221;||||||||&#8221; text_orientation=&#8221;left&#8221; global_colors_info=&#8221;{}&#8221; open=&#8221;off&#8221;]Kablet er 1,5 m langt og er et todelt plastikkabel.[\/et_pb_accordion_item][\/et_pb_accordion][\/et_pb_column][\/et_pb_row][\/et_pb_section]<\/p>\n","protected":false},"excerpt":{"rendered":"<p>Sp\u00f8rgsm\u00e5l og svarHer har vi samlet svar p\u00e5 de mest almindelige sp\u00f8rgsm\u00e5l, vi f\u00e5r. De er opdelt efter kategori. L\u00e6s gerne med nedenfor og finder du ikke det svar du leder efter, er du hjertelig velkommen til at kontakte vores support og vi vil g\u00f8re vores bedste for at hj\u00e6lpe dig.Sp\u00f8rgsm\u00e5l om bestillingUpload det billede [&hellip;]<\/p>\n","protected":false},"author":1,"featured_media":0,"parent":0,"menu_order":0,"comment_status":"closed","ping_status":"closed","template":"","meta":{"_et_pb_use_builder":"on","_et_pb_old_content":"","_et_gb_content_width":"","footnotes":""},"class_list":["post-1664","page","type-page","status-publish","hentry"],"_links":{"self":[{"href":"https:\/\/forevigtmin.com\/da\/wp-json\/wp\/v2\/pages\/1664","targetHints":{"allow":["GET"]}}],"collection":[{"href":"https:\/\/forevigtmin.com\/da\/wp-json\/wp\/v2\/pages"}],"about":[{"href":"https:\/\/forevigtmin.com\/da\/wp-json\/wp\/v2\/types\/page"}],"author":[{"embeddable":true,"href":"https:\/\/forevigtmin.com\/da\/wp-json\/wp\/v2\/users\/1"}],"replies":[{"embeddable":true,"href":"https:\/\/forevigtmin.com\/da\/wp-json\/wp\/v2\/comments?post=1664"}],"version-history":[{"count":21,"href":"https:\/\/forevigtmin.com\/da\/wp-json\/wp\/v2\/pages\/1664\/revisions"}],"predecessor-version":[{"id":6308,"href":"https:\/\/forevigtmin.com\/da\/wp-json\/wp\/v2\/pages\/1664\/revisions\/6308"}],"wp:attachment":[{"href":"https:\/\/forevigtmin.com\/da\/wp-json\/wp\/v2\/media?parent=1664"}],"curies":[{"name":"wp","href":"https:\/\/api.w.org\/{rel}","templated":true}]}}