{"id":1583,"date":"2021-10-17T13:41:20","date_gmt":"2021-11-18T14:11:36","guid":{"rendered":"https:\/\/forevigtmin.com\/product\/gavekort\/"},"modified":"2021-11-22T10:55:21","modified_gmt":"2021-11-22T10:55:21","slug":"gavekort","status":"publish","type":"product","link":"https:\/\/forevigtmin.com\/da\/vare\/gavekort\/","title":{"rendered":"Gavekort"},"content":{"rendered":"<h1><i>Produktinformation<\/i><\/h1>\n<h1>&#8211;<\/h1>\n<p>Gavekortet er en smuk gave, b\u00e5de hvad ang\u00e5r indhold og udseende.<br \/>\nDen ligger i en fin kuvert klar til at blive givet v\u00e6k.<\/p>\n","protected":false},"excerpt":{"rendered":"<p>Vil du give en fin gave v\u00e6k<br \/>\nmen ved ikke rigtig hvad jeg skal g\u00f8re<br \/>\nk\u00f8be? K\u00f8b et gavekort og f\u00e5 det<br \/>\nmodtageren v\u00e6lger selv.<\/p>\n","protected":false},"featured_media":1424,"template":"","meta":{"_et_pb_use_builder":"","_et_pb_old_content":"","_et_gb_content_width":""},"product_brand":[],"product_cat":[89],"product_tag":[],"class_list":{"0":"post-1583","1":"product","2":"type-product","3":"status-publish","4":"has-post-thumbnail","6":"product_cat-andet","8":"first","9":"instock","10":"taxable","11":"shipping-taxable","12":"purchasable","13":"product-type-variable"},"_links":{"self":[{"href":"https:\/\/forevigtmin.com\/da\/wp-json\/wp\/v2\/product\/1583","targetHints":{"allow":["GET"]}}],"collection":[{"href":"https:\/\/forevigtmin.com\/da\/wp-json\/wp\/v2\/product"}],"about":[{"href":"https:\/\/forevigtmin.com\/da\/wp-json\/wp\/v2\/types\/product"}],"wp:featuredmedia":[{"embeddable":true,"href":"https:\/\/forevigtmin.com\/da\/wp-json\/wp\/v2\/media\/1424"}],"wp:attachment":[{"href":"https:\/\/forevigtmin.com\/da\/wp-json\/wp\/v2\/media?parent=1583"}],"wp:term":[{"taxonomy":"product_brand","embeddable":true,"href":"https:\/\/forevigtmin.com\/da\/wp-json\/wp\/v2\/product_brand?post=1583"},{"taxonomy":"product_cat","embeddable":true,"href":"https:\/\/forevigtmin.com\/da\/wp-json\/wp\/v2\/product_cat?post=1583"},{"taxonomy":"product_tag","embeddable":true,"href":"https:\/\/forevigtmin.com\/da\/wp-json\/wp\/v2\/product_tag?post=1583"}],"curies":[{"name":"wp","href":"https:\/\/api.w.org\/{rel}","templated":true}]}}