{"id":4073,"date":"2021-11-14T14:56:58","date_gmt":"2021-11-30T22:42:00","guid":{"rendered":"https:\/\/forevigtmin.com\/product\/lifesign-x-fotografering\/"},"modified":"2022-01-19T14:04:52","modified_gmt":"2022-01-19T14:04:52","slug":"lifesign-x-fotografering","status":"publish","type":"product","link":"https:\/\/forevigtmin.com\/da\/vare\/lifesign-x-fotografering\/","title":{"rendered":"LifeSign x fotografering"},"content":{"rendered":"<h1><i>Produktinformation<\/i><\/h1>\n<h1>&#8211;<\/h1>\n<p>Produktet er h\u00e5ndlavet, fremstillet og designet i vores produktion lige uden for Norrk\u00f6ping. Produktet er en del af Wild Rocks serien og har en gylden plakette foran med teksten <em>forever mine<\/em> . Produktet f\u00e5s i flere forskellige designs, med belysning som tilvalg. Det fantastiske er, at ligesom os mennesker er hver fod helt unik gennem vores h\u00e5ndlavede fremstillingsproces, selvom de er fra samme serie.<\/p>\n<p>&nbsp;<\/p>\n<h1>Upload <em>dit eget<\/em> billede<\/h1>\n<h1>&#8211;<\/h1>\n<p>Upload dit eget billede og lad det f\u00e5 en dejlig plads i dit hjem. Du kan selvf\u00f8lgelig v\u00e6lge hvilket billede du \u00f8nsker, det beh\u00f8ver ikke at v\u00e6re et ultralydsbillede. L\u00e6s gerne vores <a href=\"https:\/\/forevigtmin.com\/vanliga-fragor\/\">ofte stillede sp\u00f8rgsm\u00e5l og svar,<\/a> hvis du har tanker om, hvordan du uploader dit eget billede. Se et <a href=\"https:\/\/forevigtmin.com\/wp-content\/uploads\/2021\/11\/exempel.jpg\" target=\"_blank\" rel=\"noopener noreferrer\">eksempelbillede<\/a> p\u00e5, hvordan en god ultralydsfotografering ser ud.<\/p>\n<p>Almindelige billeder, du kan kun v\u00e6lge det du \u00f8nsker direkte fra dit billedbibliotek. Husk, at det passer bedst til portr\u00e6tbilleder.<\/p>\n","protected":false},"excerpt":{"rendered":"<p>Forts\u00e6t det bedste du f\u00e5r,<br \/>\ndet fineste du har eller det<br \/>\nfineste du har haft, med denne<br \/>\nsmukke indvendige detaljer.<\/p>\n","protected":false},"featured_media":6222,"template":"","meta":{"_et_pb_use_builder":"","_et_pb_old_content":"","_et_gb_content_width":""},"product_brand":[],"product_cat":[153],"product_tag":[],"class_list":{"0":"post-4073","1":"product","2":"type-product","3":"status-publish","4":"has-post-thumbnail","6":"product_cat-fotografering","8":"first","9":"instock","10":"taxable","11":"shipping-taxable","12":"purchasable","13":"product-type-variable","14":"has-default-attributes"},"_links":{"self":[{"href":"https:\/\/forevigtmin.com\/da\/wp-json\/wp\/v2\/product\/4073","targetHints":{"allow":["GET"]}}],"collection":[{"href":"https:\/\/forevigtmin.com\/da\/wp-json\/wp\/v2\/product"}],"about":[{"href":"https:\/\/forevigtmin.com\/da\/wp-json\/wp\/v2\/types\/product"}],"wp:featuredmedia":[{"embeddable":true,"href":"https:\/\/forevigtmin.com\/da\/wp-json\/wp\/v2\/media\/6222"}],"wp:attachment":[{"href":"https:\/\/forevigtmin.com\/da\/wp-json\/wp\/v2\/media?parent=4073"}],"wp:term":[{"taxonomy":"product_brand","embeddable":true,"href":"https:\/\/forevigtmin.com\/da\/wp-json\/wp\/v2\/product_brand?post=4073"},{"taxonomy":"product_cat","embeddable":true,"href":"https:\/\/forevigtmin.com\/da\/wp-json\/wp\/v2\/product_cat?post=4073"},{"taxonomy":"product_tag","embeddable":true,"href":"https:\/\/forevigtmin.com\/da\/wp-json\/wp\/v2\/product_tag?post=4073"}],"curies":[{"name":"wp","href":"https:\/\/api.w.org\/{rel}","templated":true}]}}