{"id":4692,"date":"2021-11-18T12:39:48","date_gmt":"2021-12-09T15:04:11","guid":{"rendered":"https:\/\/forevigtmin.com\/product\/natlampe-x-ultralyd\/"},"modified":"2021-12-11T00:32:56","modified_gmt":"2021-12-11T00:32:56","slug":"natlampe-x-ultralyd","status":"publish","type":"product","link":"https:\/\/forevigtmin.com\/da\/vare\/natlampe-x-ultralyd\/","title":{"rendered":"Natlampe \u00d7 Ultralyd"},"content":{"rendered":"<h1><i>Produktinformation<\/i><\/h1>\n<h1>&#8211;<\/h1>\n<p>Produktet er en natlampe beregnet til v\u00e6gmontering. Loftet har et unikt motiv, som du selv bestemmer.<\/p>\n<p>&nbsp;<\/p>\n<h1>Upload <em>dit eget<\/em> billede<\/h1>\n<h1>&#8211;<\/h1>\n<p>Upload dit eget billede og lad det f\u00e5 en dejlig plads i dit hjem. Du kan selvf\u00f8lgelig v\u00e6lge hvilket billede du \u00f8nsker, det beh\u00f8ver ikke at v\u00e6re et ultralydsbillede. L\u00e6s gerne vores <a href=\"https:\/\/forevigtmin.com\/vanliga-fragor\/\">ofte stillede sp\u00f8rgsm\u00e5l og svar,<\/a> hvis du har tanker om, hvordan du uploader dit eget billede. Se et <a href=\"https:\/\/forevigtmin.com\/wp-content\/uploads\/2021\/11\/exempel.jpg\" target=\"_blank\" rel=\"noopener noreferrer\">eksempelbillede<\/a> p\u00e5, hvordan en god ultralydsfotografering ser ud.<\/p>\n<p>Almindelige billeder, du kan kun v\u00e6lge det du \u00f8nsker direkte fra dit billedbibliotek. Husk, at det passer bedst til portr\u00e6tbilleder.<\/p>\n<p>&nbsp;<\/p>\n<h1>Teknisk beskrivelse<\/h1>\n<h1>&#8211;<\/h1>\n<p>Produktets samlede m\u00e5l er \u00d825 cm i diameter og 7 cm dyb. Det emne, du v\u00e6lger at uploade, p\u00e5f\u00f8res med en eksklusiv metode (uv-print) for at f\u00e5 den h\u00f8jest mulige gengivelse.<\/p>\n<p>Sk\u00e6rmen er formet og lavet af milj\u00f8venligt PETG materiale. Lampe E27, s\u00e6lges separat. Str\u00f8mkablet er et hvidt flettet stofkabel.<\/p>\n<p>&nbsp;<\/p>\n<h1>Materialer og milj\u00f8<\/h1>\n<h1>&#8211;<\/h1>\n<p>Det, vi g\u00f8r i dag, p\u00e5virker fremtidige generationer. Vi \u00f8nsker, at alle vores b\u00f8rn og deres b\u00f8rn og alle andre b\u00f8rn rundt omkring i verden skal have mulighed for at opleve en smuk verden. Vi g\u00f8r, hvad vi kan, ved at bruge materialer og procedurer, s\u00e5 milj\u00f8et p\u00e5virkes mindst muligt.<\/p>\n","protected":false},"excerpt":{"rendered":"<p>Forts\u00e6t det bedste, du f\u00e5r<br \/>\nmed et flot natlys.<\/p>\n","protected":false},"featured_media":1481,"template":"","meta":{"_et_pb_use_builder":"","_et_pb_old_content":"","_et_gb_content_width":""},"product_brand":[],"product_cat":[186],"product_tag":[],"class_list":{"0":"post-4692","1":"product","2":"type-product","3":"status-publish","4":"has-post-thumbnail","6":"product_cat-ultralyd","8":"first","9":"instock","10":"taxable","11":"shipping-taxable","12":"purchasable","13":"product-type-variable","14":"has-default-attributes"},"_links":{"self":[{"href":"https:\/\/forevigtmin.com\/da\/wp-json\/wp\/v2\/product\/4692","targetHints":{"allow":["GET"]}}],"collection":[{"href":"https:\/\/forevigtmin.com\/da\/wp-json\/wp\/v2\/product"}],"about":[{"href":"https:\/\/forevigtmin.com\/da\/wp-json\/wp\/v2\/types\/product"}],"wp:featuredmedia":[{"embeddable":true,"href":"https:\/\/forevigtmin.com\/da\/wp-json\/wp\/v2\/media\/1481"}],"wp:attachment":[{"href":"https:\/\/forevigtmin.com\/da\/wp-json\/wp\/v2\/media?parent=4692"}],"wp:term":[{"taxonomy":"product_brand","embeddable":true,"href":"https:\/\/forevigtmin.com\/da\/wp-json\/wp\/v2\/product_brand?post=4692"},{"taxonomy":"product_cat","embeddable":true,"href":"https:\/\/forevigtmin.com\/da\/wp-json\/wp\/v2\/product_cat?post=4692"},{"taxonomy":"product_tag","embeddable":true,"href":"https:\/\/forevigtmin.com\/da\/wp-json\/wp\/v2\/product_tag?post=4692"}],"curies":[{"name":"wp","href":"https:\/\/api.w.org\/{rel}","templated":true}]}}