{"id":4736,"date":"2021-11-23T20:59:21","date_gmt":"2021-12-09T15:04:27","guid":{"rendered":"https:\/\/forevigtmin.com\/product\/livslampe\/"},"modified":"2021-12-11T00:32:56","modified_gmt":"2021-12-11T00:32:56","slug":"livlampe","status":"publish","type":"product","link":"https:\/\/forevigtmin.com\/da\/vare\/livlampe\/","title":{"rendered":"Livslampe"},"content":{"rendered":"<h1><i>Produktinformation<\/i><\/h1>\n<h1>&#8211;<\/h1>\n<p>Produktet er h\u00e5ndlavet, fremstillet og designet i vores produktion lige uden for Norrk\u00f6ping, Sverige. LifeLamp f\u00e5s i 3 forskellige st\u00f8rrelser; lille, mellem og stor. LifeLamp er design- og formbeskyttet med fuld beskyttelse i 27 lande. Certifikatet er udstedt af European Union Intellectual Property Office. Du kan <a href=\"https:\/\/forevigtmin.com\/wp-content\/uploads\/2021\/11\/lifelamp.pdf\" target=\"_blank\" rel=\"noopener\">l\u00e6se mere om beskyttelsen her<\/a> (pdf).<\/p>\n<p>&nbsp;<\/p>\n<h1>Teknisk beskrivelse<\/h1>\n<h1 style=\"font-weight: normal !important; color: #555555;\">&#8211;<\/h1>\n<p>Foden er lavet af massivt st\u00e5l med en hvid pulverlakeret overflade i en mat finish og har en fr\u00e6set gylden plakette med teksten <em style=\"font-weight: normal !important; font-style: normal !important;\">evigt<\/em> indst\u00f8bt. Sk\u00e6rmen er formet og lavet af milj\u00f8venligt PETG materiale. Den medf\u00f8lgende lampe har en effekt p\u00e5 1,5 watt, E14. Str\u00f8mkablet er et hvidt flettet stofkabel.<\/p>\n<p>&nbsp;<\/p>\n<h1>Materialer og milj\u00f8<\/h1>\n<h1 style=\"font-weight: normal !important; color: #555555;\">&#8211;<\/h1>\n<p style=\"color: #4b4b4b;\">Det, vi g\u00f8r i dag, p\u00e5virker fremtidige generationer. Vi \u00f8nsker, at alle vores b\u00f8rn og deres b\u00f8rn og alle andre b\u00f8rn rundt omkring i verden skal have mulighed for at opleve en smuk verden. Vi g\u00f8r, hvad vi kan, ved at bruge materialer og procedurer, s\u00e5 milj\u00f8et p\u00e5virkes mindst muligt.<\/p>\n","protected":false},"excerpt":{"rendered":"<p>Sig hej til verdens f\u00f8rste<br \/>\n<em>Livslampe<\/em> . Formet af livet, for<br \/>\nlivet, med livet, i livet.<\/p>\n","protected":false},"featured_media":2389,"template":"","meta":{"_et_pb_use_builder":"","_et_pb_old_content":"","_et_gb_content_width":""},"product_brand":[],"product_cat":[89],"product_tag":[],"class_list":{"0":"post-4736","1":"product","2":"type-product","3":"status-publish","4":"has-post-thumbnail","6":"product_cat-andet","8":"first","9":"instock","10":"taxable","11":"shipping-taxable","12":"purchasable","13":"product-type-variable"},"_links":{"self":[{"href":"https:\/\/forevigtmin.com\/da\/wp-json\/wp\/v2\/product\/4736","targetHints":{"allow":["GET"]}}],"collection":[{"href":"https:\/\/forevigtmin.com\/da\/wp-json\/wp\/v2\/product"}],"about":[{"href":"https:\/\/forevigtmin.com\/da\/wp-json\/wp\/v2\/types\/product"}],"wp:featuredmedia":[{"embeddable":true,"href":"https:\/\/forevigtmin.com\/da\/wp-json\/wp\/v2\/media\/2389"}],"wp:attachment":[{"href":"https:\/\/forevigtmin.com\/da\/wp-json\/wp\/v2\/media?parent=4736"}],"wp:term":[{"taxonomy":"product_brand","embeddable":true,"href":"https:\/\/forevigtmin.com\/da\/wp-json\/wp\/v2\/product_brand?post=4736"},{"taxonomy":"product_cat","embeddable":true,"href":"https:\/\/forevigtmin.com\/da\/wp-json\/wp\/v2\/product_cat?post=4736"},{"taxonomy":"product_tag","embeddable":true,"href":"https:\/\/forevigtmin.com\/da\/wp-json\/wp\/v2\/product_tag?post=4736"}],"curies":[{"name":"wp","href":"https:\/\/api.w.org\/{rel}","templated":true}]}}