{"id":4767,"date":"2021-11-23T19:46:31","date_gmt":"2021-12-09T15:04:36","guid":{"rendered":"https:\/\/forevigtmin.com\/product\/natlampe-x-fotografering\/"},"modified":"2021-12-11T00:33:00","modified_gmt":"2021-12-11T00:33:00","slug":"nightlamp-x-fotografering","status":"publish","type":"product","link":"https:\/\/forevigtmin.com\/da\/vare\/nightlamp-x-fotografering\/","title":{"rendered":"Natlampe x fotografering"},"content":{"rendered":"<h1><i>Produktinformation<\/i><\/h1>\n<h1>&#8211;<\/h1>\n<p>Produktet er en natlampe beregnet til v\u00e6gmontering. Loftet har et unikt motiv, som du selv bestemmer.<\/p>\n<p>&nbsp;<\/p>\n<h1>Upload <em>dit eget<\/em> billede<\/h1>\n<h1>&#8211;<\/h1>\n<p>Upload dit eget billede og lad det f\u00e5 en dejlig plads i dit hjem. L\u00e6s gerne vores <a href=\"https:\/\/forevigtmin.com\/fragor-och-svar\/\">ofte stillede sp\u00f8rgsm\u00e5l og svar,<\/a> hvis du har tanker om, hvordan du uploader dit eget billede. Se et <a href=\"https:\/\/forevigtmin.com\/wp-content\/uploads\/2021\/11\/exempel.jpg\" target=\"_blank\" rel=\"noopener noreferrer\">eksempelbillede<\/a> p\u00e5, hvordan et godt billede ser ud.<\/p>\n<p>Almindelige billeder, du kan kun v\u00e6lge det du \u00f8nsker direkte fra dit billedbibliotek.<\/p>\n<p>&nbsp;<\/p>\n<h1>Teknisk beskrivelse<\/h1>\n<h1>&#8211;<\/h1>\n<p>Produktets samlede m\u00e5l er \u00d825 cm i diameter og 7 cm dyb. Det emne, du v\u00e6lger at uploade, p\u00e5f\u00f8res med en eksklusiv metode (uv-print) for at f\u00e5 den h\u00f8jest mulige gengivelse.<\/p>\n<p>Sk\u00e6rmen er formet og lavet af milj\u00f8venligt PETG materiale. Lampe E27, s\u00e6lges separat. Str\u00f8mkablet er et hvidt flettet stofkabel.<\/p>\n<p>&nbsp;<\/p>\n<h1>Materialer og milj\u00f8<\/h1>\n<h1>&#8211;<\/h1>\n<p>Det, vi g\u00f8r i dag, p\u00e5virker fremtidige generationer. Vi \u00f8nsker, at alle vores b\u00f8rn og deres b\u00f8rn og alle andre b\u00f8rn rundt omkring i verden skal have mulighed for at opleve en smuk verden. Vi g\u00f8r, hvad vi kan, ved at bruge materialer og procedurer, s\u00e5 milj\u00f8et p\u00e5virkes mindst muligt.<\/p>\n","protected":false},"excerpt":{"rendered":"<p>Ud\u00f8deligg\u00f8r det fineste du har med dig<br \/>\net smukt natlys.<\/p>\n","protected":false},"featured_media":2181,"template":"","meta":{"_et_pb_use_builder":"","_et_pb_old_content":"","_et_gb_content_width":""},"product_brand":[],"product_cat":[153],"product_tag":[],"class_list":{"0":"post-4767","1":"product","2":"type-product","3":"status-publish","4":"has-post-thumbnail","6":"product_cat-fotografering","8":"first","9":"instock","10":"taxable","11":"shipping-taxable","12":"purchasable","13":"product-type-variable","14":"has-default-attributes"},"_links":{"self":[{"href":"https:\/\/forevigtmin.com\/da\/wp-json\/wp\/v2\/product\/4767","targetHints":{"allow":["GET"]}}],"collection":[{"href":"https:\/\/forevigtmin.com\/da\/wp-json\/wp\/v2\/product"}],"about":[{"href":"https:\/\/forevigtmin.com\/da\/wp-json\/wp\/v2\/types\/product"}],"wp:featuredmedia":[{"embeddable":true,"href":"https:\/\/forevigtmin.com\/da\/wp-json\/wp\/v2\/media\/2181"}],"wp:attachment":[{"href":"https:\/\/forevigtmin.com\/da\/wp-json\/wp\/v2\/media?parent=4767"}],"wp:term":[{"taxonomy":"product_brand","embeddable":true,"href":"https:\/\/forevigtmin.com\/da\/wp-json\/wp\/v2\/product_brand?post=4767"},{"taxonomy":"product_cat","embeddable":true,"href":"https:\/\/forevigtmin.com\/da\/wp-json\/wp\/v2\/product_cat?post=4767"},{"taxonomy":"product_tag","embeddable":true,"href":"https:\/\/forevigtmin.com\/da\/wp-json\/wp\/v2\/product_tag?post=4767"}],"curies":[{"name":"wp","href":"https:\/\/api.w.org\/{rel}","templated":true}]}}