{"id":4802,"date":"2021-11-18T12:31:40","date_gmt":"2021-12-09T15:07:45","guid":{"rendered":"https:\/\/forevigtmin.com\/product\/traeplade-x-ultralyd\/"},"modified":"2021-12-11T00:32:19","modified_gmt":"2021-12-11T00:32:19","slug":"tablet-x-ultralyd","status":"publish","type":"product","link":"https:\/\/forevigtmin.com\/da\/vare\/tablet-x-ultralyd\/","title":{"rendered":"Tr\u00e6plade x Ultralyd"},"content":{"rendered":"<h1><i>Produktinformation<\/i><\/h1>\n<h1>&#8211;<\/h1>\n<p>Din ultralyd p\u00e5f\u00f8res med en h\u00f8jkvalitetsmetode (UV-print) p\u00e5 12 mm tyk skandinavisk birkekrydsfiner. Motivet er trykt uden det hvide i, hvilket betyder, at det hvide i motivet erstattes af tr\u00e6pladens nuance. Da hver tr\u00e6plade har sin unikke tr\u00e6struktur, adskiller hver plade sig fra hinanden, selvom to n\u00f8jagtigt ens billeder er printet.<\/p>\n<p>&nbsp;<\/p>\n<h1>Teknisk beskrivelse<\/h1>\n<h1>&#8211;<\/h1>\n<p>Produktet er 40 \u00d7 30 cm og 12 mm tykt og er trykt p\u00e5 skandinavisk birkekrydsfiner som er af h\u00f8j kvalitet.<br \/>\nProduktet har en gylden plakette, indgraveret foran med teksten <em>for evigt min<\/em> .<br \/>\nHvert br\u00e6t har et flot fors\u00e6nket oph\u00e6ng for nem v\u00e6gmontering.<\/p>\n<p>&nbsp;<\/p>\n<h1>Teknisk beskrivelse<\/h1>\n<h1>&#8211;<\/h1>\n<p>Det, vi g\u00f8r i dag, p\u00e5virker fremtidige generationer. Vi \u00f8nsker, at alle vores b\u00f8rn og deres b\u00f8rn og alle andre b\u00f8rn rundt omkring i verden skal have mulighed for at opleve en smuk verden. Vi g\u00f8r, hvad vi kan, ved at bruge materialer og procedurer, s\u00e5 milj\u00f8et p\u00e5virkes mindst muligt.<\/p>\n","protected":false},"excerpt":{"rendered":"<p>Forts\u00e6t det bedste, du f\u00e5r<br \/>\nmed denne smukke interi\u00f8rdetalje.<br \/>\nVi afslutter dit ultralydsbillede<br \/>\ntil det du ser p\u00e5 billedet.<\/p>\n","protected":false},"featured_media":1478,"template":"","meta":{"_et_pb_use_builder":"","_et_pb_old_content":"","_et_gb_content_width":""},"product_brand":[],"product_cat":[186],"product_tag":[],"class_list":{"0":"post-4802","1":"product","2":"type-product","3":"status-publish","4":"has-post-thumbnail","6":"product_cat-ultralyd","8":"first","9":"instock","10":"taxable","11":"shipping-taxable","12":"purchasable","13":"product-type-variable"},"_links":{"self":[{"href":"https:\/\/forevigtmin.com\/da\/wp-json\/wp\/v2\/product\/4802","targetHints":{"allow":["GET"]}}],"collection":[{"href":"https:\/\/forevigtmin.com\/da\/wp-json\/wp\/v2\/product"}],"about":[{"href":"https:\/\/forevigtmin.com\/da\/wp-json\/wp\/v2\/types\/product"}],"wp:featuredmedia":[{"embeddable":true,"href":"https:\/\/forevigtmin.com\/da\/wp-json\/wp\/v2\/media\/1478"}],"wp:attachment":[{"href":"https:\/\/forevigtmin.com\/da\/wp-json\/wp\/v2\/media?parent=4802"}],"wp:term":[{"taxonomy":"product_brand","embeddable":true,"href":"https:\/\/forevigtmin.com\/da\/wp-json\/wp\/v2\/product_brand?post=4802"},{"taxonomy":"product_cat","embeddable":true,"href":"https:\/\/forevigtmin.com\/da\/wp-json\/wp\/v2\/product_cat?post=4802"},{"taxonomy":"product_tag","embeddable":true,"href":"https:\/\/forevigtmin.com\/da\/wp-json\/wp\/v2\/product_tag?post=4802"}],"curies":[{"name":"wp","href":"https:\/\/api.w.org\/{rel}","templated":true}]}}