{"id":4811,"date":"2021-11-23T20:03:27","date_gmt":"2021-12-09T15:07:49","guid":{"rendered":"https:\/\/forevigtmin.com\/product\/livssten\/"},"modified":"2021-12-11T00:33:01","modified_gmt":"2021-12-11T00:33:01","slug":"livssten","status":"publish","type":"product","link":"https:\/\/forevigtmin.com\/da\/vare\/livssten\/","title":{"rendered":"Livssten"},"content":{"rendered":"<h1><i>Produktinformation<\/i><\/h1>\n<h1>&#8211;<\/h1>\n<p>Produktet er h\u00e5ndlavet, fremstillet og designet i vores produktion lige uden for Norrk\u00f6ping. Flisen har en gylden plakette p\u00e5 forsiden med teksten <em>for evigt min<\/em> . Det fantastiske er, at ligesom os mennesker er hvert st\u00f8bt produkt helt unikt gennem vores h\u00e5ndlavede fremstillingsproces, ogs\u00e5 selvom de er fra samme serie.<\/p>\n<p>&nbsp;<\/p>\n<h1><i>S\u00e5dan<\/i> finder du nekrologer<\/h1>\n<h1>&#8211;<\/h1>\n<p>De fleste nekrologer er tilg\u00e6ngelige for s\u00f8gning via <a href=\"http:\/\/familjesidan.se\/\" target=\"_blank\" rel=\"noopener noreferrer\">familjesidan.se<\/a> . De annoncer, der ikke er der, er sandsynligvis p\u00e5 <a href=\"http:\/\/minnessidor.fonus.se\/\" target=\"_blank\" rel=\"noopener noreferrer\">minnessidor.fonus.se<\/a> .<\/p>\n<p>1. S\u00f8g efter din \u00f8nskede annonce<br \/>\n2. Klik p\u00e5 annoncen, s\u00e5 den \u00e5bner i et nyt vindue og gem pdf&#8217;en<br \/>\n3. Upload pdf&#8217;en for det produkt, du \u00f8nsker at k\u00f8be<\/p>\n<p>&nbsp;<\/p>\n<h1>Jeg kan <em>ikke<\/em> gemme pdf<\/h1>\n<h1>&#8211;<\/h1>\n<p>Skriv navn, sted og dato i ordresedler, s\u00e5 hj\u00e6lper vi dig gerne med at f\u00e5 det.<\/p>\n<p>&nbsp;<\/p>\n<h1>Jeg kan <em>ikke<\/em> finde min annonce<\/h1>\n<h1>&#8211;<\/h1>\n<p>St\u00e5r det ikke p\u00e5 nogen af disse sider, kan du enten v\u00e6lge at designe din egen lyslygte eller kontakte det relevante begravelsesfirma for at se, om de stadig har din annonce.<\/p>\n<p>&nbsp;<\/p>\n<h1>Teknisk beskrivelse<\/h1>\n<h1>&#8211;<\/h1>\n<p>Lyslygtens m\u00e5l er 12 eller 15 cm h\u00f8j, 5 cm bred og 5 cm dyb. Skivens m\u00e5l er 2 cm h\u00f8j, 10 cm bred og 10 cm dyb. Det emne, du v\u00e6lger at uploade, p\u00e5f\u00f8res med en eksklusiv metode (uv-print) for at f\u00e5 den h\u00f8jest mulige gengivelse.<\/p>\n<p>&nbsp;<\/p>\n<h1>Materialer og milj\u00f8<\/h1>\n<h1>&#8211;<\/h1>\n<p>Det, vi g\u00f8r i dag, p\u00e5virker fremtidige generationer. Vi \u00f8nsker, at alle vores b\u00f8rn og deres b\u00f8rn og alle andre b\u00f8rn rundt omkring i verden skal have mulighed for at opleve en smuk verden. Vi g\u00f8r, hvad vi kan, ved at bruge materialer og procedurer, s\u00e5 milj\u00f8et p\u00e5virkes mindst muligt.<\/p>\n","protected":false},"excerpt":{"rendered":"<p>Forts\u00e6t det bedste du har haft<br \/>\ndenne smukke lys lanterne og egen<br \/>\nreklame.<\/p>\n","protected":false},"featured_media":2240,"template":"","meta":{"_et_pb_use_builder":"","_et_pb_old_content":"","_et_gb_content_width":""},"product_brand":[],"product_cat":[240],"product_tag":[],"class_list":{"0":"post-4811","1":"product","2":"type-product","3":"status-publish","4":"has-post-thumbnail","6":"product_cat-hukommelsesfejl","8":"first","9":"instock","10":"taxable","11":"shipping-taxable","12":"purchasable","13":"product-type-variable"},"_links":{"self":[{"href":"https:\/\/forevigtmin.com\/da\/wp-json\/wp\/v2\/product\/4811","targetHints":{"allow":["GET"]}}],"collection":[{"href":"https:\/\/forevigtmin.com\/da\/wp-json\/wp\/v2\/product"}],"about":[{"href":"https:\/\/forevigtmin.com\/da\/wp-json\/wp\/v2\/types\/product"}],"wp:featuredmedia":[{"embeddable":true,"href":"https:\/\/forevigtmin.com\/da\/wp-json\/wp\/v2\/media\/2240"}],"wp:attachment":[{"href":"https:\/\/forevigtmin.com\/da\/wp-json\/wp\/v2\/media?parent=4811"}],"wp:term":[{"taxonomy":"product_brand","embeddable":true,"href":"https:\/\/forevigtmin.com\/da\/wp-json\/wp\/v2\/product_brand?post=4811"},{"taxonomy":"product_cat","embeddable":true,"href":"https:\/\/forevigtmin.com\/da\/wp-json\/wp\/v2\/product_cat?post=4811"},{"taxonomy":"product_tag","embeddable":true,"href":"https:\/\/forevigtmin.com\/da\/wp-json\/wp\/v2\/product_tag?post=4811"}],"curies":[{"name":"wp","href":"https:\/\/api.w.org\/{rel}","templated":true}]}}