{"id":1544,"date":"2021-11-18T14:11:00","date_gmt":"2021-11-18T14:11:00","guid":{"rendered":"https:\/\/forevigtmin.com\/unsere-geschichte\/"},"modified":"2022-01-06T17:32:12","modified_gmt":"2022-01-06T17:32:12","slug":"unsere-geschichte","status":"publish","type":"page","link":"https:\/\/forevigtmin.com\/de\/unsere-geschichte\/","title":{"rendered":"unsere Geschichte"},"content":{"rendered":"<p>[et_pb_section fb_built=&#8220;1&#8243; _builder_version=&#8220;4.13.1&#8243; _module_preset=&#8220;default&#8220; background_enable_color=&#8220;off&#8220; background_image=&#8220;https:\/\/forevigtmin.com\/wp-content\/uploads\/2021\/11\/Fo\u0308r-Evigt-Min-Bild-hemsida.jpg&#8220; custom_padding=&#8220;100px||100px||true|false&#8220; global_colors_info=&#8220;{}&#8220;][et_pb_row _builder_version=&#8220;4.13.1&#8243; _module_preset=&#8220;default&#8220; global_colors_info=&#8220;{}&#8220;][et_pb_column type=&#8220;4_4&#8243; _builder_version=&#8220;4.13.1&#8243; _module_preset=&#8220;default&#8220; global_colors_info=&#8220;{}&#8220;][et_pb_text _builder_version=&#8220;4.14.4&#8243; _module_preset=&#8220;default&#8220; header_text_align=&#8220;center&#8220; header_text_color=&#8220;#FFFFFF&#8220; header_font_size=&#8220;60px&#8220; hover_enabled=&#8220;0&#8243; global_colors_info=&#8220;{}&#8220; header_font_size_last_edited=&#8220;on|phone&#8220; sticky_enabled=&#8220;0&#8243; header_font_size_phone=&#8220;40px&#8220; header_font_size_tablet=&#8220;60px&#8220;]<\/p>\n<h1>unsere Geschichte<\/h1>\n<p>[\/et_pb_text][\/et_pb_column][\/et_pb_row][\/et_pb_section][et_pb_section fb_built=&#8220;1&#8243; _builder_version=&#8220;4.13.1&#8243; _module_preset=&#8220;default&#8220; global_colors_info=&#8220;{}&#8220;][et_pb_row _builder_version=&#8220;4.13.1&#8243; _module_preset=&#8220;default&#8220; animation_style=&#8220;fade&#8220; global_colors_info=&#8220;{}&#8220;][et_pb_column type=&#8220;4_4&#8243; _builder_version=&#8220;4.13.1&#8243; _module_preset=&#8220;default&#8220; global_colors_info=&#8220;{}&#8220;][et_pb_text _builder_version=&#8220;4.13.1&#8243; _module_preset=&#8220;default&#8220; header_2_text_align=&#8220;center&#8220; header_2_text_color=&#8220;#555553&#8243; global_colors_info=&#8220;{}&#8220;]<\/p>\n<h2>Handgefertigte Produkte, entworfen und hergestellt in Schweden<\/h2>\n<p>[\/et_pb_text][et_pb_divider divider_weight=&#8220;5px&#8220; _builder_version=&#8220;4.13.1&#8243; _module_preset=&#8220;default&#8220; width=&#8220;100px&#8220; module_alignment=&#8220;center&#8220; global_colors_info=&#8220;{}&#8220;][\/et_pb_divider][et_pb_text _builder_version=&#8220;4.13.1&#8243; _module_preset=&#8220;default&#8220; text_font_size=&#8220;16px&#8220; header_2_text_align=&#8220;center&#8220; header_2_text_color=&#8220;#555553&#8243; text_orientation=&#8220;center&#8220; global_colors_info=&#8220;{}&#8220;]<\/p>\n<p>Wir haben <em>meins f\u00fcr immer<\/em> als Hommage an das Leben gegr\u00fcndet, da das Leben in vielen F\u00e4llen nicht so offensichtlich ist. Wir finden, Sie sollten das Leben lebendig leben, denn bisher haben wir nur jeweils einen. Durch den Kauf eines <em>Forever-Minenprodukts<\/em> tragen Sie zur Entwicklung von Organisationen bei, die f\u00fcr das Leben arbeiten, damit mehr Leben gelebt werden k\u00f6nnen.<\/p>\n<p>Alle unsere Produkte werden in unserer Produktion in Eksund bei Norrk\u00f6ping, Schweden, in Handarbeit entworfen und hergestellt.<\/p>\n<p>Sehen Sie sich unsere <a href=\"https:\/\/forevigtmin.com\/butik\/\">Produkte an<\/a> .<\/p>\n<p>[\/et_pb_text][\/et_pb_column][\/et_pb_row][et_pb_row _builder_version=&#8220;4.13.1&#8243; _module_preset=&#8220;default&#8220; custom_margin=&#8220;60px||||false|false&#8220; animation_style=&#8220;fade&#8220; global_colors_info=&#8220;{}&#8220;][et_pb_column type=&#8220;4_4&#8243; _builder_version=&#8220;4.13.1&#8243; _module_preset=&#8220;default&#8220; global_colors_info=&#8220;{}&#8220;][et_pb_text _builder_version=&#8220;4.13.1&#8243; _module_preset=&#8220;default&#8220; header_2_text_align=&#8220;center&#8220; header_2_text_color=&#8220;#555553&#8243; global_colors_info=&#8220;{}&#8220;]<\/p>\n<h2>unsere Geschichte<\/h2>\n<p>[\/et_pb_text][et_pb_divider divider_weight=&#8220;5px&#8220; _builder_version=&#8220;4.13.1&#8243; _module_preset=&#8220;default&#8220; width=&#8220;100px&#8220; module_alignment=&#8220;center&#8220; global_colors_info=&#8220;{}&#8220;][\/et_pb_divider][et_pb_text _builder_version=&#8220;4.13.1&#8243; _module_preset=&#8220;default&#8220; text_font_size=&#8220;16px&#8220; header_2_text_align=&#8220;center&#8220; header_2_text_color=&#8220;#555553&#8243; text_orientation=&#8220;center&#8220; global_colors_info=&#8220;{}&#8220;]Hey! Mein Name ist Joel Andersson. Ich bin der CEO und Gr\u00fcnder dieses Unternehmens. Hier ist eine kurze Geschichte \u00fcber mich und uns <em>f\u00fcr immer<\/em> mein.<\/p>\n<p>Angefangen hat alles mit einem Weihnachtsgeschenk f\u00fcr meine beiden Kinder zu Weihnachten 2017 (ich habe zwei T\u00f6chter 5 und 8 Jahre alt). Dann ist mein eigenes Gef\u00fchl und meine Erinnerung so stark von dem Tag an, als ich meine M\u00e4dchen zum ersten Mal sehen und h\u00f6ren durfte. H\u00f6ren Sie ihr Herz und sehen Sie, wie sie sich im Mutterleib meiner Kinder bewegt haben. Ich entschied mich, eine &#8222;Bauchlampe&#8220; und ein Schild mit ihrem Ultraschall zu machen, zusammen mit ihrem eigenen geformten Fu\u00df. Habe sie in ein Weihnachtsgeschenk gewickelt und unter den Weihnachtsbaum gelegt. Diese Bilder m\u00fcssen f\u00fcr immer da sein! Seien Sie der Erste, der bei meinen Kindern ist! Dann kehrte ich zu meinem gewohnten Job als Produktionstechniker bei einer sehr tollen und lustigen Firma zur\u00fcck, die sich auf Hilfsmittel f\u00fcr Behinderte spezialisiert hat, wo ich etwas mehr als 10 Jahre gearbeitet habe. Mit jedem Tag, der verging und die Pakete zu Hause unter dem Weihnachtsbaum lagen, wuchs die Idee, dass es dort ziemlich gut ist, naja, vielleicht sollte ich den Schritt wagen und mir etwas einfallen lassen. Immerhin werden jedes Jahr ein paar Kinder geboren und es werden auch einige Ultraschalluntersuchungen gemacht! Jeder muss die Chance bekommen, seine ersten Bilder von den Kindern zu verewigen! Sie verblassen oder werden sonst bei jeder Bewegung vernachl\u00e4ssigt, das darf nicht passieren! Ich dachte ein paar Stunden nach, nahm den H\u00f6rer ab und rief drei meiner besten und engsten Freunde mit sehr unterschiedlichem Hintergrund und Wissen an. Wir haben eine Konstellation von 4 Personen zusammengestellt, die ich stolz und gerade zur\u00fcck stehen kann und sagen, dass man sie meiner Meinung nach nicht an vielen Orten finden kann. Die Produkte wurden immer besser und wurden nach und nach vollst\u00e4ndig entwickelt.<\/p>\n<p>Es gab viele Ideen und eine Diskussion \u00fcber psychische Erkrankungen, Selbstmord, Kinder, die nicht die richtigen Bedingungen haben, Kinderkrebs. Ja, die Liste kann lang werden, aber der Name und die Idee hinter dem Geldspenden waren geboren, niemand kann alles, aber jeder kann etwas tun, sechs Monate sp\u00e4ter waren wir bereit, unsere Idee und Kreation &#8222;F\u00fcr immer meins&#8220; zu pr\u00e4sentieren!<\/p>\n<p>Es gibt immer noch viele Ideen und es werden noch mehr Produkte. Folgen Sie uns also gerne in unseren sozialen Medien und teilen Sie unsere gro\u00dfartige Botschaft und Produkte. Wir haben auch eine Abteilung f\u00fcr Fotografen; <a href=\"#\">studio.forevigtmin.se<\/a><\/p>\n<p>Ich hoffe, das Leben spielt sich da drau\u00dfen ab und Sie finden etwas, das zu Ihnen passt! Vielen Dank, dass Sie es mir erm\u00f6glichen, wichtige Organisationen f\u00fcr immer durch Ihren Einkauf bei uns zu unterst\u00fctzen.<\/p>\n<p>Aufrichtig,<br \/>\nJoel Andersson CEO und Gr\u00fcnder[\/et_pb_text][\/et_pb_column][\/et_pb_row][et_pb_row _builder_version=&#8220;4.13.1&#8243; _module_preset=&#8220;default&#8220; custom_margin=&#8220;40px||||false|false&#8220; animation_style=&#8220;slide&#8220; animation_intensity_slide=&#8220;5%&#8220; global_colors_info=&#8220;{}&#8220;][et_pb_column type=&#8220;4_4&#8243; _builder_version=&#8220;4.13.1&#8243; _module_preset=&#8220;default&#8220; global_colors_info=&#8220;{}&#8220;][et_pb_image src=&#8220;https:\/\/forevigtmin.com\/wp-content\/uploads\/2021\/11\/var-historia.png&#8220; title_text=&#8220;war Geschichte&#8220; _builder_version=&#8220;4.13.1&#8243; _module_preset=&#8220;default&#8220; global_colors_info=&#8220;{}&#8220;][\/et_pb_image][\/et_pb_column][\/et_pb_row][et_pb_row _builder_version=&#8220;4.13.1&#8243; _module_preset=&#8220;default&#8220; custom_margin=&#8220;60px||||false|false&#8220; animation_style=&#8220;fade&#8220; global_colors_info=&#8220;{}&#8220;][et_pb_column type=&#8220;4_4&#8243; _builder_version=&#8220;4.13.1&#8243; _module_preset=&#8220;default&#8220; global_colors_info=&#8220;{}&#8220;][et_pb_text _builder_version=&#8220;4.13.1&#8243; _module_preset=&#8220;default&#8220; header_2_text_align=&#8220;center&#8220; header_2_text_color=&#8220;#555553&#8243; global_colors_info=&#8220;{}&#8220;]<\/p>\n<h2>Hilfsorganisationen<\/h2>\n<p>[\/et_pb_text][et_pb_divider divider_weight=&#8220;5px&#8220; _builder_version=&#8220;4.13.1&#8243; _module_preset=&#8220;default&#8220; width=&#8220;100px&#8220; module_alignment=&#8220;center&#8220; global_colors_info=&#8220;{}&#8220;][\/et_pb_divider][et_pb_text _builder_version=&#8220;4.13.1&#8243; _module_preset=&#8220;default&#8220; text_font_size=&#8220;16px&#8220; header_2_text_align=&#8220;center&#8220; header_2_text_color=&#8220;#555553&#8243; text_orientation=&#8220;center&#8220; global_colors_info=&#8220;{}&#8220;]<\/p>\n<p>Warum st\u00e4ndig und st\u00e4ndig Geld spenden? Weil wir an eine bessere Zukunft glauben. Und wenn wir dazu beitragen k\u00f6nnen, es ein wenig besser zu machen, tun wir dies gerne. Wir haben einige Hilfsorganisationen ausgew\u00e4hlt, an die wir glauben, aber wenn Sie Ihren Anteil an eine spezielle Organisation spenden m\u00f6chten, die wir nicht aufgelistet haben, ist es gut, den Namen der Organisation in den Freitext zu schreiben.<\/p>\n<p>Niemand kann alles, aber jeder kann etwas tun.<\/p>\n<p>[\/et_pb_text][\/et_pb_column][\/et_pb_row][et_pb_row _builder_version=&#8220;4.13.1&#8243; _module_preset=&#8220;default&#8220; custom_margin=&#8220;60px||60px||true|false&#8220; animation_style=&#8220;fade&#8220; global_colors_info=&#8220;{}&#8220;][et_pb_column type=&#8220;4_4&#8243; _builder_version=&#8220;4.13.1&#8243; _module_preset=&#8220;default&#8220; global_colors_info=&#8220;{}&#8220;][et_pb_text _builder_version=&#8220;4.13.1&#8243; _module_preset=&#8220;default&#8220; header_2_text_align=&#8220;center&#8220; header_2_text_color=&#8220;#555553&#8243; global_colors_info=&#8220;{}&#8220;]<\/p>\n<h2>Gesch\u00e4ftskonzept und Vision<\/h2>\n<p>[\/et_pb_text][et_pb_divider divider_weight=&#8220;5px&#8220; _builder_version=&#8220;4.13.1&#8243; _module_preset=&#8220;default&#8220; width=&#8220;100px&#8220; module_alignment=&#8220;center&#8220; global_colors_info=&#8220;{}&#8220;][\/et_pb_divider][et_pb_text _builder_version=&#8220;4.13.1&#8243; _module_preset=&#8220;default&#8220; text_font_size=&#8220;16px&#8220; header_2_text_align=&#8220;center&#8220; header_2_text_color=&#8220;#555553&#8243; text_orientation=&#8220;center&#8220; global_colors_info=&#8220;{}&#8220;]<\/p>\n<p>Wir leben bescheiden und freuen uns, dass wir unsere Produkte mit der Au\u00dfenwelt teilen k\u00f6nnen. Aber ohne Sie sind unsere Produkte nicht vollst\u00e4ndig. Erst Ihr Beitrag, zum Beispiel zu LifeSign, macht es komplett. Sie entscheiden, wie Ihr Produkt durch Ihre eigenen Bilder aussehen soll.<\/p>\n<p>Alle unsere Produkte werden vor Ort mit der gleichen Sorgfalt und Liebe handgefertigt. Wir m\u00fcssen kurze Entscheidungswege, schnelle Lieferungen und einen erstklassigen Kundenservice haben.<\/p>\n<p>Wir hoffen, Sie haben eine gute Erfahrung mit Ihren Eink\u00e4ufen bei uns.<\/p>\n<p>[\/et_pb_text][\/et_pb_column][\/et_pb_row][\/et_pb_section]<\/p>\n","protected":false},"excerpt":{"rendered":"<p>unsere GeschichteHandgefertigte Produkte, entworfen und hergestellt in SchwedenWir haben meins f\u00fcr immer als Hommage an das Leben gegr\u00fcndet, da das Leben in vielen F\u00e4llen nicht so offensichtlich ist. Wir finden, Sie sollten das Leben lebendig leben, denn bisher haben wir nur jeweils einen. Durch den Kauf eines Forever-Minenprodukts tragen Sie zur Entwicklung von Organisationen bei, [&hellip;]<\/p>\n","protected":false},"author":1,"featured_media":0,"parent":0,"menu_order":0,"comment_status":"closed","ping_status":"closed","template":"","meta":{"_et_pb_use_builder":"on","_et_pb_old_content":"","_et_gb_content_width":"","footnotes":""},"class_list":["post-1544","page","type-page","status-publish","hentry"],"_links":{"self":[{"href":"https:\/\/forevigtmin.com\/de\/wp-json\/wp\/v2\/pages\/1544","targetHints":{"allow":["GET"]}}],"collection":[{"href":"https:\/\/forevigtmin.com\/de\/wp-json\/wp\/v2\/pages"}],"about":[{"href":"https:\/\/forevigtmin.com\/de\/wp-json\/wp\/v2\/types\/page"}],"author":[{"embeddable":true,"href":"https:\/\/forevigtmin.com\/de\/wp-json\/wp\/v2\/users\/1"}],"replies":[{"embeddable":true,"href":"https:\/\/forevigtmin.com\/de\/wp-json\/wp\/v2\/comments?post=1544"}],"version-history":[{"count":5,"href":"https:\/\/forevigtmin.com\/de\/wp-json\/wp\/v2\/pages\/1544\/revisions"}],"predecessor-version":[{"id":5661,"href":"https:\/\/forevigtmin.com\/de\/wp-json\/wp\/v2\/pages\/1544\/revisions\/5661"}],"wp:attachment":[{"href":"https:\/\/forevigtmin.com\/de\/wp-json\/wp\/v2\/media?parent=1544"}],"curies":[{"name":"wp","href":"https:\/\/api.w.org\/{rel}","templated":true}]}}