{"id":1560,"date":"2021-11-18T14:11:29","date_gmt":"2021-11-18T14:11:29","guid":{"rendered":"https:\/\/forevigtmin.com\/fragen-und-antworten\/"},"modified":"2022-01-19T14:12:20","modified_gmt":"2022-01-19T14:12:20","slug":"fragen-und-antworten","status":"publish","type":"page","link":"https:\/\/forevigtmin.com\/de\/fragen-und-antworten\/","title":{"rendered":"Fragen und Antworten"},"content":{"rendered":"<p>[et_pb_section fb_built=&#8220;1&#8243; _builder_version=&#8220;4.13.1&#8243; _module_preset=&#8220;default&#8220; background_enable_color=&#8220;off&#8220; background_image=&#8220;https:\/\/forevigtmin.com\/wp-content\/uploads\/2021\/11\/Fo\u0308r-Evigt-Min-Bild-hemsida.jpg&#8220; custom_padding=&#8220;100px||100px||true|false&#8220; global_colors_info=&#8220;{}&#8220;][et_pb_row _builder_version=&#8220;4.13.1&#8243; _module_preset=&#8220;default&#8220; global_colors_info=&#8220;{}&#8220;][et_pb_column type=&#8220;4_4&#8243; _builder_version=&#8220;4.13.1&#8243; _module_preset=&#8220;default&#8220; global_colors_info=&#8220;{}&#8220;][et_pb_text _builder_version=&#8220;4.14.4&#8243; _module_preset=&#8220;default&#8220; header_text_align=&#8220;center&#8220; header_text_color=&#8220;#FFFFFF&#8220; header_font_size=&#8220;60px&#8220; header_font_size_tablet=&#8220;60px&#8220; header_font_size_phone=&#8220;40px&#8220; header_font_size_last_edited=&#8220;on|phone&#8220; global_colors_info=&#8220;{}&#8220;]<\/p>\n<h1>Fragen und Antworten<\/h1>\n<p>[\/et_pb_text][\/et_pb_column][\/et_pb_row][\/et_pb_section][et_pb_section fb_built=&#8220;1&#8243; _builder_version=&#8220;4.13.1&#8243; _module_preset=&#8220;default&#8220; global_colors_info=&#8220;{}&#8220;][et_pb_row _builder_version=&#8220;4.13.1&#8243; _module_preset=&#8220;default&#8220; global_colors_info=&#8220;{}&#8220;][et_pb_column type=&#8220;4_4&#8243; _builder_version=&#8220;4.13.1&#8243; _module_preset=&#8220;default&#8220; global_colors_info=&#8220;{}&#8220;][et_pb_text _builder_version=&#8220;4.13.1&#8243; _module_preset=&#8220;default&#8220; text_font_size=&#8220;16px&#8220; text_orientation=&#8220;center&#8220; global_colors_info=&#8220;{}&#8220;]<\/p>\n<p>Hier haben wir Antworten auf die am h\u00e4ufigsten gestellten Fragen gesammelt. Sie sind nach Kategorien unterteilt. F\u00fchlen Sie sich frei, unten zu lesen und wenn Sie die gesuchte Antwort nicht finden, k\u00f6nnen Sie sich herzlich an unseren Support wenden und wir werden unser Bestes tun, um Ihnen zu helfen.<\/p>\n<p>[\/et_pb_text][et_pb_text _builder_version=&#8220;4.14.6&#8243; _module_preset=&#8220;default&#8220; header_2_text_align=&#8220;left&#8220; header_2_text_color=&#8220;#F5AAAE&#8220; header_2_font_size=&#8220;40px&#8220; text_orientation=&#8220;center&#8220; custom_margin=&#8220;80px||||false|false&#8220; hover_enabled=&#8220;0&#8243; global_colors_info=&#8220;{}&#8220; sticky_enabled=&#8220;0&#8243;]<\/p>\n<h2>Fragen zur Bestellung<\/h2>\n<p>[\/et_pb_text][et_pb_accordion closed_toggle_text_color=&#8220;#000000&#8243; closed_toggle_background_color=&#8220;#FFFFFF&#8220; toggle_icon=&#8220;&#x33;||divi||400&#8243; _builder_version=&#8220;4.13.1&#8243; _module_preset=&#8220;default&#8220; toggle_level=&#8220;h2&#8243; toggle_font=&#8220;|||||||#F5AAAE|&#8220; body_font=&#8220;Circular STD Book||||||||&#8220; custom_margin=&#8220;||||false|false&#8220; custom_padding=&#8220;||||false|false&#8220; custom_css_toggle=&#8220;||padding-top: 0px;&#8220; border_width_all=&#8220;0px&#8220; border_width_bottom=&#8220;1px&#8220; global_colors_info=&#8220;{}&#8220;][et_pb_accordion_item title=&#8220;Wie lade ich dein eigenes Bild zu LifeSign hoch?&#8220; open=&#8220;on&#8220; _builder_version=&#8220;4.13.1&#8243; _module_preset=&#8220;default&#8220; body_font=&#8220;||||||||&#8220; text_orientation=&#8220;left&#8220; global_colors_info=&#8220;{}&#8220;]<\/p>\n<p>Laden Sie das Bild hoch, das Sie verwenden m\u00f6chten, indem Sie auf die Schaltfl\u00e4che &#8222;Bild ausw\u00e4hlen&#8220; klicken, die sich direkt \u00fcber der Schaltfl\u00e4che &#8222;Kaufen&#8220; befindet, wenn Sie sich im Produkt befinden, und w\u00e4hlen Sie dann das gew\u00fcnschte Bild aus.<\/p>\n<p>Wenn das Bild korrekt hochgeladen wurde, sehen Sie eine kleine Miniaturansicht des Bilds, das Sie zum Hochladen ausgew\u00e4hlt haben. Wenn Sie das Bild \u00e4ndern m\u00f6chten, k\u00f6nnen Sie dies tun, indem Sie erneut auf &#8222;Bild ausw\u00e4hlen&#8220; klicken und dann stattdessen das gew\u00fcnschte Bild ausw\u00e4hlen.<\/p>\n<p>Wenn Sie das Bild \u00e4ndern m\u00f6chten, nachdem Sie das Produkt in den Warenkorb gelegt haben, m\u00fcssen Sie zuerst das Produkt aus Ihrem Warenkorb entfernen, dann das Bild hochladen und erneut auf Kaufen klicken.<\/p>\n<p>[\/et_pb_accordion_item][et_pb_accordion_item title=&#8220;Ich m\u00f6chte zwei exakt gleiche LifeSigns bestellen. Wie mache ich?&#8220; _builder_version=&#8220;4.13.1&#8243; _module_preset=&#8220;default&#8220; body_font=&#8220;||||||||&#8220; text_orientation=&#8220;left&#8220; global_colors_info=&#8220;{}&#8220; open=&#8220;off&#8220;]<\/p>\n<p>Dann einfach die Anzahl bei der Bestellung erh\u00f6hen. Entweder im Warenkorb oder im Produkt. Wenn Sie jedoch ein anderes Bild oder einen anderen Fu\u00df auf dem anderen w\u00fcnschen, m\u00fcssen Sie Ihr neues Bild (oder dasselbe Bild) in das Produkt mit dem gew\u00fcnschten Fu\u00df hochladen.<\/p>\n<p>[\/et_pb_accordion_item][et_pb_accordion_item title=&#8220;Ich kann LifeSign nicht in meinen Warenkorb legen, was ist los?&#8220; _builder_version=&#8220;4.13.1&#8243; _module_preset=&#8220;default&#8220; body_font=&#8220;||||||||&#8220; text_orientation=&#8220;left&#8220; global_colors_info=&#8220;{}&#8220; open=&#8220;off&#8220;]Um Ihrem Warenkorb ein LifeSign hinzuf\u00fcgen zu k\u00f6nnen, m\u00fcssen Sie zun\u00e4chst das gew\u00fcnschte Bild hochladen. Wenn Sie kein Bild hochgeladen haben, ist es nicht m\u00f6glich, den Artikel in den Warenkorb zu legen.[\/et_pb_accordion_item][et_pb_accordion_item title=&#8220;K\u00f6nnen Sie nur \u00fcber Ihren E-Commerce einkaufen?&#8220; _builder_version=&#8220;4.13.1&#8243; _module_preset=&#8220;default&#8220; body_font=&#8220;||||||||&#8220; text_orientation=&#8220;left&#8220; global_colors_info=&#8220;{}&#8220; open=&#8220;off&#8220;]<\/p>\n<p>Nein, Sie k\u00f6nnen uns auch per E- <a href=\"mailto:%20hello@forevigtmin.se\">Mail<\/a> oder Chat kontaktieren und wir f\u00fchren Sie direkt zu den Produkten, die Sie bestellen m\u00f6chten.<\/p>\n<p>[\/et_pb_accordion_item][et_pb_accordion_item title=&#8220;K\u00f6nnen Sie Ihre Bestellung \u00e4ndern oder l\u00f6schen?&#8220; _builder_version=&#8220;4.13.1&#8243; _module_preset=&#8220;default&#8220; body_font=&#8220;||||||||&#8220; text_orientation=&#8220;left&#8220; global_colors_info=&#8220;{}&#8220; open=&#8220;off&#8220;]Da wir versuchen, alle eingehenden Bestellungen innerhalb von 10 Minuten zu bearbeiten, kann es sein, dass Ihr bestelltes Produkt bereits in Produktion ist. Aber senden Sie uns eine E-Mail an <a href=\"mailto:support@forevigtmin.se\">support@forevigtmin.se<\/a> und wir werden sehen, was wir tun k\u00f6nnen.[\/et_pb_accordion_item][et_pb_accordion_item title=&#8220;Kann LifeSign zur\u00fcckgegeben werden?&#8220; _builder_version=&#8220;4.13.1&#8243; _module_preset=&#8220;default&#8220; body_font=&#8220;||||||||&#8220; text_orientation=&#8220;left&#8220; global_colors_info=&#8220;{}&#8220; open=&#8220;off&#8220;]Da jedes LifeSign-Produkt einzigartig ist, wird es schwierig, Ihr Produkt durch nur einen einzigen Kauf zu bewerben. Wenn das Produkt andererseits aus irgendeinem Grund kaputt gegangen ist, ist es gut, einen Support-Fall zu er\u00f6ffnen und dann zu erkl\u00e4ren, was passiert ist, und wir werden sicherstellen, dass wir Ihnen helfen. Mehr zu diesem Thema erfahren Sie unter unseren <a href=\"https:\/\/forevigtmin.se\/villkor\/\">Kaufinformationen<\/a> .[\/et_pb_accordion_item][et_pb_accordion_item title=&#8220;Wie erhalte ich Informationen \u00fcber forever mine und Angebote?&#8220; _builder_version=&#8220;4.13.1&#8243; _module_preset=&#8220;default&#8220; body_font=&#8220;||||||||&#8220; text_orientation=&#8220;left&#8220; global_colors_info=&#8220;{}&#8220; open=&#8220;off&#8220;]Indem Sie Ihre E-Mail-Adresse f\u00fcr Newsletter eintragen oder uns in sozialen Medien folgen; <a href=\"http:\/\/facebook.com\/forevigtmin\/\" target=\"_blank\" rel=\"noopener\">Facebook<\/a> und <a href=\"https:\/\/www.instagram.com\/forevigtmin\/\" target=\"_blank\" rel=\"noopener\">Instagram<\/a> .[\/et_pb_accordion_item][et_pb_accordion_item title=&#8220;Ich habe Probleme mit meiner Bestellung, was k\u00f6nnte falsch sein?&#8220; _builder_version=&#8220;4.13.1&#8243; _module_preset=&#8220;default&#8220; body_font=&#8220;||||||||&#8220; text_orientation=&#8220;left&#8220; global_colors_info=&#8220;{}&#8220; open=&#8220;off&#8220;]Welche Fehlermeldungen erhalten Sie? Notieren Sie diese und wenden Sie sich dann <a href=\"mailto:support@forevigtmin.se\">an support@forevigtmin.se<\/a> , um einen Supportfall einzurichten. Wir werden versuchen, Ihnen bei der Ausf\u00fchrung Ihrer Bestellung zu helfen.[\/et_pb_accordion_item][\/et_pb_accordion][et_pb_text _builder_version=&#8220;4.14.6&#8243; _module_preset=&#8220;default&#8220; header_2_text_align=&#8220;left&#8220; header_2_text_color=&#8220;#F5AAAE&#8220; header_2_font_size=&#8220;40px&#8220; text_orientation=&#8220;center&#8220; custom_margin=&#8220;80px||||false|false&#8220; hover_enabled=&#8220;0&#8243; global_colors_info=&#8220;{}&#8220; sticky_enabled=&#8220;0&#8243;]<\/p>\n<h2>Fragen zu unseren Produkten<\/h2>\n<p>[\/et_pb_text][et_pb_accordion closed_toggle_text_color=&#8220;#000000&#8243; closed_toggle_background_color=&#8220;#FFFFFF&#8220; toggle_icon=&#8220;&#x33;||divi||400&#8243; _builder_version=&#8220;4.13.1&#8243; _module_preset=&#8220;default&#8220; toggle_level=&#8220;h2&#8243; toggle_font=&#8220;|||||||#F5AAAE|&#8220; body_font=&#8220;Circular STD Book||||||||&#8220; custom_margin=&#8220;||||false|false&#8220; custom_padding=&#8220;||||false|false&#8220; custom_css_toggle=&#8220;||padding-top: 0px;&#8220; border_width_all=&#8220;0px&#8220; border_width_bottom=&#8220;1px&#8220; global_colors_info=&#8220;{}&#8220;][et_pb_accordion_item title=&#8220;Wie fotografieren Sie Ihr Ultraschallbild, um die besten Ergebnisse zu erzielen?&#8220; open=&#8220;on&#8220; _builder_version=&#8220;4.13.1&#8243; _module_preset=&#8220;default&#8220; body_font=&#8220;||||||||&#8220; text_orientation=&#8220;left&#8220; global_colors_info=&#8220;{}&#8220;]Bringen Sie Ihr Ultraschallbild in einem hellen Raum mit einem kleinen St\u00fcck Klebeband an die Wand und fotografieren Sie es dann direkt von vorne. Denken Sie daran, das gesamte Bild einzuschlie\u00dfen. Besser, Sie erhalten einige Informationen rund um das Ultraschallbild. Wir werden es sp\u00e4ter in der Bearbeitung abschneiden, damit es komplett schwarz ist.<\/p>\n<p>Versuchen Sie, so wenig Glitzer wie m\u00f6glich zu bekommen. Daher sollten Sie Ihr Bild in einem hellen Raum ohne Blitz an der Kamera fotografieren.<br \/>\nSehen Sie sich ein <a href=\"https:\/\/forevigtmin.com\/wp-content\/uploads\/2021\/11\/exempel.jpg\" target=\"_blank\" rel=\"noopener\">Beispielbild<\/a> an, wie ein gutes Fotoshooting aussehen kann.<\/p>\n<p>Sie m\u00fcssen sich keine Sorgen machen, wenn Sie sich nicht sicher sind, ob es gut gelaufen ist oder nicht. Denn wenn wir feststellen, dass das Endergebnis nicht unseren Erwartungen entspricht, werden wir Sie kontaktieren, bevor wir mit der Produktion beginnen. So helfen wir Ihnen, aus dem Besten, was Sie haben, ein gro\u00dfartiges Produkt zu schaffen. Oder das Beste, was Sie je hatten.[\/et_pb_accordion_item][et_pb_accordion_item title=&#8220;Ich kann mein Ultraschallbild nicht fotografieren, k\u00f6nnen Sie mir helfen?&#8220; _builder_version=&#8220;4.13.1&#8243; _module_preset=&#8220;default&#8220; body_font=&#8220;||||||||&#8220; text_orientation=&#8220;left&#8220; global_colors_info=&#8220;{}&#8220; open=&#8220;off&#8220;]Nat\u00fcrlich! Das machen wir gerne. Senden Sie Ihr Ultraschallbild per Post an Forever my AB, Gamla R\u00e5dstugugatan 1B, SE-60224, Norrk\u00f6ping und wir helfen Ihnen weiter. Vergessen Sie nicht, Ihre Kontaktdaten wie Vor- und Nachname, Adresse, Telefonnummer und E-Mail-Adresse anzugeben.[\/et_pb_accordion_item][et_pb_accordion_item title=&#8220;Behandeln Sie mein Ultraschallbild so, dass es schwarz ohne wei\u00dfen Rahmen ist?&#8220; _builder_version=&#8220;4.13.1&#8243; _module_preset=&#8220;default&#8220; body_font=&#8220;||||||||&#8220; text_orientation=&#8220;left&#8220; global_colors_info=&#8220;{}&#8220; open=&#8220;off&#8220;]<\/p>\n<p><span>Ja, machen wir! Ihr Ultraschallbild beh\u00e4lt seine Details, jedoch ohne den wei\u00dfen Rahmen und vollst\u00e4ndig verdunkelt.<\/span><\/p>\n<p>[\/et_pb_accordion_item][et_pb_accordion_item title=&#8220;In welchen Gr\u00f6\u00dfen ist LifeSign erh\u00e4ltlich?&#8220; _builder_version=&#8220;4.13.1&#8243; _module_preset=&#8220;default&#8220; body_font=&#8220;||||||||&#8220; text_orientation=&#8220;left&#8220; global_colors_info=&#8220;{}&#8220; open=&#8220;off&#8220;]LifeSign ist in einer Einheitsgr\u00f6\u00dfe erh\u00e4ltlich. Die Gesamtabmessungen des Produkts betragen B18xH21xT5 cm. Das Brett ist 5 mm dick und misst 15 \u00d7 20 cm.[\/et_pb_accordion_item][et_pb_accordion_item title=&#8220;Mit welcher Methode drucken Sie mein Bild?&#8220; _builder_version=&#8220;4.13.1&#8243; _module_preset=&#8220;default&#8220; body_font=&#8220;||||||||&#8220; text_orientation=&#8220;left&#8220; global_colors_info=&#8220;{}&#8220; open=&#8220;off&#8220;]Wir verwenden modernste Technologie, indem wir Ihr Bild im UV-Druck aufbringen. Es ist ein exklusives Verfahren, das eine sehr hohe Wiedergabe des Motivs erzeugt.[\/et_pb_accordion_item][et_pb_accordion_item title=&#8220;In welchen Gr\u00f6\u00dfen ist LifeLamp erh\u00e4ltlich?&#8220; _builder_version=&#8220;4.13.1&#8243; _module_preset=&#8220;default&#8220; body_font=&#8220;||||||||&#8220; text_orientation=&#8220;left&#8220; global_colors_info=&#8220;{}&#8220; open=&#8220;off&#8220;]LifeLamp ist in 3 verschiedenen Gr\u00f6\u00dfen erh\u00e4ltlich; klein, mittel und gro\u00df.<br \/>\nSmall ist D15xH22xB14 cm, Medium ist D17xH26xB18 cm, Large ist D22xH30xB22 cm.[\/et_pb_accordion_item][et_pb_accordion_item title=&#8220;Wie lang ist das Kabel f\u00fcr LifeLamp?&#8220; _builder_version=&#8220;4.13.1&#8243; _module_preset=&#8220;default&#8220; body_font=&#8220;||||||||&#8220; text_orientation=&#8220;left&#8220; global_colors_info=&#8220;{}&#8220; open=&#8220;off&#8220;]Das Kabel ist 2 m lang und ist ein geflochtenes wei\u00dfes Gewebekabel.[\/et_pb_accordion_item][et_pb_accordion_item title=&#8220;Wie lang ist das Kabel f\u00fcr LifeSign?&#8220; _builder_version=&#8220;4.13.1&#8243; _module_preset=&#8220;default&#8220; body_font=&#8220;||||||||&#8220; text_orientation=&#8220;left&#8220; global_colors_info=&#8220;{}&#8220; open=&#8220;off&#8220;]Das Kabel ist 1,5 m lang und ist ein zweiteiliges Kunststoffkabel.[\/et_pb_accordion_item][\/et_pb_accordion][\/et_pb_column][\/et_pb_row][\/et_pb_section]<\/p>\n","protected":false},"excerpt":{"rendered":"<p>Fragen und AntwortenHier haben wir Antworten auf die am h\u00e4ufigsten gestellten Fragen gesammelt. Sie sind nach Kategorien unterteilt. F\u00fchlen Sie sich frei, unten zu lesen und wenn Sie die gesuchte Antwort nicht finden, k\u00f6nnen Sie sich herzlich an unseren Support wenden und wir werden unser Bestes tun, um Ihnen zu helfen.Fragen zur BestellungLaden Sie das [&hellip;]<\/p>\n","protected":false},"author":1,"featured_media":0,"parent":0,"menu_order":0,"comment_status":"closed","ping_status":"closed","template":"","meta":{"_et_pb_use_builder":"on","_et_pb_old_content":"","_et_gb_content_width":"","footnotes":""},"class_list":["post-1560","page","type-page","status-publish","hentry"],"_links":{"self":[{"href":"https:\/\/forevigtmin.com\/de\/wp-json\/wp\/v2\/pages\/1560","targetHints":{"allow":["GET"]}}],"collection":[{"href":"https:\/\/forevigtmin.com\/de\/wp-json\/wp\/v2\/pages"}],"about":[{"href":"https:\/\/forevigtmin.com\/de\/wp-json\/wp\/v2\/types\/page"}],"author":[{"embeddable":true,"href":"https:\/\/forevigtmin.com\/de\/wp-json\/wp\/v2\/users\/1"}],"replies":[{"embeddable":true,"href":"https:\/\/forevigtmin.com\/de\/wp-json\/wp\/v2\/comments?post=1560"}],"version-history":[{"count":21,"href":"https:\/\/forevigtmin.com\/de\/wp-json\/wp\/v2\/pages\/1560\/revisions"}],"predecessor-version":[{"id":6310,"href":"https:\/\/forevigtmin.com\/de\/wp-json\/wp\/v2\/pages\/1560\/revisions\/6310"}],"wp:attachment":[{"href":"https:\/\/forevigtmin.com\/de\/wp-json\/wp\/v2\/media?parent=1560"}],"curies":[{"name":"wp","href":"https:\/\/api.w.org\/{rel}","templated":true}]}}