{"id":1586,"date":"2021-11-18T14:11:37","date_gmt":"2021-11-18T14:11:37","guid":{"rendered":"https:\/\/forevigtmin.com\/so-einfach-ist-das\/"},"modified":"2022-01-19T14:12:13","modified_gmt":"2022-01-19T14:12:13","slug":"so-einfach-ist-das","status":"publish","type":"page","link":"https:\/\/forevigtmin.com\/de\/so-einfach-ist-das\/","title":{"rendered":"So einfach ist das"},"content":{"rendered":"<p>[et_pb_section fb_built=&#8220;1&#8243; _builder_version=&#8220;4.13.1&#8243; _module_preset=&#8220;default&#8220; background_enable_color=&#8220;off&#8220; background_image=&#8220;https:\/\/forevigtmin.com\/wp-content\/uploads\/2021\/11\/Fo\u0308r-Evigt-Min-Bild-hemsida.jpg&#8220; custom_padding=&#8220;100px||100px||true|false&#8220; global_colors_info=&#8220;{}&#8220;][et_pb_row _builder_version=&#8220;4.13.1&#8243; _module_preset=&#8220;default&#8220; global_colors_info=&#8220;{}&#8220;][et_pb_column type=&#8220;4_4&#8243; _builder_version=&#8220;4.13.1&#8243; _module_preset=&#8220;default&#8220; global_colors_info=&#8220;{}&#8220;][et_pb_text _builder_version=&#8220;4.14.4&#8243; _module_preset=&#8220;default&#8220; header_text_align=&#8220;center&#8220; header_text_color=&#8220;#FFFFFF&#8220; header_font_size=&#8220;60px&#8220; header_font_size_tablet=&#8220;60px&#8220; header_font_size_phone=&#8220;40px&#8220; header_font_size_last_edited=&#8220;on|phone&#8220; global_colors_info=&#8220;{}&#8220;]<\/p>\n<h1>So einfach ist das<\/h1>\n<p>[\/et_pb_text][\/et_pb_column][\/et_pb_row][\/et_pb_section][et_pb_section fb_built=&#8220;1&#8243; _builder_version=&#8220;4.11.2&#8243; _module_preset=&#8220;default&#8220; global_colors_info=&#8220;{}&#8220;][et_pb_row _builder_version=&#8220;4.11.2&#8243; _module_preset=&#8220;default&#8220; global_colors_info=&#8220;{}&#8220;][et_pb_column type=&#8220;4_4&#8243; _builder_version=&#8220;4.11.2&#8243; _module_preset=&#8220;default&#8220; global_colors_info=&#8220;{}&#8220;][et_pb_text _builder_version=&#8220;4.14.6&#8243; _module_preset=&#8220;default&#8220; header_5_font=&#8220;||||||||&#8220; header_6_font=&#8220;Circular STD Bold|||||on|||&#8220; header_6_text_align=&#8220;center&#8220; header_6_text_color=&#8220;#f4c7c1&#8243; header_6_letter_spacing=&#8220;3px&#8220; animation_style=&#8220;fade&#8220; global_colors_info=&#8220;{}&#8220;]<\/p>\n<h6>F\u00dcNF x LEBEN<\/h6>\n<p>[\/et_pb_text][et_pb_text _builder_version=&#8220;4.13.1&#8243; _module_preset=&#8220;default&#8220; header_font=&#8220;||||||||&#8220; header_text_align=&#8220;center&#8220; header_text_color=&#8220;#555553&#8243; header_font_size=&#8220;70px&#8220; header_2_text_align=&#8220;center&#8220; header_2_text_color=&#8220;#f4c7c1&#8243; header_2_font_size=&#8220;40px&#8220; max_width=&#8220;700px&#8220; module_alignment=&#8220;center&#8220; custom_margin=&#8220;||0px||false|false&#8220; animation_style=&#8220;zoom&#8220; animation_intensity_zoom=&#8220;5%&#8220; header_font_size_tablet=&#8220;&#8220; header_font_size_phone=&#8220;40px&#8220; header_font_size_last_edited=&#8220;on|phone&#8220; global_colors_info=&#8220;{}&#8220;]<\/p>\n<h2>Machen Sie ein Foto von Ihrem Ultraschallbild<\/h2>\n<p>[\/et_pb_text][et_pb_text _builder_version=&#8220;4.13.1&#8243; _module_preset=&#8220;default&#8220; text_font=&#8220;||||||||&#8220; text_text_color=&#8220;#555553&#8243; text_font_size=&#8220;20px&#8220; text_line_height=&#8220;1.4em&#8220; text_orientation=&#8220;center&#8220; max_width=&#8220;800px&#8220; module_alignment=&#8220;center&#8220; animation_style=&#8220;fade&#8220; global_colors_info=&#8220;{}&#8220;]<\/p>\n<p>Bringen Sie Ihr Ultraschallbild in einem hellen Raum mit einem kleinen St\u00fcck Klebeband an die Wand. Machen Sie ein Bild des Ultraschalls direkt von vorne. Machen Sie Fotos ohne Blitz und versuchen Sie, so wenig Glitzer wie m\u00f6glich in das Bild aufzunehmen. Denken Sie daran, das gesamte Bild einzuschlie\u00dfen. Besser, Sie erhalten einige Informationen rund um das Ultraschallbild. Wir schneiden es dann w\u00e4hrend der Bearbeitung ab, damit es komplett schwarz wird.<\/p>\n<p>[\/et_pb_text][et_pb_text _builder_version=&#8220;4.13.1&#8243; _module_preset=&#8220;default&#8220; header_font=&#8220;||||||||&#8220; header_text_align=&#8220;center&#8220; header_text_color=&#8220;#555553&#8243; header_font_size=&#8220;70px&#8220; header_2_text_align=&#8220;center&#8220; header_2_text_color=&#8220;#f4c7c1&#8243; header_2_font_size=&#8220;40px&#8220; max_width=&#8220;700px&#8220; module_alignment=&#8220;center&#8220; custom_margin=&#8220;||0px||false|false&#8220; animation_style=&#8220;zoom&#8220; animation_intensity_zoom=&#8220;5%&#8220; header_font_size_tablet=&#8220;&#8220; header_font_size_phone=&#8220;40px&#8220; header_font_size_last_edited=&#8220;on|phone&#8220; global_colors_info=&#8220;{}&#8220;]<\/p>\n<h2>2. Laden Sie Ihr Bild hoch<\/h2>\n<p>[\/et_pb_text][et_pb_text _builder_version=&#8220;4.13.1&#8243; _module_preset=&#8220;default&#8220; text_font=&#8220;||||||||&#8220; text_text_color=&#8220;#555553&#8243; text_font_size=&#8220;20px&#8220; text_line_height=&#8220;1.4em&#8220; text_orientation=&#8220;center&#8220; max_width=&#8220;800px&#8220; module_alignment=&#8220;center&#8220; animation_style=&#8220;fade&#8220; global_colors_info=&#8220;{}&#8220;]<\/p>\n<p>Gehen Sie zu &#8222;Unsere Produkte&#8220; und w\u00e4hlen Sie das Produkt aus, das Sie kaufen m\u00f6chten. Auf der Produktseite w\u00e4hlen Sie Steinfutter, Fotogr\u00f6\u00dfe und mit oder ohne Beleuchtung. Je nach Auswahl wird der Preis angepasst. Dr\u00fccken Sie dann auf &#8222;Bild hochladen&#8220; und w\u00e4hlen Sie Ihr Bild aus. Wenn das Bild korrekt hochgeladen wurde, sehen Sie eine kleine Miniaturansicht des Bilds, das Sie zum Hochladen ausgew\u00e4hlt haben. Wenn Sie das Bild \u00e4ndern m\u00f6chten, m\u00fcssen Sie nur noch einmal auf &#8222;Bild hochladen&#8220; klicken und dann das gew\u00fcnschte Bild ausw\u00e4hlen.<\/p>\n<p>[\/et_pb_text][et_pb_text _builder_version=&#8220;4.13.1&#8243; _module_preset=&#8220;default&#8220; header_font=&#8220;||||||||&#8220; header_text_align=&#8220;center&#8220; header_text_color=&#8220;#555553&#8243; header_font_size=&#8220;70px&#8220; header_2_text_align=&#8220;center&#8220; header_2_text_color=&#8220;#f4c7c1&#8243; header_2_font_size=&#8220;40px&#8220; max_width=&#8220;700px&#8220; module_alignment=&#8220;center&#8220; custom_margin=&#8220;||0px||false|false&#8220; animation_style=&#8220;zoom&#8220; animation_intensity_zoom=&#8220;5%&#8220; header_font_size_tablet=&#8220;&#8220; header_font_size_phone=&#8220;40px&#8220; header_font_size_last_edited=&#8220;on|phone&#8220; global_colors_info=&#8220;{}&#8220;]<\/p>\n<h2>3. Bildbearbeitung bei uns<\/h2>\n<p>[\/et_pb_text][et_pb_text _builder_version=&#8220;4.13.1&#8243; _module_preset=&#8220;default&#8220; text_font=&#8220;||||||||&#8220; text_text_color=&#8220;#555553&#8243; text_font_size=&#8220;20px&#8220; text_line_height=&#8220;1.4em&#8220; text_orientation=&#8220;center&#8220; max_width=&#8220;800px&#8220; module_alignment=&#8220;center&#8220; animation_style=&#8220;fade&#8220; global_colors_info=&#8220;{}&#8220;]<\/p>\n<p>Wenn Sie sich nicht sicher sind, ob das Bild nicht gut geworden ist, brauchen Sie sich keine Sorgen zu machen! Wir pr\u00fcfen alle Bilder immer sorgf\u00e4ltig vor der Produktion. Wenn ja, werden wir uns bei Ihnen melden, wenn etwas nicht stimmt. Gemeinsam schaffen wir tolle Erinnerungen, die Sie f\u00fcr immer behalten k\u00f6nnen.<\/p>\n<p>[\/et_pb_text][et_pb_code _builder_version=&#8220;4.13.1&#8243; _module_preset=&#8220;default&#8220; text_orientation=&#8220;center&#8220; custom_margin=&#8220;80px||||false|false&#8220; custom_padding=&#8220;||||true|false&#8220; animation_style=&#8220;fade&#8220; animation_delay=&#8220;250ms&#8220; global_colors_info=&#8220;{}&#8220;]<a href=\"https:\/\/forevigtmin.com\/butik\"><button style=\"padding: 30px 60px; background-color: #f7d2cc; border: none; border-radius: 50px; font-size: 20px; color: #555553; cursor: pointer\"><!-- [et_pb_line_break_holder] -->  <span style=\"font-family: 'Millerbanner Italic';\">Produkte<\/span> <b style=\"font-family: 'Circular STD Bold';\">erkunden<\/b><!-- [et_pb_line_break_holder] --><\/button><!-- [et_pb_line_break_holder] --><\/a>[\/et_pb_code][\/et_pb_column][\/et_pb_row][\/et_pb_section]<\/p>\n","protected":false},"excerpt":{"rendered":"<p>So einfach ist dasF\u00dcNF x LEBENMachen Sie ein Foto von Ihrem UltraschallbildBringen Sie Ihr Ultraschallbild in einem hellen Raum mit einem kleinen St\u00fcck Klebeband an die Wand. Machen Sie ein Bild des Ultraschalls direkt von vorne. Machen Sie Fotos ohne Blitz und versuchen Sie, so wenig Glitzer wie m\u00f6glich in das Bild aufzunehmen. Denken Sie [&hellip;]<\/p>\n","protected":false},"author":1,"featured_media":0,"parent":0,"menu_order":0,"comment_status":"closed","ping_status":"closed","template":"","meta":{"_et_pb_use_builder":"on","_et_pb_old_content":"","_et_gb_content_width":"","footnotes":""},"class_list":["post-1586","page","type-page","status-publish","hentry"],"_links":{"self":[{"href":"https:\/\/forevigtmin.com\/de\/wp-json\/wp\/v2\/pages\/1586","targetHints":{"allow":["GET"]}}],"collection":[{"href":"https:\/\/forevigtmin.com\/de\/wp-json\/wp\/v2\/pages"}],"about":[{"href":"https:\/\/forevigtmin.com\/de\/wp-json\/wp\/v2\/types\/page"}],"author":[{"embeddable":true,"href":"https:\/\/forevigtmin.com\/de\/wp-json\/wp\/v2\/users\/1"}],"replies":[{"embeddable":true,"href":"https:\/\/forevigtmin.com\/de\/wp-json\/wp\/v2\/comments?post=1586"}],"version-history":[{"count":21,"href":"https:\/\/forevigtmin.com\/de\/wp-json\/wp\/v2\/pages\/1586\/revisions"}],"predecessor-version":[{"id":6285,"href":"https:\/\/forevigtmin.com\/de\/wp-json\/wp\/v2\/pages\/1586\/revisions\/6285"}],"wp:attachment":[{"href":"https:\/\/forevigtmin.com\/de\/wp-json\/wp\/v2\/media?parent=1586"}],"curies":[{"name":"wp","href":"https:\/\/api.w.org\/{rel}","templated":true}]}}