{"id":1634,"date":"2021-11-18T14:11:39","date_gmt":"2021-11-18T14:11:39","guid":{"rendered":"https:\/\/forevigtmin.com\/informationen-zum-kauf\/"},"modified":"2022-01-06T17:33:15","modified_gmt":"2022-01-06T17:33:15","slug":"informationen-zum-kauf","status":"publish","type":"page","link":"https:\/\/forevigtmin.com\/de\/informationen-zum-kauf\/","title":{"rendered":"Informationen zum Kauf"},"content":{"rendered":"<p>[et_pb_section fb_built=&#8220;1&#8243; _builder_version=&#8220;4.13.1&#8243; _module_preset=&#8220;default&#8220; background_enable_color=&#8220;off&#8220; background_image=&#8220;https:\/\/forevigtmin.com\/wp-content\/uploads\/2021\/11\/Fo\u0308r-Evigt-Min-Bild-hemsida.jpg&#8220; custom_padding=&#8220;100px||100px||true|false&#8220; global_colors_info=&#8220;{}&#8220;][et_pb_row _builder_version=&#8220;4.13.1&#8243; _module_preset=&#8220;default&#8220; global_colors_info=&#8220;{}&#8220;][et_pb_column type=&#8220;4_4&#8243; _builder_version=&#8220;4.13.1&#8243; _module_preset=&#8220;default&#8220; global_colors_info=&#8220;{}&#8220;][et_pb_text _builder_version=&#8220;4.14.4&#8243; _module_preset=&#8220;default&#8220; header_text_align=&#8220;center&#8220; header_text_color=&#8220;#FFFFFF&#8220; header_font_size=&#8220;60px&#8220; hover_enabled=&#8220;0&#8243; global_colors_info=&#8220;{}&#8220; header_font_size_last_edited=&#8220;on|phone&#8220; sticky_enabled=&#8220;0&#8243; header_font_size_phone=&#8220;40px&#8220; header_font_size_tablet=&#8220;60px&#8220;]<\/p>\n<h1>Informationen zum Kauf<\/h1>\n<p>[\/et_pb_text][\/et_pb_column][\/et_pb_row][\/et_pb_section][et_pb_section fb_built=&#8220;1&#8243; _builder_version=&#8220;4.13.1&#8243; _module_preset=&#8220;default&#8220; global_colors_info=&#8220;{}&#8220;][et_pb_row _builder_version=&#8220;4.13.1&#8243; _module_preset=&#8220;default&#8220; animation_style=&#8220;fade&#8220; global_colors_info=&#8220;{}&#8220;][et_pb_column type=&#8220;4_4&#8243; _builder_version=&#8220;4.13.1&#8243; _module_preset=&#8220;default&#8220; global_colors_info=&#8220;{}&#8220;][et_pb_text _builder_version=&#8220;4.13.1&#8243; _module_preset=&#8220;default&#8220; header_2_text_align=&#8220;center&#8220; header_2_font_size=&#8220;35px&#8220; global_colors_info=&#8220;{}&#8220;]<\/p>\n<h2>Informationen zum Kauf<\/h2>\n<p>[\/et_pb_text][et_pb_divider divider_weight=&#8220;5px&#8220; _builder_version=&#8220;4.13.1&#8243; _module_preset=&#8220;default&#8220; width=&#8220;100px&#8220; module_alignment=&#8220;center&#8220; global_colors_info=&#8220;{}&#8220;][\/et_pb_divider][et_pb_text _builder_version=&#8220;4.13.1&#8243; _module_preset=&#8220;default&#8220; text_font_size=&#8220;16px&#8220; header_2_text_align=&#8220;center&#8220; header_2_font_size=&#8220;35px&#8220; global_colors_info=&#8220;{}&#8220;]<\/p>\n<p>Allgemeine Gesch\u00e4ftsbedingungen f\u00fcr Produkte und Dienstleistungen von Forever My AB (im Folgenden Forever My AB genannt, Unternehmensidentifikationsnummer 559147-9737).<\/p>\n<p><b>Allgemein<\/b><\/p>\n<p>Bestellungen werden \u00fcber forevigtmin.se, aber auch per E-Mail entgegengenommen. Damit Sie sich bei Ihrem Einkauf sicher f\u00fchlen, k\u00f6nnen Sie sich bei Fragen zu Ihrer Bestellung jederzeit gerne an unseren Kundenservice unter <a href=\"mailto:support@forevigtmin.se\">support@forevigtmin.se wenden<\/a> .<\/p>\n<p>Nach der Bestellung bei forevigtmin.se erfolgt die Kommunikation bez\u00fcglich Ihrer Bestellung per E-Mail. Daher ist es wichtig, dass Sie eine korrekte E-Mail-Adresse eingeben.<\/p>\n<p>Forever my AB beh\u00e4lt sich das Recht auf Endverk\u00e4ufe, Verz\u00f6gerungen, technische Probleme und falsche Artikelinformationen vor. Forever my AB beh\u00e4lt sich das Recht vor, die Preise ohne vorherige Ank\u00fcndigung zu \u00e4ndern. Dar\u00fcber hinaus behalten wir uns das Recht vor, eine Bestellung bei Vorliegen besonderer Gr\u00fcnde zu stornieren.<\/p>\n<p>LifeLamp\u00ae ist design- und formgesch\u00fctzt mit vollem Schutz in 27 L\u00e4ndern. Das Zertifikat wird vom Amt der Europ\u00e4ischen Union f\u00fcr geistiges Eigentum ausgestellt. <a href=\"https:\/\/forevigtmin.com\/wp-content\/uploads\/2021\/11\/lifelamp.pdf\" target=\"_blank\" rel=\"noopener\">Weitere Informationen zum Schutz finden Sie hier<\/a> (pdf).<\/p>\n<p><b>Kundenregistrierung<\/b><\/p>\n<p>Um auf unsere Webdienste zugreifen zu k\u00f6nnen, m\u00fcssen Sie sich zun\u00e4chst als Benutzer registrieren. Personenbezogene Daten, die Forever My AB zur Verf\u00fcgung gestellt werden, werden mit gr\u00f6\u00dfter Vertraulichkeit behandelt. Ihre pers\u00f6nlichen Daten sind gesch\u00fctzt und werden niemals an Dritte weitergegeben.<\/p>\n<p>Nachdem Sie Ihren Benutzernamen und Ihr Passwort registriert haben, m\u00fcssen Sie unsere Allgemeinen Gesch\u00e4ftsbedingungen akzeptieren, indem Sie in das Feld &#8222;Ich akzeptiere Bedingungen und Garantien&#8220; klicken. Dann k\u00f6nnen Sie unsere Dienste nutzen.<\/p>\n<p>Als Benutzer m\u00fcssen Sie Forever My AB Ihre korrekte Identit\u00e4t mitteilen und haben nicht das Recht, den Webservice anonym oder unter einer falschen Identit\u00e4t zu nutzen. Dar\u00fcber hinaus hat jeder Nutzer das Recht, sich nur einmal als Nutzer zu registrieren.<\/p>\n<p>Unter &#8222;Mein Konto&#8220; k\u00f6nnen Sie jederzeit Ihre pers\u00f6nlichen Daten einsehen. Dort k\u00f6nnen Sie auch Ihre pers\u00f6nlichen Daten \u00e4ndern und w\u00e4hlen, ob Sie Angebote w\u00fcnschen oder nicht. Vor\u00fcbergehende oder dauerhafte Adress\u00e4nderungen m\u00fcssen unverz\u00fcglich auf \u201eMein Konto\u201c ge\u00e4ndert werden, um eine verz\u00f6gerungsfreie Zustellung zu gew\u00e4hrleisten. Adress\u00e4nderungen sollten immer vor einer erneuten Bestellung vorgenommen werden, um die Lieferung an die richtige Adresse zu gew\u00e4hrleisten.<\/p>\n<p><b>Preise und Zahlung<\/b><\/p>\n<p>Um bei Forever my AB bestellen zu k\u00f6nnen, musst du 18 Jahre alt sein. In Zusammenarbeit mit Klarna bieten wir Rechnungszahlung, Teilzahlung, Kreditkartenzahlung und Direktzahlung an.<\/p>\n<p>Unsere Rechnungen werden im Zusammenhang mit der Bestellung von uns per E-Mail versandt. Die Rechnung hat ein F\u00e4lligkeitsdatum von 14 Tagen. Rechnungen an Unternehmen werden per Post an die angegebene Rechnungsadresse versandt und haben eine F\u00e4lligkeit von 30 Tagen. Weitere Informationen und vollst\u00e4ndige Gesch\u00e4ftsbedingungen zu den Zahlungsmethoden von Klarna finden Sie unter Klarna.se.<\/p>\n<p>Die Preise unserer Produkte sind in schwedischen Kronen inklusive Mehrwertsteuer angegeben. Die Mehrwertsteuer betr\u00e4gt 25 %. Wir behalten uns das Recht vor, Preise ohne vorherige Ank\u00fcndigung zu \u00e4ndern.<\/p>\n<p>Es gilt der zum Zeitpunkt der Bestellung ma\u00dfgebliche Preis, unabh\u00e4ngig davon, ob der Preis danach steigt oder f\u00e4llt.<\/p>\n<p>An der Kasse sehen Sie den Gesamtpreis inklusive Mehrwertsteuer und eventueller Versandkosten. An der Kasse finden Sie auch die vollst\u00e4ndigen Versand- und Zahlungsbedingungen.<\/p>\n<p><b>Angebotscodes<\/b><\/p>\n<p>Forever my AB-Angebotscodes k\u00f6nnen f\u00fcr Eink\u00e4ufe \u00fcber forevigtmin.se verwendet werden. Angebotscodes sind nicht kombinierbar, sofern nicht anders angegeben. Forever my AB \u00fcbernimmt keine Verantwortung f\u00fcr falsch verwendeten Code nach Abschluss des Kaufs. Angebote und Rabattcodes in SMS-Mailings, Mailings per E-Mail oder einer anderen Kommunikationsform k\u00f6nnen auf forevigtmin.se nur einmal pro Kunde verwendet werden und k\u00f6nnen nicht mit anderen Angeboten oder Rabatten kombiniert werden, sofern nicht anders angegeben. Eventueller Versand wird hinzugef\u00fcgt.<\/p>\n<p><b>Lieferungen<\/b><\/p>\n<p>Wir versuchen alle Bestellungen innerhalb von 10 Minuten nach der Bestellung zu bearbeiten und noch am selben Tag der Bestellung zu versenden. In Einzelf\u00e4llen kann die Bestellung jedoch aufgrund unvorhergesehener Ereignisse etwas l\u00e4nger dauern. Lieferverz\u00f6gerungen behalten wir uns vor.<\/p>\n<p><b>Verzug und Teillieferung<\/b><\/p>\n<p>Wir geben unser Bestes, um so schnell wie m\u00f6glich zu liefern, aber manchmal kann es leider zu Verz\u00f6gerungen kommen. Wir garantieren daher keine Lieferung bis zu einem bestimmten Tag und behalten uns immer Verz\u00f6gerungen vor. Wenn ein Produkt nicht rechtzeitig geliefert werden kann, senden wir Ihnen eine E-Mail mit Informationen zu. Wenn wir unter Verz\u00f6gerungen leiden, sind es normalerweise nicht viele Tage.<\/p>\n<p><b>Stornierung<\/b><\/p>\n<p>Da wir versuchen, alle eingehenden Bestellungen innerhalb von 10 Minuten zu bearbeiten, kann es sein, dass Ihr bestelltes Produkt bereits in Produktion ist. Wenn Sie Ihre Bestellung jedoch stornieren m\u00f6chten, k\u00f6nnen Sie uns eine E-Mail an <a href=\"mailto:support@forevigtmin.se\">support@forevigtmin.se senden<\/a> und wir werden sehen, was wir tun k\u00f6nnen.<\/p>\n<p><b>Widerrufs- und R\u00fcckgaberecht<\/b><\/p>\n<p>Da LifeSign und andere kundenindividuelle Produkte in unserem Sortiment als einzigartige, pers\u00f6nliche Bilder produziert werden, haben Sie kein Widerrufs- oder Widerrufsrecht f\u00fcr Ihre Bestellung. Diese Bedingungen werden durch das Gesetz \u00fcber Fernabsatzvertr\u00e4ge und Vereinbarungen au\u00dferhalb von Gesch\u00e4ftsr\u00e4umen (2005: 59) 4 \u00a7 1 p und das Verbraucherdienstleistungsgesetz (1985: 716) 42 \u00a7 unterst\u00fctzt.<\/p>\n<p>Privatkunden fallen bei LifeLamp unter das Fernabsatzgesetz und haben ein 14-t\u00e4giges Widerrufsrecht. Das bedeutet, dass Sie als Kunde das Recht haben, Ihren Kauf innerhalb von 14 Tagen nach Erhalt des Produkts zu stornieren. R\u00fccksendungen m\u00fcssen unbenutzt und in der Originalverpackung sein. Bei Aus\u00fcbung des Widerrufsrechts \/ offenen Kaufs ist der Kunde f\u00fcr die R\u00fccksendung verantwortlich.<\/p>\n<p>F\u00fcr nicht abgeholte Briefe oder Pakete berechnen wir eine Geb\u00fchr von derzeit 189 SEK f\u00fcr die Kosten unserer Verwaltung, Versand, R\u00fccksendung und Bearbeitung. Nicht eingel\u00f6ste Pakete fallen nicht unter das Widerrufsrecht.<\/p>\n<p><b>Beschwerde<\/b><\/p>\n<p>Da alle Produkte in unserem Sortiment als einzigartige, pers\u00f6nliche Bilder produziert werden, haben Sie kein Widerrufs- oder Widerrufsrecht bei Ihrer Bestellung, diese Bedingungen werden durch das Gesetz \u00fcber Fernabsatzvertr\u00e4ge und Vereinbarungen au\u00dferhalb von Gesch\u00e4ftsr\u00e4umen (2005: 59) 4 \u00a7 1 p . unterst\u00fctzt und das Consumer Services Act (1985: 716) 42 \u00a7. Es ist nicht m\u00f6glich, Ihre Sendung an eine andere Adresse zu senden, als die, die Sie bei der Best\u00e4tigung Ihrer Bestellung angegeben haben. Wir k\u00f6nnen die Adresse nachtr\u00e4glich nicht \u00e4ndern oder das Paket an Dritte oder in ein anderes Land weiterleiten.<\/p>\n<p>Im Falle einer R\u00fccksendung erstatten wir Ihnen das R\u00fccksendeporto innerhalb von 14 Tagen nach Erhalt der Reklamations-\/R\u00fccksendungsanzeige. Die im Zusammenhang mit der R\u00fccksendung entstandenen Aufwendungen erstatten wir Ihnen, sofern die Kosten angemessen sind. Damit Aufwendungen erstattet werden k\u00f6nnen, m\u00fcssen diese von Ihnen als Kunde durch eine Quittung oder einen gleichwertigen Nachweis nachgewiesen werden. Wir akzeptieren nur R\u00fccksendungen der Produkte, die in der Originalverpackung zur\u00fcckgegeben werden. Wenden Sie sich jedoch immer an den Kundenservice, bevor Sie etwas zur\u00fccksenden, und dieser wird Sie dar\u00fcber informieren, wie Sie vorgehen und an welche Adresse das Paket gesendet werden soll.<\/p>\n<p>Das Reklamationsrecht umfasst nur Originalm\u00e4ngel, das Reklamationsrecht umfasst keine M\u00e4ngel, die durch normale Abnutzung entstanden sind. Reklamationen bei Forever my AB m\u00fcssen innerhalb einer angemessenen Frist nach Entdeckung des Fehlers, sp\u00e4testens jedoch innerhalb von drei Jahren erfolgen. Forever my AB beh\u00e4lt sich das Recht vor, in erster Instanz den Fehler zu beheben, in zweiter Instanz die Ware erneut zu liefern und letztendlich den R\u00fcckkauf vorzunehmen.<\/p>\n<p><b>Pers\u00f6nliche Informationen<\/b><\/p>\n<p>Uns ist es wichtig, dass Sie sich als Kunde sicher f\u00fchlen, wenn Sie bei uns einkaufen. <a href=\"https:\/\/forevigtmin.com\/de\/datenschutz-bestimmungen\/\">Hier erfahren Sie,<\/a> wie wir mit personenbezogenen Daten umgehen und diese sch\u00fctzen.<\/p>\n<p><b>Hochladen und Speichern von Bildern in elektronischer Form<\/b><\/p>\n<p>Die Bilder werden ohne besondere Geb\u00fchr 90 Tage lang gespeichert, danach werden die Bilder gel\u00f6scht. Auf forevigtmin.se hochgeladene Bilder k\u00f6nnen nicht auf den Computer \/ das Tablet \/ das Mobiltelefon des Benutzers hochgeladen werden. Sie m\u00fcssen selbst Sicherungskopien Ihrer digitalen Bilddateien erstellen.<\/p>\n<p>Als Benutzer sind Sie allein daf\u00fcr verantwortlich, sicherzustellen, dass das hochgeladene Bild nicht gegen Gesetze, Moral oder Ethik verst\u00f6\u00dft. Sie sind auch daf\u00fcr verantwortlich, sicherzustellen, dass das hochgeladene Bild nicht das Urheberrecht oder andere Rechte anderer verletzt. Sollten Sie ein schadenersatzpflichtiges Bild hochladen, das an Forever My AB gerichtet ist, m\u00fcssen Sie als Nutzer allein alle Rechtsstreitigkeiten und Schadenersatzhaftungen \u00fcbernehmen.<\/p>\n<p>Forever my AB \u00fcbernimmt keine Verantwortung f\u00fcr das auf der Website gespeicherte Material. Sie haben keinen Anspruch auf Entsch\u00e4digung, wenn auf der Website gespeichertes Material verloren geht oder besch\u00e4digt wird.<\/p>\n<p><b>Nutzungsbedingungen<\/b><\/p>\n<p>Forever my AB beh\u00e4lt sich das Recht vor, \u00c4nderungen an diesen Bedingungen vorzunehmen. Jedes Mal, wenn Sie unseren Service nutzen, verpflichten Sie sich, die geltenden Bedingungen einzuhalten.<\/p>\n<p>[\/et_pb_text][\/et_pb_column][\/et_pb_row][\/et_pb_section]<\/p>\n","protected":false},"excerpt":{"rendered":"<p>Informationen zum KaufInformationen zum KaufAllgemeine Gesch\u00e4ftsbedingungen f\u00fcr Produkte und Dienstleistungen von Forever My AB (im Folgenden Forever My AB genannt, Unternehmensidentifikationsnummer 559147-9737). Allgemein Bestellungen werden \u00fcber forevigtmin.se, aber auch per E-Mail entgegengenommen. Damit Sie sich bei Ihrem Einkauf sicher f\u00fchlen, k\u00f6nnen Sie sich bei Fragen zu Ihrer Bestellung jederzeit gerne an unseren Kundenservice unter support@forevigtmin.se [&hellip;]<\/p>\n","protected":false},"author":1,"featured_media":0,"parent":0,"menu_order":0,"comment_status":"closed","ping_status":"closed","template":"","meta":{"_et_pb_use_builder":"on","_et_pb_old_content":"","_et_gb_content_width":"","footnotes":""},"class_list":["post-1634","page","type-page","status-publish","hentry"],"_links":{"self":[{"href":"https:\/\/forevigtmin.com\/de\/wp-json\/wp\/v2\/pages\/1634","targetHints":{"allow":["GET"]}}],"collection":[{"href":"https:\/\/forevigtmin.com\/de\/wp-json\/wp\/v2\/pages"}],"about":[{"href":"https:\/\/forevigtmin.com\/de\/wp-json\/wp\/v2\/types\/page"}],"author":[{"embeddable":true,"href":"https:\/\/forevigtmin.com\/de\/wp-json\/wp\/v2\/users\/1"}],"replies":[{"embeddable":true,"href":"https:\/\/forevigtmin.com\/de\/wp-json\/wp\/v2\/comments?post=1634"}],"version-history":[{"count":3,"href":"https:\/\/forevigtmin.com\/de\/wp-json\/wp\/v2\/pages\/1634\/revisions"}],"predecessor-version":[{"id":5672,"href":"https:\/\/forevigtmin.com\/de\/wp-json\/wp\/v2\/pages\/1634\/revisions\/5672"}],"wp:attachment":[{"href":"https:\/\/forevigtmin.com\/de\/wp-json\/wp\/v2\/media?parent=1634"}],"curies":[{"name":"wp","href":"https:\/\/api.w.org\/{rel}","templated":true}]}}