{"id":1641,"date":"2021-11-18T14:11:40","date_gmt":"2021-11-18T14:11:40","guid":{"rendered":"https:\/\/forevigtmin.com\/datenschutz-bestimmungen\/"},"modified":"2022-01-06T17:33:38","modified_gmt":"2022-01-06T17:33:38","slug":"datenschutz-bestimmungen","status":"publish","type":"page","link":"https:\/\/forevigtmin.com\/de\/datenschutz-bestimmungen\/","title":{"rendered":"Datenschutz-Bestimmungen"},"content":{"rendered":"<p>[et_pb_section fb_built=&#8220;1&#8243; _builder_version=&#8220;4.13.1&#8243; _module_preset=&#8220;default&#8220; background_enable_color=&#8220;off&#8220; background_image=&#8220;https:\/\/forevigtmin.com\/wp-content\/uploads\/2021\/11\/Fo\u0308r-Evigt-Min-Bild-hemsida.jpg&#8220; custom_padding=&#8220;100px||100px||true|false&#8220; global_colors_info=&#8220;{}&#8220;][et_pb_row _builder_version=&#8220;4.13.1&#8243; _module_preset=&#8220;default&#8220; global_colors_info=&#8220;{}&#8220;][et_pb_column type=&#8220;4_4&#8243; _builder_version=&#8220;4.13.1&#8243; _module_preset=&#8220;default&#8220; global_colors_info=&#8220;{}&#8220;][et_pb_text _builder_version=&#8220;4.14.4&#8243; _module_preset=&#8220;default&#8220; header_text_align=&#8220;center&#8220; header_text_color=&#8220;#FFFFFF&#8220; header_font_size=&#8220;60px&#8220; hover_enabled=&#8220;0&#8243; global_colors_info=&#8220;{}&#8220; header_font_size_last_edited=&#8220;on|phone&#8220; sticky_enabled=&#8220;0&#8243; header_font_size_phone=&#8220;40px&#8220; header_font_size_tablet=&#8220;60px&#8220;]<\/p>\n<h1>Datenschutz-Bestimmungen<\/h1>\n<p>[\/et_pb_text][\/et_pb_column][\/et_pb_row][\/et_pb_section][et_pb_section fb_built=&#8220;1&#8243; admin_label=&#8220;section&#8220; _builder_version=&#8220;3.22&#8243; global_colors_info=&#8220;{}&#8220;][et_pb_row admin_label=&#8220;Reihe&#8220; _builder_version=&#8220;4.13.1&#8243; background_size=&#8220;initial&#8220; background_position=&#8220;top_left&#8220; background_repeat=&#8220;repeat&#8220; animation_style=&#8220;fade&#8220; global_colors_info=&#8220;{}&#8220;][et_pb_column type=&#8220;4_4&#8243; _builder_version=&#8220;3.25&#8243; custom_padding=&#8220;|||&#8220; global_colors_info=&#8220;{}&#8220; custom_padding__hover=&#8220;|||&#8220;][et_pb_text _builder_version=&#8220;4.13.1&#8243; _module_preset=&#8220;default&#8220; header_2_text_align=&#8220;center&#8220; header_2_font_size=&#8220;35px&#8220; global_colors_info=&#8220;{}&#8220;]<\/p>\n<h2>Datenschutz-Bestimmungen<\/h2>\n<p>[\/et_pb_text][et_pb_divider divider_weight=&#8220;5px&#8220; _builder_version=&#8220;4.13.1&#8243; _module_preset=&#8220;default&#8220; width=&#8220;100px&#8220; module_alignment=&#8220;center&#8220; global_colors_info=&#8220;{}&#8220;][\/et_pb_divider][et_pb_text _builder_version=&#8220;4.13.1&#8243; _module_preset=&#8220;default&#8220; text_font_size=&#8220;16px&#8220; header_2_text_align=&#8220;center&#8220; header_2_font_size=&#8220;35px&#8220; global_colors_info=&#8220;{}&#8220;]Forever my AB ist zum Schutz Ihrer personenbezogenen Daten verpflichtet und h\u00e4lt es f\u00fcr wichtig, dass dies ernsthaft geschieht. Daher informieren wir in diesem Text dar\u00fcber, was wir erheben und wie die Daten verarbeitet werden.<\/p>\n<p>&nbsp;<\/p>\n<p><b>Welche Informationen sammeln wir?<br \/>\n<\/b>Wir erfassen Informationen, die Sie uns \u00fcber das Kontaktformular zur Verf\u00fcgung stellen, und dann die Informationen, die Sie freiwillig ausf\u00fcllen oder ben\u00f6tigen, um Ihnen die Dienstleistung oder das von Ihnen bestellte Produkt \/ die bestellte Dienstleistung erbringen zu k\u00f6nnen. Bei der Nutzung unserer Website werden bestimmte Daten auf unserem Server gespeichert. Diese Informationen k\u00f6nnen aus Ihrer IP-Adresse, Ihrem verwendeten Browser, den von Ihnen angeklickten ausgehenden Links und der Website bestehen, \u00fcber die Sie auf unsere Website verlinkt haben. Dies geschieht aus Sicherheitsgr\u00fcnden. Diese Informationen k\u00f6nnten Sie identifizieren, aber wir k\u00f6nnen nichts tun. Die zu statistischen Zwecken verwendeten Informationen identifizieren keine einzelnen Nutzer, sondern bleiben anonym.<\/p>\n<p>Sie k\u00f6nnen unsere Seite nutzen, ohne personenbezogene Daten zu hinterlassen, sofern dies nicht erforderlich ist, um Ihnen die Dienstleistung oder das bestellte Produkt\/Dienstleistung erbringen zu k\u00f6nnen. Hochgeladene Bilder werden nach Versand des Produkts 90 Tage lang gespeichert.<\/p>\n<p>&nbsp;<\/p>\n<p><b>Was machen wir mit den gesammelten Informationen?<br \/>\n<\/b>Die personenbezogenen Daten werden verwendet, um die von Ihnen gew\u00fcnschte Ma\u00dfnahme verwalten zu k\u00f6nnen, z.B. die Bestellung eines Produkts, eine gesendete Anfrage, von Ihnen bestellte Materialien oder \u00e4hnliche Ma\u00dfnahmen, bei denen Sie sich selbst entschieden haben, uns die Informationen zur Verf\u00fcgung zu stellen, oder dies gesetzlich vorgeschrieben ist. Die Informationen werden nicht l\u00e4nger gespeichert, als dies zur Erf\u00fcllung des Zwecks erforderlich ist.<\/p>\n<p>&nbsp;<\/p>\n<p><b>Weitergabe von Daten an Dritte<\/b><br \/>\n Es werden keine Informationen an Dritte weitergegeben, es sei denn, wir haben Ihre Erlaubnis dazu oder sind gesetzlich dazu verpflichtet.<\/p>\n<p>&nbsp;<\/p>\n<p><b>Anbieter<\/b><br \/>\n Die Server der Website werden von Loopia AB bereitgestellt.<\/p>\n<p>&nbsp;<\/p>\n<p><b>Deine Rechte<\/b><br \/>\n Sie haben jederzeit das Recht, eine Kopie der von uns \u00fcber Sie verarbeiteten personenbezogenen Daten, deren Herkunft, die Zwecke der Verarbeitung und die Empf\u00e4nger der Daten zu erhalten. Sie haben jederzeit das Recht, unrichtige Angaben zu Ihrer Person zu berichtigen. Sie haben auch das Recht, Ihre Einwilligung zum Umgang mit personenbezogenen Daten jederzeit zu widerrufen und alle Ihre personenbezogenen Daten zu l\u00f6schen. Sie k\u00f6nnen dies tun, indem Sie uns unter <a href=\"mailto:hello@forevigtmin.se\">hello@forevigtmin.se<\/a> kontaktieren.<\/p>\n<p>&nbsp;<\/p>\n<p><b>Kekse<\/b><br \/>\n Die Website verwendet sogenannte \u201eCookies\u201c. Cookies sind kleine Textdateien, die \u00fcber Ihren Browser auf Ihrer Festplatte abgelegt werden. Sie speichern spezielle Informationen (zB Ihre Standard-Spracheinstellungen oder Seiteneinstellungen), die Ihr Browser beim n\u00e4chsten Besuch unserer Website an uns zur\u00fcckgeben kann (je nach Lebensdauer des Cookies).<\/p>\n<p>Unsere Website verwendet zwei verschiedene Arten von Cookies, die aus technischen Gr\u00fcnden und aus Sicherheitsgr\u00fcnden erforderlich sind, sowie optionale Cookies.<\/p>\n<p>Sie k\u00f6nnen unsere Website selbstverst\u00e4ndlich nutzen, ohne dass Cookies (auch technisch bedingte Cookies) aktiviert werden. In Ihrem Browser k\u00f6nnen Sie die Verwendung von Cookies jederzeit einschr\u00e4nken oder deaktivieren. Dies kann jedoch negative Auswirkungen auf die Funktionalit\u00e4t und Benutzerfreundlichkeit unserer Website haben.<\/p>\n<p>&nbsp;<\/p>\n<p><b>Kontakt<\/b><br \/>\n Bei Fragen, Problemen oder Anliegen k\u00f6nnen Sie uns gerne unter <a href=\"mailto:hello@forevigtmin.se\">hello@forevigtmin.se kontaktieren<\/a> . Die st\u00e4ndige Weiterentwicklung des Internets kann dazu f\u00fchren, dass sich diese Bedingungen \u00e4ndern. Bei Bedarf behalten wir uns \u00c4nderungen vor.[\/et_pb_text][\/et_pb_column][\/et_pb_row][\/et_pb_section]<\/p>\n","protected":false},"excerpt":{"rendered":"<p>Datenschutz-BestimmungenDatenschutz-BestimmungenForever my AB ist zum Schutz Ihrer personenbezogenen Daten verpflichtet und h\u00e4lt es f\u00fcr wichtig, dass dies ernsthaft geschieht. Daher informieren wir in diesem Text dar\u00fcber, was wir erheben und wie die Daten verarbeitet werden. &nbsp; Welche Informationen sammeln wir? Wir erfassen Informationen, die Sie uns \u00fcber das Kontaktformular zur Verf\u00fcgung stellen, und dann die [&hellip;]<\/p>\n","protected":false},"author":1,"featured_media":0,"parent":0,"menu_order":0,"comment_status":"closed","ping_status":"open","template":"","meta":{"_et_pb_use_builder":"on","_et_pb_old_content":"","_et_gb_content_width":"","footnotes":""},"class_list":["post-1641","page","type-page","status-publish","hentry"],"_links":{"self":[{"href":"https:\/\/forevigtmin.com\/de\/wp-json\/wp\/v2\/pages\/1641","targetHints":{"allow":["GET"]}}],"collection":[{"href":"https:\/\/forevigtmin.com\/de\/wp-json\/wp\/v2\/pages"}],"about":[{"href":"https:\/\/forevigtmin.com\/de\/wp-json\/wp\/v2\/types\/page"}],"author":[{"embeddable":true,"href":"https:\/\/forevigtmin.com\/de\/wp-json\/wp\/v2\/users\/1"}],"replies":[{"embeddable":true,"href":"https:\/\/forevigtmin.com\/de\/wp-json\/wp\/v2\/comments?post=1641"}],"version-history":[{"count":3,"href":"https:\/\/forevigtmin.com\/de\/wp-json\/wp\/v2\/pages\/1641\/revisions"}],"predecessor-version":[{"id":5688,"href":"https:\/\/forevigtmin.com\/de\/wp-json\/wp\/v2\/pages\/1641\/revisions\/5688"}],"wp:attachment":[{"href":"https:\/\/forevigtmin.com\/de\/wp-json\/wp\/v2\/media?parent=1641"}],"curies":[{"name":"wp","href":"https:\/\/api.w.org\/{rel}","templated":true}]}}