{"id":3985,"date":"2021-11-14T14:56:58","date_gmt":"2021-11-30T22:16:19","guid":{"rendered":"https:\/\/forevigtmin.com\/product\/lifesign-x-fotografie\/"},"modified":"2022-01-19T14:05:26","modified_gmt":"2022-01-19T14:05:26","slug":"lifesign-x-fotografie","status":"publish","type":"product","link":"https:\/\/forevigtmin.com\/de\/produkt\/lifesign-x-fotografie\/","title":{"rendered":"LifeSign x Fotografie"},"content":{"rendered":"<h1><i>Produktinformationen<\/i><\/h1>\n<h1>&#8211;<\/h1>\n<p>Das Produkt wird in unserer Produktion etwas au\u00dferhalb von Norrk\u00f6ping handgefertigt, hergestellt und entworfen. Das Produkt ist Teil der Wild Rocks Serie und hat auf der Vorderseite eine goldene Plakette mit dem Text <em>Forever Mine<\/em> . Das Produkt ist in verschiedenen Ausf\u00fchrungen erh\u00e4ltlich, optional mit Beleuchtung. Das Tolle ist, dass, genau wie wir Menschen, jeder Fu\u00df durch unser handgefertigtes Herstellungsverfahren ein absolutes Unikat ist, auch wenn es aus der gleichen Serie stammt.<\/p>\n<p>&nbsp;<\/p>\n<h1>Laden <em>Sie Ihr eigenes<\/em> Bild hoch<\/h1>\n<h1>&#8211;<\/h1>\n<p>Laden Sie Ihr eigenes Bild hoch und lassen Sie es einen sch\u00f6nen Platz in Ihrem Zuhause haben. Sie k\u00f6nnen nat\u00fcrlich jedes beliebige Bild ausw\u00e4hlen, es muss kein Ultraschallbild sein. Z\u00f6gern Sie nicht, unsere <a href=\"https:\/\/forevigtmin.com\/vanliga-fragor\/\">h\u00e4ufig gestellten Fragen und Antworten<\/a> zu lesen, wenn Sie dar\u00fcber nachdenken, wie Sie Ihr eigenes Bild hochladen k\u00f6nnen. Sehen Sie sich ein <a href=\"https:\/\/forevigtmin.com\/wp-content\/uploads\/2021\/11\/exempel.jpg\" target=\"_blank\" rel=\"noopener noreferrer\">Beispielbild<\/a> an, wie eine gute Ultraschallfotografie aussieht.<\/p>\n<p>Gew\u00f6hnliche Bilder, Sie k\u00f6nnen nur das gew\u00fcnschte direkt aus Ihrer Bildbibliothek ausw\u00e4hlen. Denken Sie daran, dass es am besten zu Portr\u00e4tbildern passt.<\/p>\n","protected":false},"excerpt":{"rendered":"<p>Verewige das Beste, was du bekommen wirst,<br \/>\ndas feinste was du hast oder so<br \/>\ndas sch\u00f6nste was du je hattest, mit diesem<br \/>\nsch\u00f6ne Innenausstattung.<\/p>\n","protected":false},"featured_media":6224,"template":"","meta":{"_et_pb_use_builder":"","_et_pb_old_content":"","_et_gb_content_width":""},"product_brand":[],"product_cat":[135],"product_tag":[],"class_list":{"0":"post-3985","1":"product","2":"type-product","3":"status-publish","4":"has-post-thumbnail","6":"product_cat-fotografie","8":"first","9":"instock","10":"taxable","11":"shipping-taxable","12":"purchasable","13":"product-type-variable","14":"has-default-attributes"},"_links":{"self":[{"href":"https:\/\/forevigtmin.com\/de\/wp-json\/wp\/v2\/product\/3985","targetHints":{"allow":["GET"]}}],"collection":[{"href":"https:\/\/forevigtmin.com\/de\/wp-json\/wp\/v2\/product"}],"about":[{"href":"https:\/\/forevigtmin.com\/de\/wp-json\/wp\/v2\/types\/product"}],"wp:featuredmedia":[{"embeddable":true,"href":"https:\/\/forevigtmin.com\/de\/wp-json\/wp\/v2\/media\/6224"}],"wp:attachment":[{"href":"https:\/\/forevigtmin.com\/de\/wp-json\/wp\/v2\/media?parent=3985"}],"wp:term":[{"taxonomy":"product_brand","embeddable":true,"href":"https:\/\/forevigtmin.com\/de\/wp-json\/wp\/v2\/product_brand?post=3985"},{"taxonomy":"product_cat","embeddable":true,"href":"https:\/\/forevigtmin.com\/de\/wp-json\/wp\/v2\/product_cat?post=3985"},{"taxonomy":"product_tag","embeddable":true,"href":"https:\/\/forevigtmin.com\/de\/wp-json\/wp\/v2\/product_tag?post=3985"}],"curies":[{"name":"wp","href":"https:\/\/api.w.org\/{rel}","templated":true}]}}