{"id":4693,"date":"2021-11-23T20:03:27","date_gmt":"2021-12-09T15:04:11","guid":{"rendered":"https:\/\/forevigtmin.com\/product\/lebensstein\/"},"modified":"2021-12-11T00:33:08","modified_gmt":"2021-12-11T00:33:08","slug":"lebensstein","status":"publish","type":"product","link":"https:\/\/forevigtmin.com\/de\/produkt\/lebensstein\/","title":{"rendered":"Lebensstein"},"content":{"rendered":"<h1><i>Produktinformationen<\/i><\/h1>\n<h1>&#8211;<\/h1>\n<p>Das Produkt wird in unserer Produktion etwas au\u00dferhalb von Norrk\u00f6ping handgefertigt, hergestellt und entworfen. Die Fliese hat auf der Vorderseite eine goldene Plakette mit dem Text <em>Forever Mine<\/em> . Das Tolle daran ist, dass, genau wie wir Menschen, jedes geformte Produkt durch unser handgefertigtes Herstellungsverfahren ein absolutes Unikat ist, auch wenn es aus derselben Serie stammt.<\/p>\n<p>&nbsp;<\/p>\n<h1><i>So<\/i> finden Sie Nachrufe<\/h1>\n<h1>&#8211;<\/h1>\n<p>Die meisten Nachrufe k\u00f6nnen \u00fcber <a href=\"http:\/\/familjesidan.se\/\" target=\"_blank\" rel=\"noopener noreferrer\">familjesidan.se<\/a> korrekt durchsucht werden. Die Anzeigen, die nicht vorhanden sind, befinden sich wahrscheinlich unter <a href=\"http:\/\/minnessidor.fonus.se\/\" target=\"_blank\" rel=\"noopener noreferrer\">minnessidor.fonus.se<\/a> .<\/p>\n<p>1. Suchen Sie nach Ihrer gew\u00fcnschten Anzeige<br \/>\n2. Klicken Sie auf die Anzeige, damit sie sich in einem neuen Fenster \u00f6ffnet und speichern Sie das pdf<br \/>\n3. Laden Sie das PDF des Produkts hoch, das Sie kaufen m\u00f6chten<\/p>\n<p>&nbsp;<\/p>\n<h1>Ich kann <em>kein<\/em> PDF speichern<\/h1>\n<h1>&#8211;<\/h1>\n<p>Schreiben Sie Name, Ort und Datum in die Bestellnotizen und wir helfen Ihnen gerne bei der Beschaffung.<\/p>\n<p>&nbsp;<\/p>\n<h1>Ich kann meine Anzeige <em>nicht<\/em> finden<\/h1>\n<h1>&#8211;<\/h1>\n<p>Wenn es auf keiner dieser Seiten erscheint, k\u00f6nnen Sie entweder Ihre eigene Kerzenlaterne entwerfen oder sich an das zust\u00e4ndige Bestattungsunternehmen wenden, um zu sehen, ob Ihre Anzeige noch vorhanden ist.<\/p>\n<p>&nbsp;<\/p>\n<h1>Technische Beschreibung<\/h1>\n<h1>&#8211;<\/h1>\n<p>Die Ma\u00dfe der Kerzenlaterne sind 12 oder 15 cm hoch, 5 cm breit und 5 cm tief. Die Ma\u00dfe des Tabletts sind 2 cm hoch, 10 cm breit und 10 cm tief. Das von Ihnen hochgeladene Motiv wird mit einem exklusiven Verfahren (UV-Druck) aufgebracht, um die h\u00f6chstm\u00f6gliche Reproduktion zu erzielen.<\/p>\n<p>&nbsp;<\/p>\n<h1>Materialien &amp; Umwelt<\/h1>\n<h1>&#8211;<\/h1>\n<p>Was wir heute tun, wirkt sich auf zuk\u00fcnftige Generationen aus. Wir m\u00f6chten, dass alle unsere Kinder und ihre Kinder und alle anderen Kinder auf der ganzen Welt die M\u00f6glichkeit haben, eine sch\u00f6ne Welt zu erleben. Wir tun, was wir k\u00f6nnen, indem wir Materialien und Verfahren verwenden, um die Umwelt so wenig wie m\u00f6glich zu belasten.<\/p>\n","protected":false},"excerpt":{"rendered":"<p>Verewige das Beste, was du je hattest<br \/>\ndiese sch\u00f6ne Kerzenlaterne und besitzen<br \/>\nWerbung.<\/p>\n","protected":false},"featured_media":2242,"template":"","meta":{"_et_pb_use_builder":"","_et_pb_old_content":"","_et_gb_content_width":""},"product_brand":[],"product_cat":[183],"product_tag":[],"class_list":{"0":"post-4693","1":"product","2":"type-product","3":"status-publish","4":"has-post-thumbnail","6":"product_cat-speicherfehler","8":"first","9":"instock","10":"taxable","11":"shipping-taxable","12":"purchasable","13":"product-type-variable"},"_links":{"self":[{"href":"https:\/\/forevigtmin.com\/de\/wp-json\/wp\/v2\/product\/4693","targetHints":{"allow":["GET"]}}],"collection":[{"href":"https:\/\/forevigtmin.com\/de\/wp-json\/wp\/v2\/product"}],"about":[{"href":"https:\/\/forevigtmin.com\/de\/wp-json\/wp\/v2\/types\/product"}],"wp:featuredmedia":[{"embeddable":true,"href":"https:\/\/forevigtmin.com\/de\/wp-json\/wp\/v2\/media\/2242"}],"wp:attachment":[{"href":"https:\/\/forevigtmin.com\/de\/wp-json\/wp\/v2\/media?parent=4693"}],"wp:term":[{"taxonomy":"product_brand","embeddable":true,"href":"https:\/\/forevigtmin.com\/de\/wp-json\/wp\/v2\/product_brand?post=4693"},{"taxonomy":"product_cat","embeddable":true,"href":"https:\/\/forevigtmin.com\/de\/wp-json\/wp\/v2\/product_cat?post=4693"},{"taxonomy":"product_tag","embeddable":true,"href":"https:\/\/forevigtmin.com\/de\/wp-json\/wp\/v2\/product_tag?post=4693"}],"curies":[{"name":"wp","href":"https:\/\/api.w.org\/{rel}","templated":true}]}}