{"id":4737,"date":"2021-11-18T12:48:23","date_gmt":"2021-12-09T15:04:27","guid":{"rendered":"https:\/\/forevigtmin.com\/product\/holzbrett-x-fotografie\/"},"modified":"2021-12-11T00:32:56","modified_gmt":"2021-12-11T00:32:56","slug":"tratavla-x-fotografi","status":"publish","type":"product","link":"https:\/\/forevigtmin.com\/de\/produkt\/tratavla-x-fotografi\/","title":{"rendered":"Holzbrett x Fotografie"},"content":{"rendered":"<h1><i>Produktinformationen<\/i><\/h1>\n<h1>&#8211;<\/h1>\n<p>Ihr Motiv wird mit einem hochwertigen Verfahren (UV-Druck) auf 12 mm starkes skandinavisches Birkensperrholz aufgebracht. Das Motiv wird ohne das Wei\u00df gedruckt, das hei\u00dft das Wei\u00df im Motiv wird durch den Farbton der Holzplatte ersetzt. Da jedes Holzbrett seine einzigartige Holzstruktur hat, unterscheidet sich jedes Brett voneinander, auch wenn zwei exakt gleiche Bilder gedruckt werden.<br \/>\nDas Produkt ist in mehreren verschiedenen Gr\u00f6\u00dfen erh\u00e4ltlich.<\/p>\n<p>&nbsp;<\/p>\n<h1>Technische Beschreibung<\/h1>\n<h1>&#8211;<\/h1>\n<p>Das Produkt ist 12 mm dick und auf hochwertigem skandinavischem Birkensperrholz gedruckt. Das Produkt hat eine goldene Plakette, die auf der Vorderseite mit dem Text <em>f\u00fcr immer min<\/em> eingraviert ist. Jedes Board hat eine sch\u00f6ne versenkte Aufh\u00e4ngung f\u00fcr eine einfache Wandmontage.<\/p>\n<p>&nbsp;<\/p>\n<h1>Material &amp; mijl\u00f6<\/h1>\n<h1>&#8211;<\/h1>\n<p>Was wir heute tun, wirkt sich auf zuk\u00fcnftige Generationen aus. Wir m\u00f6chten, dass alle unsere Kinder und ihre Kinder und alle anderen Kinder auf der ganzen Welt die M\u00f6glichkeit haben, eine sch\u00f6ne Welt zu erleben. Wir tun, was wir k\u00f6nnen, indem wir Materialien und Verfahren verwenden, um die Umwelt so wenig wie m\u00f6glich zu belasten.<\/p>\n","protected":false},"excerpt":{"rendered":"<p>Verewige deine Fotos auf<br \/>\nhochwertig 12 mm dick<br \/>\nBirkensperrholz.<\/p>\n","protected":false},"featured_media":1513,"template":"","meta":{"_et_pb_use_builder":"","_et_pb_old_content":"","_et_gb_content_width":""},"product_brand":[],"product_cat":[135],"product_tag":[],"class_list":{"0":"post-4737","1":"product","2":"type-product","3":"status-publish","4":"has-post-thumbnail","6":"product_cat-fotografie","8":"first","9":"instock","10":"taxable","11":"shipping-taxable","12":"purchasable","13":"product-type-variable"},"_links":{"self":[{"href":"https:\/\/forevigtmin.com\/de\/wp-json\/wp\/v2\/product\/4737","targetHints":{"allow":["GET"]}}],"collection":[{"href":"https:\/\/forevigtmin.com\/de\/wp-json\/wp\/v2\/product"}],"about":[{"href":"https:\/\/forevigtmin.com\/de\/wp-json\/wp\/v2\/types\/product"}],"wp:featuredmedia":[{"embeddable":true,"href":"https:\/\/forevigtmin.com\/de\/wp-json\/wp\/v2\/media\/1513"}],"wp:attachment":[{"href":"https:\/\/forevigtmin.com\/de\/wp-json\/wp\/v2\/media?parent=4737"}],"wp:term":[{"taxonomy":"product_brand","embeddable":true,"href":"https:\/\/forevigtmin.com\/de\/wp-json\/wp\/v2\/product_brand?post=4737"},{"taxonomy":"product_cat","embeddable":true,"href":"https:\/\/forevigtmin.com\/de\/wp-json\/wp\/v2\/product_cat?post=4737"},{"taxonomy":"product_tag","embeddable":true,"href":"https:\/\/forevigtmin.com\/de\/wp-json\/wp\/v2\/product_tag?post=4737"}],"curies":[{"name":"wp","href":"https:\/\/api.w.org\/{rel}","templated":true}]}}