{"id":4782,"date":"2021-11-23T19:46:31","date_gmt":"2021-12-09T15:04:43","guid":{"rendered":"https:\/\/forevigtmin.com\/product\/nachtlampe-x-fotografie\/"},"modified":"2021-12-11T00:33:04","modified_gmt":"2021-12-11T00:33:04","slug":"nachtlampe-x-fotografie","status":"publish","type":"product","link":"https:\/\/forevigtmin.com\/de\/produkt\/nachtlampe-x-fotografie\/","title":{"rendered":"Nachtlampe x Fotografie"},"content":{"rendered":"<h1><i>Produktinformationen<\/i><\/h1>\n<h1>&#8211;<\/h1>\n<p>Das Produkt ist ein Nachtlicht f\u00fcr die Wandmontage. Die Decke hat ein einzigartiges Motiv, das Sie selbst bestimmen.<\/p>\n<p>&nbsp;<\/p>\n<h1>Laden <em>Sie Ihr eigenes<\/em> Bild hoch<\/h1>\n<h1>&#8211;<\/h1>\n<p>Laden Sie Ihr eigenes Bild hoch und lassen Sie es einen sch\u00f6nen Platz in Ihrem Zuhause haben. Z\u00f6gern Sie nicht, unsere <a href=\"https:\/\/forevigtmin.com\/fragor-och-svar\/\">h\u00e4ufig gestellten Fragen und Antworten<\/a> zu lesen, wenn Sie dar\u00fcber nachdenken, wie Sie Ihr eigenes Bild hochladen k\u00f6nnen. Sehen Sie sich ein <a href=\"https:\/\/forevigtmin.com\/wp-content\/uploads\/2021\/11\/exempel.jpg\" target=\"_blank\" rel=\"noopener noreferrer\">Beispielbild<\/a> an, wie eine gute Fotografie aussieht.<\/p>\n<p>Gew\u00f6hnliche Bilder, Sie k\u00f6nnen nur das gew\u00fcnschte direkt aus Ihrer Bildbibliothek ausw\u00e4hlen.<\/p>\n<p>&nbsp;<\/p>\n<h1>Technische Beschreibung<\/h1>\n<h1>&#8211;<\/h1>\n<p>Die Gesamtabmessungen des Produkts sind \u00d825 cm im Durchmesser und 7 cm tief. Das von Ihnen hochgeladene Motiv wird mit einem exklusiven Verfahren (UV-Druck) aufgebracht, um die h\u00f6chstm\u00f6gliche Reproduktion zu erzielen.<\/p>\n<p>Der Bildschirm ist geformt und aus umweltfreundlichem PETG-Material hergestellt. Lampe E27, separat erh\u00e4ltlich. Das Netzkabel ist ein wei\u00dfes geflochtenes Textilkabel.<\/p>\n<p>&nbsp;<\/p>\n<h1>Materialien &amp; Umwelt<\/h1>\n<h1>&#8211;<\/h1>\n<p>Was wir heute tun, wirkt sich auf zuk\u00fcnftige Generationen aus. Wir m\u00f6chten, dass alle unsere Kinder und ihre Kinder und alle anderen Kinder auf der ganzen Welt die M\u00f6glichkeit haben, eine sch\u00f6ne Welt zu erleben. Wir tun, was wir k\u00f6nnen, indem wir Materialien und Verfahren verwenden, um die Umwelt so wenig wie m\u00f6glich zu belasten.<\/p>\n","protected":false},"excerpt":{"rendered":"<p>Verewige das Sch\u00f6nste, was du bei dir hast<br \/>\nein sch\u00f6nes Nachtlicht.<\/p>\n","protected":false},"featured_media":2183,"template":"","meta":{"_et_pb_use_builder":"","_et_pb_old_content":"","_et_gb_content_width":""},"product_brand":[],"product_cat":[135],"product_tag":[],"class_list":{"0":"post-4782","1":"product","2":"type-product","3":"status-publish","4":"has-post-thumbnail","6":"product_cat-fotografie","8":"first","9":"instock","10":"taxable","11":"shipping-taxable","12":"purchasable","13":"product-type-variable","14":"has-default-attributes"},"_links":{"self":[{"href":"https:\/\/forevigtmin.com\/de\/wp-json\/wp\/v2\/product\/4782","targetHints":{"allow":["GET"]}}],"collection":[{"href":"https:\/\/forevigtmin.com\/de\/wp-json\/wp\/v2\/product"}],"about":[{"href":"https:\/\/forevigtmin.com\/de\/wp-json\/wp\/v2\/types\/product"}],"wp:featuredmedia":[{"embeddable":true,"href":"https:\/\/forevigtmin.com\/de\/wp-json\/wp\/v2\/media\/2183"}],"wp:attachment":[{"href":"https:\/\/forevigtmin.com\/de\/wp-json\/wp\/v2\/media?parent=4782"}],"wp:term":[{"taxonomy":"product_brand","embeddable":true,"href":"https:\/\/forevigtmin.com\/de\/wp-json\/wp\/v2\/product_brand?post=4782"},{"taxonomy":"product_cat","embeddable":true,"href":"https:\/\/forevigtmin.com\/de\/wp-json\/wp\/v2\/product_cat?post=4782"},{"taxonomy":"product_tag","embeddable":true,"href":"https:\/\/forevigtmin.com\/de\/wp-json\/wp\/v2\/product_tag?post=4782"}],"curies":[{"name":"wp","href":"https:\/\/api.w.org\/{rel}","templated":true}]}}