{"id":4786,"date":"2021-11-23T20:59:21","date_gmt":"2021-12-09T15:04:51","guid":{"rendered":"https:\/\/forevigtmin.com\/product\/lebenslampe\/"},"modified":"2021-12-11T00:33:06","modified_gmt":"2021-12-11T00:33:06","slug":"lebenslampe","status":"publish","type":"product","link":"https:\/\/forevigtmin.com\/de\/produkt\/lebenslampe\/","title":{"rendered":"Lebenslampe"},"content":{"rendered":"<h1><i>Produktinformationen<\/i><\/h1>\n<h1>&#8211;<\/h1>\n<p>Das Produkt wird in unserer Produktion au\u00dferhalb von Norrk\u00f6ping, Schweden, handgefertigt, hergestellt und entworfen. LifeLamp ist in 3 verschiedenen Gr\u00f6\u00dfen erh\u00e4ltlich; klein, mittel und gro\u00df. LifeLamp ist design- und formgesch\u00fctzt mit vollem Schutz in 27 L\u00e4ndern. Das Zertifikat wird vom Amt der Europ\u00e4ischen Union f\u00fcr geistiges Eigentum ausgestellt. <a href=\"https:\/\/forevigtmin.com\/wp-content\/uploads\/2021\/11\/lifelamp.pdf\" target=\"_blank\" rel=\"noopener\">Weitere Informationen zum Schutz finden Sie hier<\/a> (pdf).<\/p>\n<p>&nbsp;<\/p>\n<h1>Technische Beschreibung<\/h1>\n<h1 style=\"font-weight: normal !important; color: #555555;\">&#8211;<\/h1>\n<p>Der Fu\u00df ist aus massivem Stahl mit wei\u00df pulverbeschichteter Oberfl\u00e4che in mattem Finish und hat eine gefr\u00e4ste goldene Plakette mit eingegossenem Text <em style=\"font-weight: normal !important; font-style: normal !important;\">f\u00fcr immer<\/em> . Der Bildschirm ist geformt und aus umweltfreundlichem PETG-Material hergestellt. Die mitgelieferte Lampe hat eine Leistung von 1,5 Watt, E14. Das Netzkabel ist ein wei\u00dfes geflochtenes Textilkabel.<\/p>\n<p>&nbsp;<\/p>\n<h1>Materialien &amp; Umwelt<\/h1>\n<h1 style=\"font-weight: normal !important; color: #555555;\">&#8211;<\/h1>\n<p style=\"color: #4b4b4b;\">Was wir heute tun, wirkt sich auf zuk\u00fcnftige Generationen aus. Wir m\u00f6chten, dass alle unsere Kinder und ihre Kinder und alle anderen Kinder auf der ganzen Welt die M\u00f6glichkeit haben, eine sch\u00f6ne Welt zu erleben. Wir tun, was wir k\u00f6nnen, indem wir Materialien und Verfahren verwenden, um die Umwelt so wenig wie m\u00f6glich zu belasten.<\/p>\n","protected":false},"excerpt":{"rendered":"<p>Sag hallo zur Weltneuheit<br \/>\n<em>Leben<\/em> Lampe. Gepr\u00e4gt vom Leben, f\u00fcr<br \/>\nLeben, mit dem Leben, im Leben.<\/p>\n","protected":false},"featured_media":2391,"template":"","meta":{"_et_pb_use_builder":"","_et_pb_old_content":"","_et_gb_content_width":""},"product_brand":[],"product_cat":[105],"product_tag":[],"class_list":{"0":"post-4786","1":"product","2":"type-product","3":"status-publish","4":"has-post-thumbnail","6":"product_cat-sonstiges","8":"first","9":"instock","10":"taxable","11":"shipping-taxable","12":"purchasable","13":"product-type-variable"},"_links":{"self":[{"href":"https:\/\/forevigtmin.com\/de\/wp-json\/wp\/v2\/product\/4786","targetHints":{"allow":["GET"]}}],"collection":[{"href":"https:\/\/forevigtmin.com\/de\/wp-json\/wp\/v2\/product"}],"about":[{"href":"https:\/\/forevigtmin.com\/de\/wp-json\/wp\/v2\/types\/product"}],"wp:featuredmedia":[{"embeddable":true,"href":"https:\/\/forevigtmin.com\/de\/wp-json\/wp\/v2\/media\/2391"}],"wp:attachment":[{"href":"https:\/\/forevigtmin.com\/de\/wp-json\/wp\/v2\/media?parent=4786"}],"wp:term":[{"taxonomy":"product_brand","embeddable":true,"href":"https:\/\/forevigtmin.com\/de\/wp-json\/wp\/v2\/product_brand?post=4786"},{"taxonomy":"product_cat","embeddable":true,"href":"https:\/\/forevigtmin.com\/de\/wp-json\/wp\/v2\/product_cat?post=4786"},{"taxonomy":"product_tag","embeddable":true,"href":"https:\/\/forevigtmin.com\/de\/wp-json\/wp\/v2\/product_tag?post=4786"}],"curies":[{"name":"wp","href":"https:\/\/api.w.org\/{rel}","templated":true}]}}