{"id":4792,"date":"2021-11-23T19:53:24","date_gmt":"2021-12-09T15:07:43","guid":{"rendered":"https:\/\/forevigtmin.com\/product\/licht-x-fotografie\/"},"modified":"2021-12-11T00:32:59","modified_gmt":"2021-12-11T00:32:59","slug":"light-x-fotografie","status":"publish","type":"product","link":"https:\/\/forevigtmin.com\/de\/produkt\/light-x-fotografie\/","title":{"rendered":"Licht x Fotografie"},"content":{"rendered":"<h1><i>Produktinformationen<\/i><\/h1>\n<h1>&#8211;<\/h1>\n<p>Dieses Produkt ist eine einfachere Variante unseres LifeSign mit Acrylf\u00fc\u00dfen befestigt. Dieses Produkt passt auch in unsere LifeSign Steine. Mit unserer Technologie k\u00f6nnen wir garantieren, dass das Foto in 30 Jahren nicht verblasst oder vergilbt.<\/p>\n<p>&nbsp;<\/p>\n<h1>Laden <em>Sie Ihr eigenes<\/em> Bild hoch<\/h1>\n<h1>&#8211;<\/h1>\n<p>Laden Sie Ihr eigenes Bild hoch und lassen Sie es einen sch\u00f6nen Platz in Ihrem Zuhause haben. Z\u00f6gern Sie nicht, unsere <a href=\"https:\/\/forevigtmin.com\/fragor-och-svar\/\">h\u00e4ufig gestellten Fragen und Antworten<\/a> zu lesen, wenn Sie dar\u00fcber nachdenken, wie Sie Ihr eigenes Bild hochladen k\u00f6nnen. Sehen Sie sich ein <a href=\"https:\/\/forevigtmin.com\/wp-content\/uploads\/2021\/11\/exempel.jpg\" target=\"_blank\" rel=\"noopener noreferrer\">Beispielbild<\/a> an, wie eine gute Ultraschallfotografie aussieht.<\/p>\n<p>&nbsp;<\/p>\n<h1>Technische Beschreibung<\/h1>\n<h1>&#8211;<\/h1>\n<p>Das Produkt ist 15 cm breit, 20 cm hoch und 5 mm dick mit lasergeschnittenen, polierten Kanten. Das von Ihnen hochgeladene Motiv wird mit einem exklusiven Verfahren (UV-Druck) aufgebracht, um die h\u00f6chstm\u00f6gliche Reproduktion zu erzielen. Die Scheibe ist 5 mm dick.<\/p>\n<p>&nbsp;<\/p>\n<h1>Materialien &amp; Umwelt<\/h1>\n<h1>&#8211;<\/h1>\n<p>Was wir heute tun, wirkt sich auf zuk\u00fcnftige Generationen aus. Wir m\u00f6chten, dass alle unsere Kinder und ihre Kinder und alle anderen Kinder auf der ganzen Welt die M\u00f6glichkeit haben, eine sch\u00f6ne Welt zu erleben. Wir tun, was wir k\u00f6nnen, indem wir Materialien und Verfahren verwenden, um die Umwelt so wenig wie m\u00f6glich zu belasten.<\/p>\n","protected":false},"excerpt":{"rendered":"<p>Dieses Produkt ist einfacher<br \/>\nVariante unseres LifeSign fixiert mit<br \/>\nF\u00fc\u00dfe aus Acryl.<\/p>\n","protected":false},"featured_media":6228,"template":"","meta":{"_et_pb_use_builder":"","_et_pb_old_content":"","_et_gb_content_width":""},"product_brand":[],"product_cat":[135],"product_tag":[],"class_list":{"0":"post-4792","1":"product","2":"type-product","3":"status-publish","4":"has-post-thumbnail","6":"product_cat-fotografie","8":"first","9":"instock","10":"taxable","11":"shipping-taxable","12":"purchasable","13":"product-type-variable"},"_links":{"self":[{"href":"https:\/\/forevigtmin.com\/de\/wp-json\/wp\/v2\/product\/4792","targetHints":{"allow":["GET"]}}],"collection":[{"href":"https:\/\/forevigtmin.com\/de\/wp-json\/wp\/v2\/product"}],"about":[{"href":"https:\/\/forevigtmin.com\/de\/wp-json\/wp\/v2\/types\/product"}],"wp:featuredmedia":[{"embeddable":true,"href":"https:\/\/forevigtmin.com\/de\/wp-json\/wp\/v2\/media\/6228"}],"wp:attachment":[{"href":"https:\/\/forevigtmin.com\/de\/wp-json\/wp\/v2\/media?parent=4792"}],"wp:term":[{"taxonomy":"product_brand","embeddable":true,"href":"https:\/\/forevigtmin.com\/de\/wp-json\/wp\/v2\/product_brand?post=4792"},{"taxonomy":"product_cat","embeddable":true,"href":"https:\/\/forevigtmin.com\/de\/wp-json\/wp\/v2\/product_cat?post=4792"},{"taxonomy":"product_tag","embeddable":true,"href":"https:\/\/forevigtmin.com\/de\/wp-json\/wp\/v2\/product_tag?post=4792"}],"curies":[{"name":"wp","href":"https:\/\/api.w.org\/{rel}","templated":true}]}}